{"id":9325,"date":"2024-03-19T10:03:18","date_gmt":"2024-03-19T09:03:18","guid":{"rendered":"https:\/\/www.sanjosecarmelitas.com\/?page_id=9325"},"modified":"2024-03-19T10:03:45","modified_gmt":"2024-03-19T09:03:45","slug":"bachillerato-internacional-dual","status":"publish","type":"page","link":"https:\/\/www.sanjosecarmelitas.com\/index.php\/oferta-educativa\/bachiller\/bachillerato-internacional-dual\/","title":{"rendered":"BACHILLERATO INTERNACIONAL DUAL"},"content":{"rendered":"\t\t<div data-elementor-type=\"wp-page\" data-elementor-id=\"9325\" class=\"elementor elementor-9325\" data-elementor-post-type=\"page\">\n\t\t\t\t\t\t<section class=\"elementor-section elementor-top-section elementor-element elementor-element-472c922 elementor-section-boxed elementor-section-height-default elementor-section-height-default\" data-id=\"472c922\" data-element_type=\"section\">\n\t\t\t\t\t\t<div class=\"elementor-container elementor-column-gap-default\">\n\t\t\t\t\t<div class=\"elementor-column elementor-col-100 elementor-top-column elementor-element elementor-element-e783607\" data-id=\"e783607\" data-element_type=\"column\">\n\t\t\t<div class=\"elementor-widget-wrap elementor-element-populated\">\n\t\t\t\t\t\t<div class=\"elementor-element elementor-element-6818cad elementor-widget elementor-widget-text-editor\" data-id=\"6818cad\" data-element_type=\"widget\" data-widget_type=\"text-editor.default\">\n\t\t\t\t<div class=\"elementor-widget-container\">\n\t\t\t\t\t\t\t\t\t<h2>BACHILLERATO DUAL INTERNACIONAL<\/h2>\t\t\t\t\t\t\t\t<\/div>\n\t\t\t\t<\/div>\n\t\t\t\t\t<\/div>\n\t\t<\/div>\n\t\t\t\t\t<\/div>\n\t\t<\/section>\n\t\t\t\t<section class=\"elementor-section elementor-top-section elementor-element elementor-element-eede4f8 elementor-section-boxed elementor-section-height-default elementor-section-height-default\" data-id=\"eede4f8\" data-element_type=\"section\">\n\t\t\t\t\t\t<div class=\"elementor-container elementor-column-gap-default\">\n\t\t\t\t\t<div class=\"elementor-column elementor-col-50 elementor-top-column elementor-element elementor-element-9879e67\" data-id=\"9879e67\" data-element_type=\"column\">\n\t\t\t<div class=\"elementor-widget-wrap elementor-element-populated\">\n\t\t\t\t\t\t<div class=\"elementor-element elementor-element-770249a elementor-widget elementor-widget-text-editor\" data-id=\"770249a\" data-element_type=\"widget\" data-widget_type=\"text-editor.default\">\n\t\t\t\t<div class=\"elementor-widget-container\">\n\t\t\t\t\t\t\t\t\t<h3 style=\"font-size: 1.85714rem; font-style: normal; text-align: justify;\"><span style=\"font-size: 14px; font-style: inherit; font-weight: inherit; color: var( --e-global-color-text ); font-family: var( --e-global-typography-text-font-family ), Sans-serif; background-color: var(--ast-global-color-5);\">En el Colegio San Jos\u00e9 Carmelitas Ikastetxea de Santurtzi, estamos comprometidos con ofrecer a nuestros estudiantes una educaci\u00f3n de excelencia que abarque no solo el \u00e1mbito acad\u00e9mico, sino tambi\u00e9n el desarrollo personal y las habilidades necesarias para sobresalir en un mundo en constante cambio. Es por ello que nuestro programa de Bachillerato Dual va m\u00e1s all\u00e1 de la ense\u00f1anza tradicional, ofreciendo una inmersi\u00f3n integral que abarca aspectos ling\u00fc\u00edsticos, tecnol\u00f3gicos y personales.<\/span><\/h3>\t\t\t\t\t\t\t\t<\/div>\n\t\t\t\t<\/div>\n\t\t\t\t\t<\/div>\n\t\t<\/div>\n\t\t\t\t<div class=\"elementor-column elementor-col-50 elementor-top-column elementor-element elementor-element-3b709c2\" data-id=\"3b709c2\" data-element_type=\"column\">\n\t\t\t<div class=\"elementor-widget-wrap elementor-element-populated\">\n\t\t\t\t\t\t<div class=\"elementor-element elementor-element-81c655a elementor-widget elementor-widget-image\" data-id=\"81c655a\" data-element_type=\"widget\" data-widget_type=\"image.default\">\n\t\t\t\t<div class=\"elementor-widget-container\">\n\t\t\t\t\t\t\t\t\t\t\t\t\t\t\t<img fetchpriority=\"high\" decoding=\"async\" width=\"300\" height=\"300\" src=\"https:\/\/www.sanjosecarmelitas.com\/wp-content\/uploads\/2024\/03\/2-1-300x300.png\" class=\"attachment-medium size-medium wp-image-9330\" alt=\"\" srcset=\"https:\/\/www.sanjosecarmelitas.com\/wp-content\/uploads\/2024\/03\/2-1-300x300.png 300w, https:\/\/www.sanjosecarmelitas.com\/wp-content\/uploads\/2024\/03\/2-1-1024x1024.png 1024w, https:\/\/www.sanjosecarmelitas.com\/wp-content\/uploads\/2024\/03\/2-1-150x150.png 150w, https:\/\/www.sanjosecarmelitas.com\/wp-content\/uploads\/2024\/03\/2-1-768x768.png 768w, https:\/\/www.sanjosecarmelitas.com\/wp-content\/uploads\/2024\/03\/2-1.png 1080w\" sizes=\"(max-width: 300px) 100vw, 300px\" \/>\t\t\t\t\t\t\t\t\t\t\t\t\t\t\t<\/div>\n\t\t\t\t<\/div>\n\t\t\t\t\t<\/div>\n\t\t<\/div>\n\t\t\t\t\t<\/div>\n\t\t<\/section>\n\t\t\t\t<section class=\"elementor-section elementor-top-section elementor-element elementor-element-9019983 elementor-section-boxed elementor-section-height-default elementor-section-height-default\" data-id=\"9019983\" data-element_type=\"section\">\n\t\t\t\t\t\t<div class=\"elementor-container elementor-column-gap-default\">\n\t\t\t\t\t<div class=\"elementor-column elementor-col-100 elementor-top-column elementor-element elementor-element-c57c1ea\" data-id=\"c57c1ea\" data-element_type=\"column\">\n\t\t\t<div class=\"elementor-widget-wrap elementor-element-populated\">\n\t\t\t\t\t\t<div class=\"elementor-element elementor-element-495fdb9 elementor-widget elementor-widget-text-editor\" data-id=\"495fdb9\" data-element_type=\"widget\" data-widget_type=\"text-editor.default\">\n\t\t\t\t<div class=\"elementor-widget-container\">\n\t\t\t\t\t\t\t\t\t<p>\u00a0<\/p><h3 style=\"font-size: 1.85714rem; font-style: normal;\"><span style=\"color: var(--ast-global-color-2); font-size: 1.85714rem; font-style: inherit; background-color: var(--ast-global-color-5);\">Objetivos del Bachillerato Dual en San Jos\u00e9 Carmelitas Ikastetxea<\/span><\/h3><ol style=\"font-size: 14px; font-style: normal; font-weight: 400;\"><li style=\"font-size: 14px;\"><p style=\"font-size: 14px;\"><span style=\"font-weight: bold;\">Inmersi\u00f3n Ling\u00fc\u00edstica:<\/span>\u00a0En nuestro Bachillerato Dual, la inmersi\u00f3n ling\u00fc\u00edstica es un pilar fundamental. Desde el primer momento, todas las asignaturas y las interacciones con los profesores se llevan a cabo en ingl\u00e9s, lo que permite a los estudiantes adquirir un nivel biling\u00fce avanzado. Esta exposici\u00f3n constante al idioma no solo mejora sus habilidades ling\u00fc\u00edsticas, sino que tambi\u00e9n les brinda la confianza necesaria para comunicarse efectivamente en entornos internacionales.<\/p><\/li><li style=\"font-size: 14px;\"><p style=\"font-size: 14px;\"><span style=\"font-weight: bold;\">Inmersi\u00f3n Tecnol\u00f3gica:<\/span>\u00a0La era digital en la que vivimos exige que los estudiantes dominen las tecnolog\u00edas m\u00e1s avanzadas. En nuestro Bachillerato Dual, nos comprometemos a proporcionar a los alumnos un dominio en el manejo de herramientas tecnol\u00f3gicas de aprendizaje digital. Desde el uso de plataformas educativas hasta la implementaci\u00f3n de herramientas de colaboraci\u00f3n en l\u00ednea, nuestros estudiantes est\u00e1n preparados para enfrentar los desaf\u00edos del mundo digital de manera efectiva y eficiente.<\/p><\/li><li style=\"font-size: 14px;\"><p style=\"font-size: 14px;\"><span style=\"font-weight: bold;\">Inmersi\u00f3n Personal:<\/span>\u00a0M\u00e1s all\u00e1 del conocimiento acad\u00e9mico, nuestro Bachillerato Dual se enfoca en el desarrollo personal de los estudiantes. A trav\u00e9s de un ambiente de aprendizaje que fomenta la responsabilidad y la madurez, los alumnos adquieren habilidades clave como la gesti\u00f3n del tiempo, la adaptabilidad y la flexibilidad para trabajar en entornos diversos y multiculturales. Esta inmersi\u00f3n personal prepara a nuestros estudiantes para enfrentar los desaf\u00edos de la vida con confianza y determinaci\u00f3n.<\/p><\/li><\/ol>\t\t\t\t\t\t\t\t<\/div>\n\t\t\t\t<\/div>\n\t\t\t\t\t<\/div>\n\t\t<\/div>\n\t\t\t\t\t<\/div>\n\t\t<\/section>\n\t\t\t\t<section class=\"elementor-section elementor-top-section elementor-element elementor-element-be5964d elementor-section-boxed elementor-section-height-default elementor-section-height-default\" data-id=\"be5964d\" data-element_type=\"section\">\n\t\t\t\t\t\t<div class=\"elementor-container elementor-column-gap-default\">\n\t\t\t\t\t<div class=\"elementor-column elementor-col-100 elementor-top-column elementor-element elementor-element-33566d2\" data-id=\"33566d2\" data-element_type=\"column\">\n\t\t\t<div class=\"elementor-widget-wrap elementor-element-populated\">\n\t\t\t\t\t\t<div class=\"elementor-element elementor-element-1fc2e1c elementor-widget elementor-widget-image\" data-id=\"1fc2e1c\" data-element_type=\"widget\" data-widget_type=\"image.default\">\n\t\t\t\t<div class=\"elementor-widget-container\">\n\t\t\t\t\t\t\t\t\t\t\t\t\t\t\t<img decoding=\"async\" src=\"https:\/\/www.sanjosecarmelitas.com\/wp-content\/uploads\/elementor\/thumbs\/academica-idiomas-qlfn5kvs724uxve7j672hqnir8yfdedl672324clnk.jpg\" title=\"acad\u00e9mica idiomas\" alt=\"acad\u00e9mica idiomas\" loading=\"lazy\" \/>\t\t\t\t\t\t\t\t\t\t\t\t\t\t\t<\/div>\n\t\t\t\t<\/div>\n\t\t\t\t\t<\/div>\n\t\t<\/div>\n\t\t\t\t\t<\/div>\n\t\t<\/section>\n\t\t\t\t<section class=\"elementor-section elementor-top-section elementor-element elementor-element-51b3b67 elementor-section-boxed elementor-section-height-default elementor-section-height-default\" data-id=\"51b3b67\" data-element_type=\"section\">\n\t\t\t\t\t\t<div class=\"elementor-container elementor-column-gap-default\">\n\t\t\t\t\t<div class=\"elementor-column elementor-col-100 elementor-top-column elementor-element elementor-element-1e5ed34\" data-id=\"1e5ed34\" data-element_type=\"column\">\n\t\t\t<div class=\"elementor-widget-wrap elementor-element-populated\">\n\t\t\t\t\t\t<div class=\"elementor-element elementor-element-9d30269 elementor-widget__width-initial elementor-widget elementor-widget-text-editor\" data-id=\"9d30269\" data-element_type=\"widget\" data-widget_type=\"text-editor.default\">\n\t\t\t\t<div class=\"elementor-widget-container\">\n\t\t\t\t\t\t\t\t\t<div class=\"flex-1 overflow-hidden\"><div class=\"react-scroll-to-bottom--css-fdcnd-79elbk h-full\"><div class=\"react-scroll-to-bottom--css-fdcnd-1n7m0yu\"><div class=\"flex flex-col text-sm pb-9\"><div class=\"w-full text-token-text-primary\" data-testid=\"conversation-turn-7\"><div class=\"px-4 py-2 justify-center text-base md:gap-6 m-auto\"><div class=\"flex flex-1 text-base mx-auto gap-3 md:px-5 lg:px-1 xl:px-5 md:max-w-3xl lg:max-w-[40rem] xl:max-w-[48rem] group final-completion\"><div class=\"relative flex w-full flex-col agent-turn\"><div class=\"flex-col gap-1 md:gap-3\"><div class=\"flex flex-grow flex-col max-w-full\"><div class=\"min-h-[20px] text-message flex flex-col items-start gap-3 whitespace-pre-wrap break-words [.text-message+&amp;]:mt-5 overflow-x-auto\" data-message-author-role=\"assistant\" data-message-id=\"0252ae53-a463-48cb-bcb3-0c0182fbc77e\"><div class=\"markdown prose w-full break-words dark:prose-invert light\"><div>\u00a0<\/div><h3>El Rol de Academica-International Studies<\/h3><p>Para ofrecer un Bachillerato Dual de excelencia, colaboramos estrechamente con Academica-International Studies, una empresa l\u00edder en la prestaci\u00f3n de servicios educativos internacionales. Academica-International Studies se destaca por su compromiso con la calidad educativa y su experiencia en el desarrollo e implementaci\u00f3n de programas de Bachillerato Dual en todo el mundo.<\/p><h3>Acerca de Academica-International Studies<\/h3><p>Academica-International Studies es una divisi\u00f3n de Academica Corporation, una de las organizaciones educativas m\u00e1s grandes y respetadas de los Estados Unidos. Con una s\u00f3lida trayectoria en la gesti\u00f3n de escuelas, Academica Corporation ha expandido su alcance a nivel internacional a trav\u00e9s de Academica-International Studies, brindando programas educativos de alta calidad en colaboraci\u00f3n con instituciones educativas de renombre en todo el mundo.<\/p><p>Con un enfoque en la innovaci\u00f3n educativa, la excelencia acad\u00e9mica y el desarrollo del potencial de cada estudiante, Academica-International Studies se ha convertido en nuestro para San Jos\u00e9 Carmelitas Ikastetxea en la implementaci\u00f3n exitosa de nuestro Bachillerato Dual.<\/p><p>En San Jos\u00e9 Carmelitas Ikastetxea, estamos comprometidos a brindar a nuestros estudiantes una experiencia educativa que va m\u00e1s all\u00e1 de las aulas, prepar\u00e1ndolos para ser ciudadanos del mundo y personas valiosas para el\u00a0 futuro. Con nuestro Bachillerato Dual, ofrecemos una inmersi\u00f3n integral que impulsa el \u00e9xito acad\u00e9mico, personal y profesional de cada uno de nuestros alumnos.\u00a0<\/p><\/div><\/div><\/div><\/div><\/div><\/div><\/div><\/div><\/div><\/div><\/div><\/div>\t\t\t\t\t\t\t\t<\/div>\n\t\t\t\t<\/div>\n\t\t\t\t\t<\/div>\n\t\t<\/div>\n\t\t\t\t\t<\/div>\n\t\t<\/section>\n\t\t\t\t<section class=\"elementor-section elementor-top-section elementor-element elementor-element-add89be elementor-section-boxed elementor-section-height-default elementor-section-height-default\" data-id=\"add89be\" data-element_type=\"section\">\n\t\t\t\t\t\t<div class=\"elementor-container elementor-column-gap-default\">\n\t\t\t\t\t<div class=\"elementor-column elementor-col-100 elementor-top-column elementor-element elementor-element-8145108\" data-id=\"8145108\" data-element_type=\"column\">\n\t\t\t<div class=\"elementor-widget-wrap elementor-element-populated\">\n\t\t\t\t\t\t<div class=\"elementor-element elementor-element-6a04e86 elementor-widget elementor-widget-text-editor\" data-id=\"6a04e86\" data-element_type=\"widget\" data-widget_type=\"text-editor.default\">\n\t\t\t\t<div class=\"elementor-widget-container\">\n\t\t\t\t\t\t\t\t\t<h3 class=\"font-goudy-italic\"><span class=\"font-open-sans\">\u00bfC\u00d3MO FUNCIONA<\/span><\/h3><h3 class=\"font-goudy-italic\">Programa<\/h3><div>El Diploma Dual\u00ae se puede iniciar en 2\u00ba ESO, 3\u00ba ESO, 4\u00ba ESO o 1\u00ba Bachillerato. La ventaja de empezar antes es que solamente tendr\u00e1s 1 \u00f3 2 asignaturas por curso.<\/div><div style=\"box-sizing: border-box; margin: 0px; padding: 0px; border: 0px; outline: 0px;\">Los alumnos reciben la misma titulaci\u00f3n que los estudiantes estadounidenses al finalizar el High School, reconocida en todos los estados y en todas las universidades del mundo.<\/div><div>\u00a0<\/div><h3 class=\"font-goudy-italic\">Ma\u0301xima convalidacio\u0301n de asignaturas<\/h3><p class=\"mb-30\">Los alumnos del Diploma Dual\u00ae solamente tienen que cursar\u00a0<strong>6 asignaturas<\/strong>\u00a0para obtener la titulacio\u0301n americana. Los convenios internacionales alcanzados por Academica y la excelencia educativa del programa permiten obtener la ma\u0301xima convalidacio\u0301n posible:<strong>\u00a075% de los 24 cre\u0301ditos<\/strong>\u00a0necesarios para obtener el American High School Diploma.<\/p><p class=\"mb-30\">De esas 6 asignaturas, 4 son del curricular obligatorio y 2 del electivo, lo que permite a los alumnos cursar<strong>\u00a0asignaturas de gran intere\u0301s<\/strong>\u00a0que no esta\u0301n en el curri\u0301culo europeo y ofrecen un plus de motivaci\u00f3n al estudiante.<\/p>\t\t\t\t\t\t\t\t<\/div>\n\t\t\t\t<\/div>\n\t\t\t\t\t<\/div>\n\t\t<\/div>\n\t\t\t\t\t<\/div>\n\t\t<\/section>\n\t\t\t\t<section class=\"elementor-section elementor-top-section elementor-element elementor-element-17c7d61 elementor-section-boxed elementor-section-height-default elementor-section-height-default\" data-id=\"17c7d61\" data-element_type=\"section\">\n\t\t\t\t\t\t<div class=\"elementor-container elementor-column-gap-default\">\n\t\t\t\t\t<div class=\"elementor-column elementor-col-50 elementor-top-column elementor-element elementor-element-823e8ff\" data-id=\"823e8ff\" data-element_type=\"column\">\n\t\t\t<div class=\"elementor-widget-wrap elementor-element-populated\">\n\t\t\t\t\t\t<div class=\"elementor-element elementor-element-ce52e57 elementor-widget elementor-widget-text-editor\" data-id=\"ce52e57\" data-element_type=\"widget\" data-widget_type=\"text-editor.default\">\n\t\t\t\t<div class=\"elementor-widget-container\">\n\t\t\t\t\t\t\t\t\t<p><a href=\"https:\/\/www.academica.school\/#diplomadual-link\">Pincha aqu\u00ed para conocer m\u00e1s sobre el Bachillerato Internacional Dual de la mano de Academica International Studies.<\/a><\/p>\t\t\t\t\t\t\t\t<\/div>\n\t\t\t\t<\/div>\n\t\t\t\t\t<\/div>\n\t\t<\/div>\n\t\t\t\t<div class=\"elementor-column elementor-col-50 elementor-top-column elementor-element elementor-element-9c2cd26\" data-id=\"9c2cd26\" data-element_type=\"column\">\n\t\t\t<div class=\"elementor-widget-wrap elementor-element-populated\">\n\t\t\t\t\t\t<div class=\"elementor-element elementor-element-0713fcc elementor-widget elementor-widget-image\" data-id=\"0713fcc\" data-element_type=\"widget\" data-widget_type=\"image.default\">\n\t\t\t\t<div class=\"elementor-widget-container\">\n\t\t\t\t\t\t\t\t\t\t\t\t\t\t\t\t<a href=\"https:\/\/www.academica.school\/#diplomadual-link\">\n\t\t\t\t\t\t\t<img decoding=\"async\" width=\"320\" height=\"125\" src=\"https:\/\/www.sanjosecarmelitas.com\/wp-content\/uploads\/2024\/03\/academica-international-logo.png\" class=\"attachment-large size-large wp-image-9332\" alt=\"\" srcset=\"https:\/\/www.sanjosecarmelitas.com\/wp-content\/uploads\/2024\/03\/academica-international-logo.png 320w, https:\/\/www.sanjosecarmelitas.com\/wp-content\/uploads\/2024\/03\/academica-international-logo-300x117.png 300w\" sizes=\"(max-width: 320px) 100vw, 320px\" \/>\t\t\t\t\t\t\t\t<\/a>\n\t\t\t\t\t\t\t\t\t\t\t\t\t\t\t<\/div>\n\t\t\t\t<\/div>\n\t\t\t\t\t<\/div>\n\t\t<\/div>\n\t\t\t\t\t<\/div>\n\t\t<\/section>\n\t\t\t\t<\/div>\n\t\t","protected":false},"excerpt":{"rendered":"<p>BACHILLERATO DUAL INTERNACIONAL En el Colegio San Jos\u00e9 Carmelitas Ikastetxea de Santurtzi, estamos comprometidos con ofrecer a nuestros estudiantes una educaci\u00f3n de excelencia que abarque no solo el \u00e1mbito acad\u00e9mico, sino tambi\u00e9n el desarrollo personal y las habilidades necesarias para sobresalir en un mundo en constante cambio. Es por ello que nuestro programa de Bachillerato [&hellip;]<\/p>\n","protected":false},"author":2,"featured_media":0,"parent":170,"menu_order":0,"comment_status":"closed","ping_status":"closed","template":"","meta":{"site-sidebar-layout":"no-sidebar","site-content-layout":"page-builder","ast-site-content-layout":"full-width-container","site-content-style":"default","site-sidebar-style":"default","ast-global-header-display":"","ast-banner-title-visibility":"","ast-main-header-display":"","ast-hfb-above-header-display":"","ast-hfb-below-header-display":"","ast-hfb-mobile-header-display":"","site-post-title":"disabled","ast-breadcrumbs-content":"","ast-featured-img":"disabled","footer-sml-layout":"","ast-disable-related-posts":"","theme-transparent-header-meta":"","adv-header-id-meta":"","stick-header-meta":"","header-above-stick-meta":"","header-main-stick-meta":"","header-below-stick-meta":"","astra-migrate-meta-layouts":"set","ast-page-background-enabled":"default","ast-page-background-meta":{"desktop":{"background-color":"var(--ast-global-color-4)","background-image":"","background-repeat":"repeat","background-position":"center center","background-size":"auto","background-attachment":"scroll","background-type":"","background-media":"","overlay-type":"","overlay-color":"","overlay-opacity":"","overlay-gradient":""},"tablet":{"background-color":"","background-image":"","background-repeat":"repeat","background-position":"center center","background-size":"auto","background-attachment":"scroll","background-type":"","background-media":"","overlay-type":"","overlay-color":"","overlay-opacity":"","overlay-gradient":""},"mobile":{"background-color":"","background-image":"","background-repeat":"repeat","background-position":"center center","background-size":"auto","background-attachment":"scroll","background-type":"","background-media":"","overlay-type":"","overlay-color":"","overlay-opacity":"","overlay-gradient":""}},"ast-content-background-meta":{"desktop":{"background-color":"var(--ast-global-color-5)","background-image":"","background-repeat":"repeat","background-position":"center center","background-size":"auto","background-attachment":"scroll","background-type":"","background-media":"","overlay-type":"","overlay-color":"","overlay-opacity":"","overlay-gradient":""},"tablet":{"background-color":"var(--ast-global-color-5)","background-image":"","background-repeat":"repeat","background-position":"center center","background-size":"auto","background-attachment":"scroll","background-type":"","background-media":"","overlay-type":"","overlay-color":"","overlay-opacity":"","overlay-gradient":""},"mobile":{"background-color":"var(--ast-global-color-5)","background-image":"","background-repeat":"repeat","background-position":"center center","background-size":"auto","background-attachment":"scroll","background-type":"","background-media":"","overlay-type":"","overlay-color":"","overlay-opacity":"","overlay-gradient":""}},"footnotes":""},"class_list":["post-9325","page","type-page","status-publish","hentry"],"_links":{"self":[{"href":"https:\/\/www.sanjosecarmelitas.com\/index.php\/wp-json\/wp\/v2\/pages\/9325","targetHints":{"allow":["GET"]}}],"collection":[{"href":"https:\/\/www.sanjosecarmelitas.com\/index.php\/wp-json\/wp\/v2\/pages"}],"about":[{"href":"https:\/\/www.sanjosecarmelitas.com\/index.php\/wp-json\/wp\/v2\/types\/page"}],"author":[{"embeddable":true,"href":"https:\/\/www.sanjosecarmelitas.com\/index.php\/wp-json\/wp\/v2\/users\/2"}],"replies":[{"embeddable":true,"href":"https:\/\/www.sanjosecarmelitas.com\/index.php\/wp-json\/wp\/v2\/comments?post=9325"}],"version-history":[{"count":5,"href":"https:\/\/www.sanjosecarmelitas.com\/index.php\/wp-json\/wp\/v2\/pages\/9325\/revisions"}],"predecessor-version":[{"id":9347,"href":"https:\/\/www.sanjosecarmelitas.com\/index.php\/wp-json\/wp\/v2\/pages\/9325\/revisions\/9347"}],"up":[{"embeddable":true,"href":"https:\/\/www.sanjosecarmelitas.com\/index.php\/wp-json\/wp\/v2\/pages\/170"}],"wp:attachment":[{"href":"https:\/\/www.sanjosecarmelitas.com\/index.php\/wp-json\/wp\/v2\/media?parent=9325"}],"curies":[{"name":"wp","href":"https:\/\/api.w.org\/{rel}","templated":true}]}}