{"id":8313,"date":"2020-12-23T18:33:40","date_gmt":"2020-12-23T17:33:40","guid":{"rendered":"http:\/\/www.sanjosecarmelitas.com\/?page_id=8313"},"modified":"2026-01-15T16:23:07","modified_gmt":"2026-01-15T15:23:07","slug":"cita-previa-para-visitarnos","status":"publish","type":"page","link":"https:\/\/www.sanjosecarmelitas.com\/index.php\/cita-previa-para-visitarnos\/","title":{"rendered":"Cita previa para visitarnos"},"content":{"rendered":"\t\t<div data-elementor-type=\"wp-page\" data-elementor-id=\"8313\" class=\"elementor elementor-8313\" data-elementor-post-type=\"page\">\n\t\t\t\t\t\t<section class=\"elementor-section elementor-top-section elementor-element elementor-element-de9d42c elementor-section-boxed elementor-section-height-default elementor-section-height-default\" data-id=\"de9d42c\" data-element_type=\"section\">\n\t\t\t\t\t\t<div class=\"elementor-container elementor-column-gap-default\">\n\t\t\t\t\t<div class=\"elementor-column elementor-col-100 elementor-top-column elementor-element elementor-element-56f8432\" data-id=\"56f8432\" data-element_type=\"column\">\n\t\t\t<div class=\"elementor-widget-wrap elementor-element-populated\">\n\t\t\t\t\t\t<div class=\"elementor-element elementor-element-853e3a1 elementor-widget elementor-widget-text-editor\" data-id=\"853e3a1\" data-element_type=\"widget\" data-widget_type=\"text-editor.default\">\n\t\t\t\t<div class=\"elementor-widget-container\">\n\t\t\t\t\t\t\t\t\t<h1>\u00a0<\/h1><h1 style=\"text-align: center;\"><span style=\"color: #ff6600;\">VIS\u00cdTANOS\u00a0<\/span><\/h1><h4 style=\"font-style: normal; text-align: center;\"><span style=\"color: #b483e6; font-size: 24pt;\">JORNADA DE PUERTAS ABIERTAS <\/span><\/h4><h4 style=\"font-style: normal; text-align: center;\"><span style=\"color: #b483e6; font-size: 24pt;\">24 DE enero DE 2026\u00a0 11:00h.<\/span><\/h4>\t\t\t\t\t\t\t\t<\/div>\n\t\t\t\t<\/div>\n\t\t\t\t\t<\/div>\n\t\t<\/div>\n\t\t\t\t\t<\/div>\n\t\t<\/section>\n\t\t\t\t<section class=\"elementor-section elementor-top-section elementor-element elementor-element-6acddc6 elementor-section-boxed elementor-section-height-default elementor-section-height-default\" data-id=\"6acddc6\" data-element_type=\"section\">\n\t\t\t\t\t\t<div class=\"elementor-container elementor-column-gap-default\">\n\t\t\t\t\t<div class=\"elementor-column elementor-col-50 elementor-top-column elementor-element elementor-element-636f69d\" data-id=\"636f69d\" data-element_type=\"column\">\n\t\t\t<div class=\"elementor-widget-wrap elementor-element-populated\">\n\t\t\t\t\t\t<div class=\"elementor-element elementor-element-aa7fa52 elementor-widget elementor-widget-image\" data-id=\"aa7fa52\" data-element_type=\"widget\" data-widget_type=\"image.default\">\n\t\t\t\t<div class=\"elementor-widget-container\">\n\t\t\t\t\t\t\t\t\t\t\t\t\t\t\t<img fetchpriority=\"high\" decoding=\"async\" width=\"819\" height=\"1024\" src=\"https:\/\/www.sanjosecarmelitas.com\/wp-content\/uploads\/2025\/12\/Copia-de-PPOO-2627-San-Jose-2_png_-819x1024.png\" class=\"attachment-large size-large wp-image-10040\" alt=\"\" srcset=\"https:\/\/www.sanjosecarmelitas.com\/wp-content\/uploads\/2025\/12\/Copia-de-PPOO-2627-San-Jose-2_png_-819x1024.png 819w, https:\/\/www.sanjosecarmelitas.com\/wp-content\/uploads\/2025\/12\/Copia-de-PPOO-2627-San-Jose-2_png_-240x300.png 240w, https:\/\/www.sanjosecarmelitas.com\/wp-content\/uploads\/2025\/12\/Copia-de-PPOO-2627-San-Jose-2_png_-768x960.png 768w, https:\/\/www.sanjosecarmelitas.com\/wp-content\/uploads\/2025\/12\/Copia-de-PPOO-2627-San-Jose-2_png_.png 1080w\" sizes=\"(max-width: 819px) 100vw, 819px\" \/>\t\t\t\t\t\t\t\t\t\t\t\t\t\t\t<\/div>\n\t\t\t\t<\/div>\n\t\t\t\t\t<\/div>\n\t\t<\/div>\n\t\t\t\t<div class=\"elementor-column elementor-col-50 elementor-top-column elementor-element elementor-element-7db128c\" data-id=\"7db128c\" data-element_type=\"column\">\n\t\t\t<div class=\"elementor-widget-wrap elementor-element-populated\">\n\t\t\t\t\t\t<div class=\"elementor-element elementor-element-6b62452 elementor-widget elementor-widget-text-editor\" data-id=\"6b62452\" data-element_type=\"widget\" data-widget_type=\"text-editor.default\">\n\t\t\t\t<div class=\"elementor-widget-container\">\n\t\t\t\t\t\t\t\t\t<p><span style=\"font-weight: 400;\">Sabemos que elegir el colegio de vuestros hijos e hijas\u00a0 es una de las decisiones m\u00e1s importantes para la familia. Por eso, no queremos que solo te lo cuenten: queremos que lo vivas. Te invitamos a una jornada especial dise\u00f1ada para que resolv\u00e1is dudas, explor\u00e9is nuestro proyecto y disfrut\u00e9is toda la familia.<\/span><\/p><h5><span style=\"font-weight: 400;\">Conoce nuestro centro\u2026<\/span><\/h5><p><span style=\"font-weight: 400;\">Hemos preparado un programa completo para que vuestra visita sea productiva y amena:<\/span><\/p><ul><li style=\"font-weight: 400;\" aria-level=\"1\"><span style=\"font-weight: 400;\">Tour por las instalaciones: Recorre nuestras aulas de Infantil a Bachiller, gimnasios, aulas espec\u00edficas\u00a0 y espacios creativos.<\/span><\/li><li style=\"font-weight: 400;\" aria-level=\"1\"><span style=\"font-weight: 400;\">Nuestro Proyecto Pedag\u00f3gico: Presentaci\u00f3n detallada de nuestra metodolog\u00eda activa y valores educativos.<\/span><\/li><li style=\"font-weight: 400;\" aria-level=\"1\"><span style=\"font-weight: 400;\">Encuentro con el Profesorado: Durante la visita, profesorado de todas las etapas te acompa\u00f1ar\u00e1n para que puedas charlar con ellos, conocerles y aclarar tus dudas.\u00a0<\/span><\/li><li style=\"font-weight: 400;\" aria-level=\"1\"><span style=\"font-weight: 400;\">Atenci\u00f3n personalizada: Espacio para resolver todas tus dudas sobre matriculaci\u00f3n, atenci\u00f3n individualizada,\u00a0 servicios y horarios.<\/span><\/li><\/ul><h5><span style=\"font-weight: 400;\">&#8230; y disfruta de un d\u00eda de fiesta para los m\u00e1s peque\u00f1os<\/span><\/h5><p><span style=\"font-weight: 400;\">Queremos que tus hijos\/as tambi\u00e9n se sientan como en casa desde el primer momento. Mientras t\u00fa conoces el centro, ellos podr\u00e1n disfrutar de:<\/span><\/p><ul><li style=\"font-weight: 400;\" aria-level=\"1\"><span style=\"font-weight: 400;\">Talleres creativos y juegos guiados.<\/span><\/li><li style=\"font-weight: 400;\" aria-level=\"1\"><span style=\"font-weight: 400;\">Servicio de guarder\u00eda gratuito para los m\u00e1s peque\u00f1itos, en un entorno seguro y con personal especializado.<\/span><\/li><\/ul><p><span style=\"font-weight: 400;\">Solo por venir a visitarnos, todas las familias recibir\u00e1n un obsequio de bienvenida exclusivo de San Jos\u00e9 Carmelitas Ikastetxea.<\/span><\/p><p>Puedes venir a visitarnos ese d\u00eda libremente o si lo deseas, puedes confirmar tu asistencia por medio del formulario que encontrar\u00e1s m\u00e1s abajo, llamando por tel\u00e9fono o por email. \u00a1Estamos deseando conoceros!<\/p>\t\t\t\t\t\t\t\t<\/div>\n\t\t\t\t<\/div>\n\t\t\t\t\t<\/div>\n\t\t<\/div>\n\t\t\t\t\t<\/div>\n\t\t<\/section>\n\t\t\t\t<section class=\"elementor-section elementor-top-section elementor-element elementor-element-e56ee01 elementor-section-boxed elementor-section-height-default elementor-section-height-default\" data-id=\"e56ee01\" data-element_type=\"section\">\n\t\t\t\t\t\t<div class=\"elementor-container elementor-column-gap-default\">\n\t\t\t\t\t<div class=\"elementor-column elementor-col-100 elementor-top-column elementor-element elementor-element-4704d0c\" data-id=\"4704d0c\" data-element_type=\"column\">\n\t\t\t<div class=\"elementor-widget-wrap elementor-element-populated\">\n\t\t\t\t\t\t<div class=\"elementor-element elementor-element-c60f60c elementor-widget elementor-widget-text-editor\" data-id=\"c60f60c\" data-element_type=\"widget\" data-widget_type=\"text-editor.default\">\n\t\t\t\t<div class=\"elementor-widget-container\">\n\t\t\t\t\t\t\t\t\t<h3 style=\"text-align: center;\"><span style=\"color: #ff9900;\">VISITAS PERSONALIZADAS<\/span><\/h3><h3 style=\"text-align: center;\"><span style=\"color: #ff9900;\">(durante todo el curso)<\/span><\/h3><p>Adem\u00e1s de en la Jornada de Puertas Abiertas, el alumnado y familias que est\u00e9n interesadas en conocer nuestra oferta educativa e instalaciones pueden solicitar una cita previa para visitarnos en cualquier momento a lo largo del curso.<\/p><p>Se puede solicitar una visita llamando a nuestro n\u00famero de tel\u00e9fono: 94 4612536<\/p><p>mand\u00e1ndonos un e-mail a:\u00a0<a href=\"mailto:secretaria@sanjosecarmelitas.es\">secretaria@sanjosecarmelitas.es<\/a><\/p><p>o por medio del siguiente formulario:<\/p>\t\t\t\t\t\t\t\t<\/div>\n\t\t\t\t<\/div>\n\t\t\t\t\t<\/div>\n\t\t<\/div>\n\t\t\t\t\t<\/div>\n\t\t<\/section>\n\t\t\t\t<section class=\"elementor-section elementor-top-section elementor-element elementor-element-cd61b97 elementor-section-boxed elementor-section-height-default elementor-section-height-default\" data-id=\"cd61b97\" data-element_type=\"section\">\n\t\t\t\t\t\t<div class=\"elementor-container elementor-column-gap-default\">\n\t\t\t\t\t<div class=\"elementor-column elementor-col-100 elementor-top-column elementor-element elementor-element-b600927\" data-id=\"b600927\" data-element_type=\"column\">\n\t\t\t<div class=\"elementor-widget-wrap elementor-element-populated\">\n\t\t\t\t\t\t<div class=\"elementor-element elementor-element-b885a58 elementor-widget elementor-widget-text-editor\" data-id=\"b885a58\" data-element_type=\"widget\" data-widget_type=\"text-editor.default\">\n\t\t\t\t<div class=\"elementor-widget-container\">\n\t\t\t\t\t\t\t\t\t<h3>FORMULARIO<\/h3>\n<div class=\"wpcf7 no-js\" id=\"wpcf7-f8320-o1\" lang=\"en-US\" dir=\"ltr\" data-wpcf7-id=\"8320\">\n<div class=\"screen-reader-response\"><p role=\"status\" aria-live=\"polite\" aria-atomic=\"true\"><\/p> <ul><\/ul><\/div>\n<form action=\"\/index.php\/wp-json\/wp\/v2\/pages\/8313#wpcf7-f8320-o1\" method=\"post\" class=\"wpcf7-form init\" aria-label=\"Contact form\" novalidate=\"novalidate\" data-status=\"init\">\n<fieldset class=\"hidden-fields-container\"><input type=\"hidden\" name=\"_wpcf7\" value=\"8320\" \/><input type=\"hidden\" name=\"_wpcf7_version\" value=\"6.1.4\" \/><input type=\"hidden\" name=\"_wpcf7_locale\" value=\"en_US\" \/><input type=\"hidden\" name=\"_wpcf7_unit_tag\" value=\"wpcf7-f8320-o1\" \/><input type=\"hidden\" name=\"_wpcf7_container_post\" value=\"0\" \/><input type=\"hidden\" name=\"_wpcf7_posted_data_hash\" value=\"\" \/><input type=\"hidden\" name=\"_wpcf7_recaptcha_response\" value=\"\" \/>\n<\/fieldset>\n<p>Escribe tu nombre y apellido\n<\/p>\n<p><span class=\"wpcf7-form-control-wrap\" data-name=\"your-name\"><input size=\"40\" maxlength=\"400\" class=\"wpcf7-form-control wpcf7-text wpcf7-validates-as-required\" aria-required=\"true\" aria-invalid=\"false\" value=\"\" type=\"text\" name=\"your-name\" \/><\/span>\n<\/p>\n<p>Tel\u00e9fono\n<\/p>\n<p><span class=\"wpcf7-form-control-wrap\" data-name=\"tel-955\"><input size=\"40\" maxlength=\"400\" class=\"wpcf7-form-control wpcf7-tel wpcf7-text wpcf7-validates-as-tel\" aria-invalid=\"false\" value=\"\" type=\"tel\" name=\"tel-955\" \/><\/span>\n<\/p>\n<p>Direcci\u00f3n de e-mail\n<\/p>\n<p><span class=\"wpcf7-form-control-wrap\" data-name=\"your-email\"><input size=\"40\" maxlength=\"400\" class=\"wpcf7-form-control wpcf7-email wpcf7-validates-as-required wpcf7-text wpcf7-validates-as-email\" aria-required=\"true\" aria-invalid=\"false\" value=\"\" type=\"email\" name=\"your-email\" \/><\/span>\n<\/p>\n<p>Curso en el que est\u00e1s interesado o edad del ni\u00f1o\/ni\u00f1a\n<\/p>\n<p><span class=\"wpcf7-form-control-wrap\" data-name=\"text-7\"><input size=\"40\" maxlength=\"400\" class=\"wpcf7-form-control wpcf7-text\" aria-invalid=\"false\" value=\"\" type=\"text\" name=\"text-7\" \/><\/span>\n<\/p>\n<p>Disponibilidad<br \/>\nDinos qu\u00e9 d\u00edas o en qu\u00e9 momento del d\u00eda te puede venir mejor visitarnos\n<\/p>\n<p><span class=\"wpcf7-form-control-wrap\" data-name=\"your-subject\"><input size=\"40\" maxlength=\"400\" class=\"wpcf7-form-control wpcf7-text\" aria-invalid=\"false\" value=\"\" type=\"text\" name=\"your-subject\" \/><\/span>\n<\/p>\n<p><span class=\"wpcf7-form-control-wrap\" data-name=\"acceptance-864\"><span class=\"wpcf7-form-control wpcf7-acceptance\"><span class=\"wpcf7-list-item\"><input type=\"checkbox\" name=\"acceptance-864\" value=\"1\" aria-invalid=\"false\" \/><\/span><\/span><\/span> Acepto <a href=\"https:\/\/www.sanjosecarmelitas.com\/index.php\/aviso-legal\/\">las condiciones legales y la pol\u00edtica de privacidad<\/a>.\n<\/p>\n<p><input class=\"wpcf7-form-control wpcf7-submit has-spinner\" type=\"submit\" value=\"Enviar\" \/>\n<\/p><p style=\"display: none !important;\" class=\"akismet-fields-container\" data-prefix=\"_wpcf7_ak_\"><label>&#916;<textarea name=\"_wpcf7_ak_hp_textarea\" cols=\"45\" rows=\"8\" maxlength=\"100\"><\/textarea><\/label><input type=\"hidden\" id=\"ak_js_1\" name=\"_wpcf7_ak_js\" value=\"70\"\/><script>document.getElementById( \"ak_js_1\" ).setAttribute( \"value\", ( new Date() ).getTime() );<\/script><\/p><input type='hidden' class='wpcf7-pum' value='{\"closepopup\":false,\"closedelay\":0,\"openpopup\":false,\"openpopup_id\":0}' \/><div class=\"wpcf7-response-output\" aria-hidden=\"true\"><\/div>\n<\/form>\n<\/div>\n<p>*Si tienes dificultades para contactar por medio de este formulario, puedes contactar con nosotros por medio del email: <a href=\"mailto:secretaria@sanjosecarmelitas.es\">secretaria@sanjosecarmelitas.es<\/a><\/p>\t\t\t\t\t\t\t\t<\/div>\n\t\t\t\t<\/div>\n\t\t\t\t\t<\/div>\n\t\t<\/div>\n\t\t\t\t\t<\/div>\n\t\t<\/section>\n\t\t\t\t<\/div>\n\t\t","protected":false},"excerpt":{"rendered":"<p>\u00a0 VIS\u00cdTANOS\u00a0 JORNADA DE PUERTAS ABIERTAS 24 DE enero DE 2026\u00a0 11:00h. Sabemos que elegir el colegio de vuestros hijos e hijas\u00a0 es una de las decisiones m\u00e1s importantes para la familia. Por eso, no queremos que solo te lo cuenten: queremos que lo vivas. Te invitamos a una jornada especial dise\u00f1ada para que resolv\u00e1is [&hellip;]<\/p>\n","protected":false},"author":2,"featured_media":0,"parent":0,"menu_order":0,"comment_status":"closed","ping_status":"closed","template":"","meta":{"site-sidebar-layout":"no-sidebar","site-content-layout":"page-builder","ast-site-content-layout":"full-width-container","site-content-style":"unboxed","site-sidebar-style":"unboxed","ast-global-header-display":"","ast-banner-title-visibility":"","ast-main-header-display":"","ast-hfb-above-header-display":"","ast-hfb-below-header-display":"","ast-hfb-mobile-header-display":"","site-post-title":"disabled","ast-breadcrumbs-content":"","ast-featured-img":"disabled","footer-sml-layout":"","ast-disable-related-posts":"","theme-transparent-header-meta":"default","adv-header-id-meta":"","stick-header-meta":"","header-above-stick-meta":"","header-main-stick-meta":"","header-below-stick-meta":"","astra-migrate-meta-layouts":"set","ast-page-background-enabled":"default","ast-page-background-meta":{"desktop":{"background-color":"var(--ast-global-color-4)","background-image":"","background-repeat":"repeat","background-position":"center center","background-size":"auto","background-attachment":"scroll","background-type":"","background-media":"","overlay-type":"","overlay-color":"","overlay-opacity":"","overlay-gradient":""},"tablet":{"background-color":"","background-image":"","background-repeat":"repeat","background-position":"center center","background-size":"auto","background-attachment":"scroll","background-type":"","background-media":"","overlay-type":"","overlay-color":"","overlay-opacity":"","overlay-gradient":""},"mobile":{"background-color":"","background-image":"","background-repeat":"repeat","background-position":"center center","background-size":"auto","background-attachment":"scroll","background-type":"","background-media":"","overlay-type":"","overlay-color":"","overlay-opacity":"","overlay-gradient":""}},"ast-content-background-meta":{"desktop":{"background-color":"var(--ast-global-color-5)","background-image":"","background-repeat":"repeat","background-position":"center center","background-size":"auto","background-attachment":"scroll","background-type":"","background-media":"","overlay-type":"","overlay-color":"","overlay-opacity":"","overlay-gradient":""},"tablet":{"background-color":"var(--ast-global-color-5)","background-image":"","background-repeat":"repeat","background-position":"center center","background-size":"auto","background-attachment":"scroll","background-type":"","background-media":"","overlay-type":"","overlay-color":"","overlay-opacity":"","overlay-gradient":""},"mobile":{"background-color":"var(--ast-global-color-5)","background-image":"","background-repeat":"repeat","background-position":"center center","background-size":"auto","background-attachment":"scroll","background-type":"","background-media":"","overlay-type":"","overlay-color":"","overlay-opacity":"","overlay-gradient":""}},"footnotes":""},"class_list":["post-8313","page","type-page","status-publish","hentry"],"_links":{"self":[{"href":"https:\/\/www.sanjosecarmelitas.com\/index.php\/wp-json\/wp\/v2\/pages\/8313","targetHints":{"allow":["GET"]}}],"collection":[{"href":"https:\/\/www.sanjosecarmelitas.com\/index.php\/wp-json\/wp\/v2\/pages"}],"about":[{"href":"https:\/\/www.sanjosecarmelitas.com\/index.php\/wp-json\/wp\/v2\/types\/page"}],"author":[{"embeddable":true,"href":"https:\/\/www.sanjosecarmelitas.com\/index.php\/wp-json\/wp\/v2\/users\/2"}],"replies":[{"embeddable":true,"href":"https:\/\/www.sanjosecarmelitas.com\/index.php\/wp-json\/wp\/v2\/comments?post=8313"}],"version-history":[{"count":29,"href":"https:\/\/www.sanjosecarmelitas.com\/index.php\/wp-json\/wp\/v2\/pages\/8313\/revisions"}],"predecessor-version":[{"id":10097,"href":"https:\/\/www.sanjosecarmelitas.com\/index.php\/wp-json\/wp\/v2\/pages\/8313\/revisions\/10097"}],"wp:attachment":[{"href":"https:\/\/www.sanjosecarmelitas.com\/index.php\/wp-json\/wp\/v2\/media?parent=8313"}],"curies":[{"name":"wp","href":"https:\/\/api.w.org\/{rel}","templated":true}]}}