{"id":74,"date":"2013-05-16T15:23:01","date_gmt":"2013-05-16T15:23:01","guid":{"rendered":"https:\/\/www.sanjosecarmelitas.com\/?page_id=74"},"modified":"2019-05-09T21:08:12","modified_gmt":"2019-05-09T21:08:12","slug":"fundadoras","status":"publish","type":"page","link":"https:\/\/www.sanjosecarmelitas.com\/index.php\/colegio\/fundadoras\/","title":{"rendered":"Fundadoras"},"content":{"rendered":"<p><b><a href=\"https:\/\/www.sanjosecarmelitas.com\/wp-content\/uploads\/2013\/05\/MADRES_FUNDADORAS_CASTELLANO.jpg\"><img fetchpriority=\"high\" decoding=\"async\" class=\"alignright size-imagen_junto_texto wp-image-735\" alt=\"MADRES_FUNDADORAS_CASTELLANO\" src=\"https:\/\/www.sanjosecarmelitas.com\/wp-content\/uploads\/2013\/05\/MADRES_FUNDADORAS_CASTELLANO-225x315.jpg\" width=\"225\" height=\"315\" srcset=\"https:\/\/www.sanjosecarmelitas.com\/wp-content\/uploads\/2013\/05\/MADRES_FUNDADORAS_CASTELLANO-225x315.jpg 225w, https:\/\/www.sanjosecarmelitas.com\/wp-content\/uploads\/2013\/05\/MADRES_FUNDADORAS_CASTELLANO-250x350.jpg 250w, https:\/\/www.sanjosecarmelitas.com\/wp-content\/uploads\/2013\/05\/MADRES_FUNDADORAS_CASTELLANO-560x785.jpg 560w, https:\/\/www.sanjosecarmelitas.com\/wp-content\/uploads\/2013\/05\/MADRES_FUNDADORAS_CASTELLANO-150x210.jpg 150w, https:\/\/www.sanjosecarmelitas.com\/wp-content\/uploads\/2013\/05\/MADRES_FUNDADORAS_CASTELLANO.jpg 570w\" sizes=\"(max-width: 225px) 100vw, 225px\" \/><\/a>Teresa Toda Juncosa<\/b> naci\u00f3 en Riudecanyes, Tarragona (Espa\u00f1a) el 19 de agosto de 1826. Cuando ten\u00eda 13 a\u00f1os muri\u00f3 su padre. Como las ni\u00f1as de su tiempo, Teresa no asisti\u00f3 a la escuela. Se cas\u00f3 con Antonio Guasch en 1847. S\u00f3lo tres meses dura la paz en este hogar. Embarazada y maltratada, regresa a casa de su madre, Magdalena Juncosa y el 28 de mayo de 1848 nace su hija Teresa Guasch. Mujer creyente, solicita la separaci\u00f3n en el tribunal eclesi\u00e1stico de Tarragona. Posteriormente, abandona su pueblo natal y llega a la ciudad, a Tarragona. Se ocupa con esmero en la educaci\u00f3n de su hija y en su coraz\u00f3n se va fraguando la fundaci\u00f3n de la congregaci\u00f3n de Carmelitas Teresas de San Jos\u00e9 que llevar\u00e1 a cabo con su hija en 1878, para acoger y educar a ni\u00f1as hu\u00e9rfanas y pobres. Fallece en Barcelona el 30 de julio de 1898.<\/p>\n<p><b>Teresa Guasch Toda <\/b>naci\u00f3 en Riudecanyes, Tarragona (Espa\u00f1a) el 28 de mayo\u00a0 de 1848. Tempranamente sufri\u00f3 los malos tratos de su padre Antonio. En el hogar con su abuela Magdalena y su madre Teresa, y en el colegio de la Compa\u00f1\u00eda de Mar\u00eda en el que estudia en Tarragona, recibe una esmerada formaci\u00f3n humana y cristiana, llegando a obtener el t\u00edtulo de magisterio. En 1878 funda en Barcelona junto con su madre, la congregaci\u00f3n de Hermanas Carmelitas Teresas de San Jos\u00e9, para la acogida y educaci\u00f3n de ni\u00f1as hu\u00e9rfanas y pobres. Fallece en Barcelona el 15 de diciembre de 1917.<\/p>\n<p><a href=\"https:\/\/www.sanjosecarmelitas.com\/wp-content\/uploads\/2013\/05\/teresa2.jpg\"><img decoding=\"async\" class=\"aligncenter size-full wp-image-143\" alt=\"teresa2\" src=\"https:\/\/www.sanjosecarmelitas.com\/wp-content\/uploads\/2013\/05\/teresa2.jpg\" width=\"560\" height=\"373\" srcset=\"https:\/\/www.sanjosecarmelitas.com\/wp-content\/uploads\/2013\/05\/teresa2.jpg 560w, https:\/\/www.sanjosecarmelitas.com\/wp-content\/uploads\/2013\/05\/teresa2-300x199.jpg 300w, https:\/\/www.sanjosecarmelitas.com\/wp-content\/uploads\/2013\/05\/teresa2-250x166.jpg 250w, https:\/\/www.sanjosecarmelitas.com\/wp-content\/uploads\/2013\/05\/teresa2-150x99.jpg 150w, https:\/\/www.sanjosecarmelitas.com\/wp-content\/uploads\/2013\/05\/teresa2-275x183.jpg 275w\" sizes=\"(max-width: 560px) 100vw, 560px\" \/><\/a><\/p>\n","protected":false},"excerpt":{"rendered":"<p>Teresa Toda Juncosa naci\u00f3 en Riudecanyes, Tarragona (Espa\u00f1a) el 19 de agosto de 1826. Cuando ten\u00eda 13 a\u00f1os muri\u00f3 su padre. Como las ni\u00f1as de su tiempo, Teresa no asisti\u00f3 a la escuela. Se cas\u00f3 con Antonio Guasch en 1847. S\u00f3lo tres meses dura la paz en este hogar. Embarazada y maltratada, regresa a casa [&hellip;]<\/p>\n","protected":false},"author":1,"featured_media":0,"parent":13,"menu_order":12,"comment_status":"closed","ping_status":"closed","template":"","meta":{"site-sidebar-layout":"default","site-content-layout":"","ast-site-content-layout":"default","site-content-style":"default","site-sidebar-style":"default","ast-global-header-display":"","ast-banner-title-visibility":"","ast-main-header-display":"","ast-hfb-above-header-display":"","ast-hfb-below-header-display":"","ast-hfb-mobile-header-display":"","site-post-title":"","ast-breadcrumbs-content":"","ast-featured-img":"","footer-sml-layout":"","ast-disable-related-posts":"","theme-transparent-header-meta":"","adv-header-id-meta":"","stick-header-meta":"","header-above-stick-meta":"","header-main-stick-meta":"","header-below-stick-meta":"","astra-migrate-meta-layouts":"default","ast-page-background-enabled":"default","ast-page-background-meta":{"desktop":{"background-color":"var(--ast-global-color-4)","background-image":"","background-repeat":"repeat","background-position":"center center","background-size":"auto","background-attachment":"scroll","background-type":"","background-media":"","overlay-type":"","overlay-color":"","overlay-opacity":"","overlay-gradient":""},"tablet":{"background-color":"","background-image":"","background-repeat":"repeat","background-position":"center center","background-size":"auto","background-attachment":"scroll","background-type":"","background-media":"","overlay-type":"","overlay-color":"","overlay-opacity":"","overlay-gradient":""},"mobile":{"background-color":"","background-image":"","background-repeat":"repeat","background-position":"center center","background-size":"auto","background-attachment":"scroll","background-type":"","background-media":"","overlay-type":"","overlay-color":"","overlay-opacity":"","overlay-gradient":""}},"ast-content-background-meta":{"desktop":{"background-color":"var(--ast-global-color-5)","background-image":"","background-repeat":"repeat","background-position":"center center","background-size":"auto","background-attachment":"scroll","background-type":"","background-media":"","overlay-type":"","overlay-color":"","overlay-opacity":"","overlay-gradient":""},"tablet":{"background-color":"var(--ast-global-color-5)","background-image":"","background-repeat":"repeat","background-position":"center center","background-size":"auto","background-attachment":"scroll","background-type":"","background-media":"","overlay-type":"","overlay-color":"","overlay-opacity":"","overlay-gradient":""},"mobile":{"background-color":"var(--ast-global-color-5)","background-image":"","background-repeat":"repeat","background-position":"center center","background-size":"auto","background-attachment":"scroll","background-type":"","background-media":"","overlay-type":"","overlay-color":"","overlay-opacity":"","overlay-gradient":""}},"footnotes":""},"class_list":["post-74","page","type-page","status-publish","hentry"],"_links":{"self":[{"href":"https:\/\/www.sanjosecarmelitas.com\/index.php\/wp-json\/wp\/v2\/pages\/74","targetHints":{"allow":["GET"]}}],"collection":[{"href":"https:\/\/www.sanjosecarmelitas.com\/index.php\/wp-json\/wp\/v2\/pages"}],"about":[{"href":"https:\/\/www.sanjosecarmelitas.com\/index.php\/wp-json\/wp\/v2\/types\/page"}],"author":[{"embeddable":true,"href":"https:\/\/www.sanjosecarmelitas.com\/index.php\/wp-json\/wp\/v2\/users\/1"}],"replies":[{"embeddable":true,"href":"https:\/\/www.sanjosecarmelitas.com\/index.php\/wp-json\/wp\/v2\/comments?post=74"}],"version-history":[{"count":2,"href":"https:\/\/www.sanjosecarmelitas.com\/index.php\/wp-json\/wp\/v2\/pages\/74\/revisions"}],"predecessor-version":[{"id":4309,"href":"https:\/\/www.sanjosecarmelitas.com\/index.php\/wp-json\/wp\/v2\/pages\/74\/revisions\/4309"}],"up":[{"embeddable":true,"href":"https:\/\/www.sanjosecarmelitas.com\/index.php\/wp-json\/wp\/v2\/pages\/13"}],"wp:attachment":[{"href":"https:\/\/www.sanjosecarmelitas.com\/index.php\/wp-json\/wp\/v2\/media?parent=74"}],"curies":[{"name":"wp","href":"https:\/\/api.w.org\/{rel}","templated":true}]}}