{"id":716,"date":"2013-10-29T11:12:23","date_gmt":"2013-10-29T11:12:23","guid":{"rendered":"http:\/\/www.sanjosecarmelitas.com\/?page_id=716"},"modified":"2024-11-12T11:29:30","modified_gmt":"2024-11-12T10:29:30","slug":"aviso-legal","status":"publish","type":"page","link":"https:\/\/www.sanjosecarmelitas.com\/index.php\/aviso-legal\/","title":{"rendered":"Aviso legal"},"content":{"rendered":"\t\t<div data-elementor-type=\"wp-page\" data-elementor-id=\"716\" class=\"elementor elementor-716\" data-elementor-post-type=\"page\">\n\t\t\t\t\t\t<section class=\"elementor-section elementor-top-section elementor-element elementor-element-72eac334 elementor-section-boxed elementor-section-height-default elementor-section-height-default\" data-id=\"72eac334\" data-element_type=\"section\">\n\t\t\t\t\t\t<div class=\"elementor-container elementor-column-gap-default\">\n\t\t\t\t\t<div class=\"elementor-column elementor-col-100 elementor-top-column elementor-element elementor-element-79d438a7\" data-id=\"79d438a7\" data-element_type=\"column\">\n\t\t\t<div class=\"elementor-widget-wrap elementor-element-populated\">\n\t\t\t\t\t\t<div class=\"elementor-element elementor-element-1c639450 elementor-widget elementor-widget-text-editor\" data-id=\"1c639450\" data-element_type=\"widget\" data-widget_type=\"text-editor.default\">\n\t\t\t\t<div class=\"elementor-widget-container\">\n\t\t\t\t\t\t\t\t\t<h2><b>Datos del titular del dominio<\/b><\/h2><p><span style=\"font-weight: 400;\">En cumplimiento con lo establecido en la Ley 34\/2002, de 11 de julio, de Servicios de la Sociedad de la Informaci\u00f3n y de Comercio Electr\u00f3nico, a continuaci\u00f3n, se reflejan los datos de informaci\u00f3n general de este sitio Web:\u00a0<\/span><\/p><ul><li style=\"font-weight: 400;\" aria-level=\"1\"><span style=\"font-weight: 400;\">Nombre o denominaci\u00f3n social: <\/span><b>FUNDACI\u00d3N EDUCATIVA TERESA GUASCH<\/b><\/li><li style=\"font-weight: 400;\" aria-level=\"1\"><span style=\"font-weight: 400;\">Domicilio: C\/Providencia 6-8 (CP: 08024) Barcelona<\/span><\/li><li style=\"font-weight: 400;\" aria-level=\"1\"><span style=\"font-weight: 400;\">Direcci\u00f3n de correo electr\u00f3nico: dpd@fetg.org<\/span><\/li><li style=\"font-weight: 400;\" aria-level=\"1\"><span style=\"font-weight: 400;\">Tel\u00e9fono de contacto: <\/span><span style=\"font-weight: 400;\">649225237<\/span><\/li><li style=\"font-weight: 400;\" aria-level=\"1\"><span style=\"font-weight: 400;\">N\u00famero de identificaci\u00f3n fiscal: R0802393I<\/span><\/li><\/ul><p><span style=\"font-weight: 400;\">Bajo la Fundaci\u00f3n, operan los siguientes centros educativos<\/span><b>:<\/b><\/p><ul><li style=\"font-weight: 400;\" aria-level=\"1\"><span style=\"font-weight: 400;\">COL\u00b7LEGI EL CARME, de Lleida (<\/span><a href=\"https:\/\/www.elcarmelleida.cat\/\"><span style=\"font-weight: 400;\">https:\/\/www.elcarmelleida.cat\/<\/span><\/a><span style=\"font-weight: 400;\">).<\/span><\/li><li style=\"font-weight: 400;\" aria-level=\"1\"><span style=\"font-weight: 400;\">COL\u00b7LEGI EL CARME, de Tarragona (<\/span><a href=\"https:\/\/www.elcarmetarragona.cat\/\"><span style=\"font-weight: 400;\">https:\/\/www.elcarmetarragona.cat\/<\/span><\/a><span style=\"font-weight: 400;\">).<\/span><\/li><li style=\"font-weight: 400;\" aria-level=\"1\"><span style=\"font-weight: 400;\">COLEGIO El CARMELO TERESIANO, de Madrid <\/span><span style=\"font-weight: 400;\">(<\/span><a href=\"https:\/\/carmeloteresiano.es\/\"><span style=\"font-weight: 400;\">https:\/\/carmeloteresiano.es\/<\/span><\/a><span style=\"font-weight: 400;\">).<\/span><\/li><li style=\"font-weight: 400;\" aria-level=\"1\"><span style=\"font-weight: 400;\">COL\u00b7LEGI JES\u00daS SALVADOR, de Sabadell (<\/span><a href=\"https:\/\/col-jesus-salvador.net\/\"><span style=\"font-weight: 400;\">https:\/\/col-jesus-salvador.net\/<\/span><\/a><span style=\"font-weight: 400;\">).<\/span><\/li><li style=\"font-weight: 400;\" aria-level=\"1\"><span style=\"font-weight: 400;\">COLEGIO SAN JOS\u00c9 IKASTETXEA, de Santurce (<\/span><a href=\"http:\/\/www.sanjosecarmelitas.com\"><span style=\"font-weight: 400;\">www.sanjosecarmelitas.com<\/span><\/a><span style=\"font-weight: 400;\">).<\/span><\/li><li style=\"font-weight: 400;\" aria-level=\"1\"><span style=\"font-weight: 400;\">COL\u00b7LEGI SANT JOSEP, de Reus (<\/span><a href=\"http:\/\/www.santjosepreus.cat\/sant-josep\/\"><span style=\"font-weight: 400;\">www.santjosepreus.cat\/sant-josep\/<\/span><\/a><span style=\"font-weight: 400;\">).<\/span><\/li><li style=\"font-weight: 400;\" aria-level=\"1\"><span style=\"font-weight: 400;\">COLEGIO EL CARMELO TERESIANO, de Madrid (<\/span><a href=\"http:\/\/www.carmeloteresiano.es\"><span style=\"font-weight: 400;\">www.carmeloteresiano.es<\/span><\/a><span style=\"font-weight: 400;\">).\u00a0<\/span><\/li><li style=\"font-weight: 400;\" aria-level=\"1\"><span style=\"font-weight: 400;\">COL\u00b7LEGI SANTA TERESA, de Mora d\u2019Ebre (<\/span><a href=\"https:\/\/agora.xtec.cat\/col-santateresa\/\"><span style=\"font-weight: 400;\">https:\/\/agora.xtec.cat\/col-santateresa\/<\/span><\/a><span style=\"font-weight: 400;\">).<\/span><\/li><\/ul><h2><strong>Objeto de la p\u00e1gina<\/strong><\/h2><p><span style=\"font-weight: 400;\">La Entidad ha publicado este sitio Web para facilitar a los potenciales visitantes y usuarios informaci\u00f3n detallada sobre sus productos y servicios, as\u00ed como sobre las v\u00edas de contacto.<\/span><\/p><p><span style=\"font-weight: 400;\">El acceso a la informaci\u00f3n\u00a0referida a los productos y servicios de la Entidad se pone a su disposici\u00f3n y se encuentra detallada en sus contenidos. La informaci\u00f3n expuesta en este sitio Web se deja a la libre disposici\u00f3n de los usuarios que accedan al sitio Web de manera particular e individual, sin coste alguno. Queda expresamente prohibida la comercializaci\u00f3n del derecho de acceso.\u00a0<\/span><\/p><h2><b>Exactitud de la informaci\u00f3n<\/b><\/h2><p><span style=\"font-weight: 400;\">La Entidad pone el m\u00e1ximo empe\u00f1o en la exactitud y actualizaci\u00f3n de la informaci\u00f3n publicada en su sitio Web. Sin embargo, no se responsabiliza de las consecuencias de la lectura de la misma. Asimismo, la Entidad no se responsabiliza de ning\u00fan da\u00f1o o perjuicio sufrido por el usuario que pudiera derivarse del acceso a este sitio Web o del uso de los contenidos de este.<\/span><\/p><h2><b>Enlaces (links) a p\u00e1ginas de terceros<\/b><\/h2><p><span style=\"font-weight: 400;\">En el caso de que en los sitios Web de la Fundaci\u00f3n\u00a0se dispusiesen enlaces o hiperv\u00ednculos hacia otros sitios de Internet, la Entidad no ejercer\u00e1 ning\u00fan control sobre dichos sitios o contenidos.\u00a0<\/span><span style=\"font-weight: 400;\"><br \/><\/span><span style=\"font-weight: 400;\">El establecimiento de cualquier \u00abhiperenlace\u00bb entre una p\u00e1gina Web y los sitios Web de la Fundaci\u00f3n estar\u00e1 sometido a las siguientes condiciones:\u00a0<\/span><\/p><ul><li style=\"font-weight: 400;\" aria-level=\"1\"><span style=\"font-weight: 400;\">No se permite la reproducci\u00f3n ni total ni parcial de ninguno de los servicios ni contenidos de los sitios Web de Fundaci\u00f3n.<\/span><\/li><li style=\"font-weight: 400;\" aria-level=\"1\"><span style=\"font-weight: 400;\">No se establecer\u00e1n deep-links con las p\u00e1ginas Web de los sitios Web ni de sus servicios ni se crear\u00e1 un browser o un border enviroment sobre las mismas.<\/span><\/li><li style=\"font-weight: 400;\" aria-level=\"1\"><span style=\"font-weight: 400;\">Las p\u00e1ginas Web en las que se establezca el hiperenlace no contendr\u00e1 ninguna marca, nombre comercial, r\u00f3tulo de establecimiento, denominaci\u00f3n, logotipo, eslogan u otros signos distintivos pertenecientes a la Fundaci\u00f3n y\/o a sus centros educativos.<\/span><\/li><li style=\"font-weight: 400;\" aria-level=\"1\"><span style=\"font-weight: 400;\">En ninguna circunstancia, la Fundaci\u00f3n y sus centros educativos ser\u00e1n responsables de los contenidos o servicios puestos a disposici\u00f3n del p\u00fablico en las p\u00e1ginas Web desde la que se realice el \u00abhiperenlace\u00bb ni de las informaciones y manifestaciones incluidas en las mismas.<\/span><\/li><\/ul><h2><b>Garant\u00edas y Responsabilidades<\/b><\/h2><p><span style=\"font-weight: 400;\">La Entidad no garantiza el funcionamiento permanente del sitio Web ni la inexistencia de errores de software, fallos en las comunicaciones u otros problemas de Hardware, no respondiendo en ning\u00fan caso de las consecuencias que pudieran derivarse de los mismos para los usuarios. No obstante, la Entidad intentar\u00e1 facilitar en la medida de sus posibilidades ayuda t\u00e9cnica al usuario,\u00a0<\/span><span style=\"font-weight: 400;\">por lo que cualquier petici\u00f3n de informaci\u00f3n o resoluci\u00f3n de incidencias, en relaci\u00f3n con la Web y su funcionamiento, ser\u00e1 atendida por la Entidad en la siguiente direcci\u00f3n <a href=\"mailto:dpd@fetg.org\">dpd@fetg.org<\/a>.\u00a0<\/span><\/p><h2><b>Derechos de Propiedad Intelectual e Industrial<\/b><\/h2><p><span style=\"font-weight: 400;\">Este Sitio Web se rige por las leyes espa\u00f1olas y se encuentra protegido por la legislaci\u00f3n nacional e internacional sobre propiedad intelectual.<\/span><\/p><p><span style=\"font-weight: 400;\">Todos los elementos (marcas, dise\u00f1os, textos, enlaces, logos, im\u00e1genes, v\u00eddeos, elementos sonoros, software, bases de datos, c\u00f3digos&#8230;) contenidos en la p\u00e1gina del titular est\u00e1n protegidos por el derecho nacional e internacional de propiedad intelectual. Estos elementos son propiedad exclusiva de la Entidad.<\/span><\/p><p><span style=\"font-weight: 400;\">Cualquier reproducci\u00f3n, transmisi\u00f3n, adaptaci\u00f3n, traducci\u00f3n, modificaci\u00f3n, comunicaci\u00f3n al p\u00fablico, o cualquier otra explotaci\u00f3n de todo o parte del contenido de este Sitio Web, efectuada de cualquier forma o por cualquier medio, electr\u00f3nico, mec\u00e1nico u otro, est\u00e1n estrictamente prohibidos salvo autorizaci\u00f3n previa por escrito de la Entidad. Cualquier infracci\u00f3n de estos derechos puede dar lugar a procedimientos extrajudiciales o judiciales civiles o penales que correspondan.<\/span><\/p><p><span style=\"font-weight: 400;\">La Entidad no concede ninguna licencia o autorizaci\u00f3n de uso de ninguna clase sobre sus derechos de propiedad intelectual e industrial o sobre cualquier otra propiedad o derecho relacionado con esta Web, los servicios o los contenidos de la misma.<\/span><\/p><p><span style=\"font-weight: 400;\">La legitimidad de los derechos de propiedad intelectual o industrial correspondientes a los contenidos aportados por los Usuarios es de la exclusiva responsabilidad de estos.<\/span><\/p><h2>\u00a0<\/h2><h2><b>Modificaci\u00f3n unilateral de las presentes condiciones\u00a0<\/b><\/h2><p><span style=\"font-weight: 400;\">La Entidad podr\u00e1 modificar unilateralmente y sin previo aviso, siempre que lo considere oportuno, la estructura y dise\u00f1o de los sitios Web, as\u00ed como modificar o eliminar, los servicios, los contenidos y las condiciones de acceso y\/o uso de los\u00a0sitios Web.<\/span><\/p><h2><b>Duraci\u00f3n<\/b><\/h2><p><span style=\"font-weight: 400;\">La duraci\u00f3n de la prestaci\u00f3n del servicio del sitio Web y de los servicios es de car\u00e1cter indefinido.<\/span><span style=\"font-weight: 400;\"><br \/><\/span><span style=\"font-weight: 400;\">Sin perjuicio de lo anterior, Fundaci\u00f3n Educativa Teresa Guasch se reserva el derecho para, interrumpir, suspender o terminar la prestaci\u00f3n del servicio del Web o de cualquiera de los servicios que lo integran, en los mismos t\u00e9rminos que se recogen en el presente Aviso Legal.<\/span><\/p><h2><b>Ley y Jurisdicci\u00f3n aplicable<\/b><\/h2><p><span style=\"font-weight: 400;\">Las presentes Condiciones Generales se regir\u00e1n por la legislaci\u00f3n espa\u00f1ola.\u00a0<\/span><\/p><p><span style=\"font-weight: 400;\">La Entidad y el Usuario, con renuncia expresa a cualquier otro fuero que pudiera corresponderles, se someten a la Jurisdicci\u00f3n de los Juzgados y Tribunales de Madrid para cuantas cuestiones pudieran suscitarse o acciones ejercitarse derivadas de la prestaci\u00f3n del servicio del Web y de sus servicios y contenidos y sobre la interpretaci\u00f3n, aplicaci\u00f3n, cumplimiento o incumplimiento de lo aqu\u00ed establecido.\u00a0<\/span><\/p>\t\t\t\t\t\t\t\t<\/div>\n\t\t\t\t<\/div>\n\t\t\t\t\t<\/div>\n\t\t<\/div>\n\t\t\t\t\t<\/div>\n\t\t<\/section>\n\t\t\t\t<section class=\"elementor-section elementor-top-section elementor-element elementor-element-a9c60bd elementor-section-boxed elementor-section-height-default elementor-section-height-default\" data-id=\"a9c60bd\" data-element_type=\"section\">\n\t\t\t\t\t\t<div class=\"elementor-container elementor-column-gap-default\">\n\t\t\t\t\t<div class=\"elementor-column elementor-col-50 elementor-top-column elementor-element elementor-element-87ab6ff\" data-id=\"87ab6ff\" data-element_type=\"column\">\n\t\t\t<div class=\"elementor-widget-wrap elementor-element-populated\">\n\t\t\t\t\t\t<div class=\"elementor-element elementor-element-fa35818 elementor-widget elementor-widget-text-editor\" data-id=\"fa35818\" data-element_type=\"widget\" data-widget_type=\"text-editor.default\">\n\t\t\t\t<div class=\"elementor-widget-container\">\n\t\t\t\t\t\t\t\t\t<h2 style=\"text-align: center;\">POL\u00cdTICA DE COOKIES<\/h2><h3 style=\"text-align: center;\"><a href=\"https:\/\/www.sanjosecarmelitas.com\/wp-content\/uploads\/2024\/11\/Politica-de-Cookies-Web-CASTELLANO.docx.pdf\"><span style=\"color: #ff9900;\">Descargar<\/span><\/a><\/h3>\t\t\t\t\t\t\t\t<\/div>\n\t\t\t\t<\/div>\n\t\t\t\t\t<\/div>\n\t\t<\/div>\n\t\t\t\t<div class=\"elementor-column elementor-col-50 elementor-top-column elementor-element elementor-element-3793b68\" data-id=\"3793b68\" data-element_type=\"column\">\n\t\t\t<div class=\"elementor-widget-wrap elementor-element-populated\">\n\t\t\t\t\t\t<div class=\"elementor-element elementor-element-685a81d elementor-widget elementor-widget-text-editor\" data-id=\"685a81d\" data-element_type=\"widget\" data-widget_type=\"text-editor.default\">\n\t\t\t\t<div class=\"elementor-widget-container\">\n\t\t\t\t\t\t\t\t\t<h2 style=\"text-align: center;\">POL\u00cdTICA DE PRIVACIDAD<\/h2><h3 style=\"text-align: center;\"><a href=\"https:\/\/www.sanjosecarmelitas.com\/wp-content\/uploads\/2024\/11\/Politica-de-Privacidad-Web-CASTELLANO.docx.pdf\"><span style=\"color: #ff9900;\">Descargar<\/span><\/a><\/h3>\t\t\t\t\t\t\t\t<\/div>\n\t\t\t\t<\/div>\n\t\t\t\t\t<\/div>\n\t\t<\/div>\n\t\t\t\t\t<\/div>\n\t\t<\/section>\n\t\t\t\t<\/div>\n\t\t","protected":false},"excerpt":{"rendered":"<p>Datos del titular del dominio En cumplimiento con lo establecido en la Ley 34\/2002, de 11 de julio, de Servicios de la Sociedad de la Informaci\u00f3n y de Comercio Electr\u00f3nico, a continuaci\u00f3n, se reflejan los datos de informaci\u00f3n general de este sitio Web:\u00a0 Nombre o denominaci\u00f3n social: FUNDACI\u00d3N EDUCATIVA TERESA GUASCH Domicilio: C\/Providencia 6-8 (CP: [&hellip;]<\/p>\n","protected":false},"author":1,"featured_media":0,"parent":0,"menu_order":27,"comment_status":"closed","ping_status":"closed","template":"","meta":{"site-sidebar-layout":"default","site-content-layout":"default","ast-site-content-layout":"default","site-content-style":"default","site-sidebar-style":"default","ast-global-header-display":"","ast-banner-title-visibility":"","ast-main-header-display":"","ast-hfb-above-header-display":"","ast-hfb-below-header-display":"","ast-hfb-mobile-header-display":"","site-post-title":"","ast-breadcrumbs-content":"","ast-featured-img":"","footer-sml-layout":"","ast-disable-related-posts":"","theme-transparent-header-meta":"default","adv-header-id-meta":"","stick-header-meta":"","header-above-stick-meta":"","header-main-stick-meta":"","header-below-stick-meta":"","astra-migrate-meta-layouts":"default","ast-page-background-enabled":"default","ast-page-background-meta":{"desktop":{"background-color":"var(--ast-global-color-4)","background-image":"","background-repeat":"repeat","background-position":"center center","background-size":"auto","background-attachment":"scroll","background-type":"","background-media":"","overlay-type":"","overlay-color":"","overlay-opacity":"","overlay-gradient":""},"tablet":{"background-color":"","background-image":"","background-repeat":"repeat","background-position":"center center","background-size":"auto","background-attachment":"scroll","background-type":"","background-media":"","overlay-type":"","overlay-color":"","overlay-opacity":"","overlay-gradient":""},"mobile":{"background-color":"","background-image":"","background-repeat":"repeat","background-position":"center center","background-size":"auto","background-attachment":"scroll","background-type":"","background-media":"","overlay-type":"","overlay-color":"","overlay-opacity":"","overlay-gradient":""}},"ast-content-background-meta":{"desktop":{"background-color":"var(--ast-global-color-5)","background-image":"","background-repeat":"repeat","background-position":"center center","background-size":"auto","background-attachment":"scroll","background-type":"","background-media":"","overlay-type":"","overlay-color":"","overlay-opacity":"","overlay-gradient":""},"tablet":{"background-color":"var(--ast-global-color-5)","background-image":"","background-repeat":"repeat","background-position":"center center","background-size":"auto","background-attachment":"scroll","background-type":"","background-media":"","overlay-type":"","overlay-color":"","overlay-opacity":"","overlay-gradient":""},"mobile":{"background-color":"var(--ast-global-color-5)","background-image":"","background-repeat":"repeat","background-position":"center center","background-size":"auto","background-attachment":"scroll","background-type":"","background-media":"","overlay-type":"","overlay-color":"","overlay-opacity":"","overlay-gradient":""}},"footnotes":""},"class_list":["post-716","page","type-page","status-publish","hentry"],"_links":{"self":[{"href":"https:\/\/www.sanjosecarmelitas.com\/index.php\/wp-json\/wp\/v2\/pages\/716","targetHints":{"allow":["GET"]}}],"collection":[{"href":"https:\/\/www.sanjosecarmelitas.com\/index.php\/wp-json\/wp\/v2\/pages"}],"about":[{"href":"https:\/\/www.sanjosecarmelitas.com\/index.php\/wp-json\/wp\/v2\/types\/page"}],"author":[{"embeddable":true,"href":"https:\/\/www.sanjosecarmelitas.com\/index.php\/wp-json\/wp\/v2\/users\/1"}],"replies":[{"embeddable":true,"href":"https:\/\/www.sanjosecarmelitas.com\/index.php\/wp-json\/wp\/v2\/comments?post=716"}],"version-history":[{"count":5,"href":"https:\/\/www.sanjosecarmelitas.com\/index.php\/wp-json\/wp\/v2\/pages\/716\/revisions"}],"predecessor-version":[{"id":9572,"href":"https:\/\/www.sanjosecarmelitas.com\/index.php\/wp-json\/wp\/v2\/pages\/716\/revisions\/9572"}],"wp:attachment":[{"href":"https:\/\/www.sanjosecarmelitas.com\/index.php\/wp-json\/wp\/v2\/media?parent=716"}],"curies":[{"name":"wp","href":"https:\/\/api.w.org\/{rel}","templated":true}]}}