{"id":70,"date":"2013-05-16T15:21:48","date_gmt":"2013-05-16T15:21:48","guid":{"rendered":"https:\/\/www.sanjosecarmelitas.com\/?page_id=70"},"modified":"2023-11-16T16:40:27","modified_gmt":"2023-11-16T15:40:27","slug":"informacion-general","status":"publish","type":"page","link":"https:\/\/www.sanjosecarmelitas.com\/index.php\/colegio\/informacion-general\/","title":{"rendered":"Informaci\u00f3n General"},"content":{"rendered":"\t\t<div data-elementor-type=\"wp-post\" data-elementor-id=\"70\" class=\"elementor elementor-70\" data-elementor-post-type=\"page\">\n\t\t\t\t\t\t<section class=\"elementor-section elementor-top-section elementor-element elementor-element-e789965 elementor-section-boxed elementor-section-height-default elementor-section-height-default\" data-id=\"e789965\" data-element_type=\"section\">\n\t\t\t\t\t\t<div class=\"elementor-container elementor-column-gap-default\">\n\t\t\t\t\t<div class=\"elementor-column elementor-col-100 elementor-top-column elementor-element elementor-element-78942ad\" data-id=\"78942ad\" data-element_type=\"column\">\n\t\t\t<div class=\"elementor-widget-wrap elementor-element-populated\">\n\t\t\t\t\t\t<div class=\"elementor-element elementor-element-f8b044c elementor-widget elementor-widget-image\" data-id=\"f8b044c\" data-element_type=\"widget\" data-widget_type=\"image.default\">\n\t\t\t\t<div class=\"elementor-widget-container\">\n\t\t\t\t\t\t\t\t\t\t\t\t\t\t\t<img fetchpriority=\"high\" decoding=\"async\" width=\"768\" height=\"576\" src=\"https:\/\/www.sanjosecarmelitas.com\/wp-content\/uploads\/2023\/11\/FACHADA-EDIFICIO2-Y-MURAL_SEP23-1-768x576.jpg\" class=\"attachment-medium_large size-medium_large wp-image-9141\" alt=\"\" srcset=\"https:\/\/www.sanjosecarmelitas.com\/wp-content\/uploads\/2023\/11\/FACHADA-EDIFICIO2-Y-MURAL_SEP23-1-768x576.jpg 768w, https:\/\/www.sanjosecarmelitas.com\/wp-content\/uploads\/2023\/11\/FACHADA-EDIFICIO2-Y-MURAL_SEP23-1-300x225.jpg 300w, https:\/\/www.sanjosecarmelitas.com\/wp-content\/uploads\/2023\/11\/FACHADA-EDIFICIO2-Y-MURAL_SEP23-1-1024x768.jpg 1024w, https:\/\/www.sanjosecarmelitas.com\/wp-content\/uploads\/2023\/11\/FACHADA-EDIFICIO2-Y-MURAL_SEP23-1-1536x1152.jpg 1536w, https:\/\/www.sanjosecarmelitas.com\/wp-content\/uploads\/2023\/11\/FACHADA-EDIFICIO2-Y-MURAL_SEP23-1-2048x1536.jpg 2048w\" sizes=\"(max-width: 768px) 100vw, 768px\" \/>\t\t\t\t\t\t\t\t\t\t\t\t\t\t\t<\/div>\n\t\t\t\t<\/div>\n\t\t\t\t\t<\/div>\n\t\t<\/div>\n\t\t\t\t\t<\/div>\n\t\t<\/section>\n\t\t\t\t<section class=\"elementor-section elementor-top-section elementor-element elementor-element-fa7a287 elementor-section-boxed elementor-section-height-default elementor-section-height-default\" data-id=\"fa7a287\" data-element_type=\"section\">\n\t\t\t\t\t\t<div class=\"elementor-container elementor-column-gap-default\">\n\t\t\t\t\t<div class=\"elementor-column elementor-col-100 elementor-top-column elementor-element elementor-element-59db25b\" data-id=\"59db25b\" data-element_type=\"column\">\n\t\t\t<div class=\"elementor-widget-wrap elementor-element-populated\">\n\t\t\t\t\t\t<div class=\"elementor-element elementor-element-b14c842 elementor-widget elementor-widget-text-editor\" data-id=\"b14c842\" data-element_type=\"widget\" data-widget_type=\"text-editor.default\">\n\t\t\t\t<div class=\"elementor-widget-container\">\n\t\t\t\t\t\t\t\t\t<p style=\"font-size: 14px; font-style: normal; font-weight: 400;\"><span style=\"font-size: 14px; font-weight: bold;\">Santurtzi:<\/span>\u00a0Somos un centro escolar ubicado en el centro de Santurtzi, al lado del puerto y junto al parque central. Educamos desde el coraz\u00f3n de Santurtzi y con el coraz\u00f3n en Santurtzi.<\/p><p style=\"font-size: 14px; font-style: normal; font-weight: 400;\"><span style=\"font-weight: bold;\">Fundaci\u00f3n:\u00a0<\/span>San Jos\u00e9 &#8211; Carmelitas Ikastetxea pertenece a la red educativa de la Fundaci\u00f3n Educativa Teresa Guasch. Esta fundaci\u00f3n forma parte del proyecto educativo de la\u00a0 Congregaci\u00f3n de las Hermanas Carmelitas Teresas de San Jos\u00e9.<\/p><p style=\"font-size: 14px; font-style: normal; font-weight: 400;\">La Fundaci\u00f3n Teresa Guasch cuenta con siete colegios en Espa\u00f1a\u00a0 que trabajan y son gestionados en red con el objetivo de colaborar y realizar una labor m\u00e1s completa en aspectos pedag\u00f3gicos, y de servicio a nuestras familias y a la sociedad en su conjunto.\u00a0<\/p><p style=\"font-size: 14px; font-style: normal; font-weight: 400;\"><span style=\"font-weight: bold;\">Familias y alumnado<\/span>: Acompa\u00f1amos a nuestro alumnado durante toda su trayectoria escolar, de los 2 a los 18 a\u00f1os.\u00a0 Nuestro alumnado y sus familias est\u00e1n en el centro de nuestra labor.\u00a0<\/p><p style=\"font-size: 14px; font-style: normal; font-weight: 400;\">Las alrededor de 600 familias que conforman nuestra comunidad educativa proceden de Santurtzi y zonas cercanas, y gracias a su colaboraci\u00f3n y confianza trabajamos cada d\u00eda y nos esforzamos por ser el colegio cercano y familiar que somos en la actualidad.\u00a0<\/p><p style=\"font-size: 14px; font-style: normal; font-weight: 400;\"><span style=\"font-weight: bold;\">Personas<\/span>: Contamos con una plantilla estable de profesionales de la educaci\u00f3n y de la gesti\u00f3n que son nuestro activo m\u00e1s importante. La implicaci\u00f3n y aportaci\u00f3n coordinada de todas las Personas hace posible que afrontemos los retos del Colegio y seamos capaces de acompa\u00f1ar a familias y alumnos desde la cercan\u00eda y la sencillez.<\/p><p style=\"font-size: 14px; font-style: normal; font-weight: 400;\"><span style=\"font-weight: bold;\">Oferta educativa<\/span>: Nuestra oferta educativa abarca desde los 2 a\u00f1os a los 18. Toda la escolaridad de forma longitudinal, ofreciendo a nuestro alumnado propuestas pedag\u00f3gicas planificadas y enriquecidas, de cara a lograr una educaci\u00f3n completa y cuidada a nivel pedag\u00f3gico, personal y social.\u00a0<\/p>\t\t\t\t\t\t\t\t<\/div>\n\t\t\t\t<\/div>\n\t\t\t\t\t<\/div>\n\t\t<\/div>\n\t\t\t\t\t<\/div>\n\t\t<\/section>\n\t\t\t\t<section class=\"elementor-section elementor-top-section elementor-element elementor-element-7db258a elementor-section-boxed elementor-section-height-default elementor-section-height-default\" data-id=\"7db258a\" data-element_type=\"section\">\n\t\t\t\t\t\t<div class=\"elementor-container elementor-column-gap-default\">\n\t\t\t\t\t<div class=\"elementor-column elementor-col-50 elementor-top-column elementor-element elementor-element-4924831\" data-id=\"4924831\" data-element_type=\"column\">\n\t\t\t<div class=\"elementor-widget-wrap elementor-element-populated\">\n\t\t\t\t\t\t<div class=\"elementor-element elementor-element-1b81369 elementor-widget elementor-widget-image\" data-id=\"1b81369\" data-element_type=\"widget\" data-widget_type=\"image.default\">\n\t\t\t\t<div class=\"elementor-widget-container\">\n\t\t\t\t\t\t\t\t\t\t\t\t\t\t\t<img decoding=\"async\" width=\"1024\" height=\"576\" src=\"https:\/\/www.sanjosecarmelitas.com\/wp-content\/uploads\/2023\/11\/Anadir-un-titulo-1-1024x576.png\" class=\"attachment-large size-large wp-image-9146\" alt=\"\" srcset=\"https:\/\/www.sanjosecarmelitas.com\/wp-content\/uploads\/2023\/11\/Anadir-un-titulo-1-1024x576.png 1024w, https:\/\/www.sanjosecarmelitas.com\/wp-content\/uploads\/2023\/11\/Anadir-un-titulo-1-300x169.png 300w, https:\/\/www.sanjosecarmelitas.com\/wp-content\/uploads\/2023\/11\/Anadir-un-titulo-1-768x432.png 768w, https:\/\/www.sanjosecarmelitas.com\/wp-content\/uploads\/2023\/11\/Anadir-un-titulo-1-1536x864.png 1536w, https:\/\/www.sanjosecarmelitas.com\/wp-content\/uploads\/2023\/11\/Anadir-un-titulo-1.png 1920w\" sizes=\"(max-width: 1024px) 100vw, 1024px\" \/>\t\t\t\t\t\t\t\t\t\t\t\t\t\t\t<\/div>\n\t\t\t\t<\/div>\n\t\t\t\t\t<\/div>\n\t\t<\/div>\n\t\t\t\t<div class=\"elementor-column elementor-col-50 elementor-top-column elementor-element elementor-element-197be65\" data-id=\"197be65\" data-element_type=\"column\">\n\t\t\t<div class=\"elementor-widget-wrap elementor-element-populated\">\n\t\t\t\t\t\t<div class=\"elementor-element elementor-element-208f63d elementor-widget elementor-widget-image\" data-id=\"208f63d\" data-element_type=\"widget\" data-widget_type=\"image.default\">\n\t\t\t\t<div class=\"elementor-widget-container\">\n\t\t\t\t\t\t\t\t\t\t\t\t\t\t\t<img decoding=\"async\" width=\"1024\" height=\"576\" src=\"https:\/\/www.sanjosecarmelitas.com\/wp-content\/uploads\/2023\/11\/Anadir-un-titulo-2-1024x576.png\" class=\"attachment-large size-large wp-image-9148\" alt=\"\" srcset=\"https:\/\/www.sanjosecarmelitas.com\/wp-content\/uploads\/2023\/11\/Anadir-un-titulo-2-1024x576.png 1024w, https:\/\/www.sanjosecarmelitas.com\/wp-content\/uploads\/2023\/11\/Anadir-un-titulo-2-300x169.png 300w, https:\/\/www.sanjosecarmelitas.com\/wp-content\/uploads\/2023\/11\/Anadir-un-titulo-2-768x432.png 768w, https:\/\/www.sanjosecarmelitas.com\/wp-content\/uploads\/2023\/11\/Anadir-un-titulo-2-1536x864.png 1536w, https:\/\/www.sanjosecarmelitas.com\/wp-content\/uploads\/2023\/11\/Anadir-un-titulo-2.png 1920w\" sizes=\"(max-width: 1024px) 100vw, 1024px\" \/>\t\t\t\t\t\t\t\t\t\t\t\t\t\t\t<\/div>\n\t\t\t\t<\/div>\n\t\t\t\t\t<\/div>\n\t\t<\/div>\n\t\t\t\t\t<\/div>\n\t\t<\/section>\n\t\t\t\t<section class=\"elementor-section elementor-top-section elementor-element elementor-element-5c39b57 elementor-section-boxed elementor-section-height-default elementor-section-height-default\" data-id=\"5c39b57\" data-element_type=\"section\">\n\t\t\t\t\t\t<div class=\"elementor-container elementor-column-gap-default\">\n\t\t\t\t\t<div class=\"elementor-column elementor-col-100 elementor-top-column elementor-element elementor-element-10258736\" data-id=\"10258736\" data-element_type=\"column\">\n\t\t\t<div class=\"elementor-widget-wrap elementor-element-populated\">\n\t\t\t\t\t\t<div class=\"elementor-element elementor-element-7a08142 elementor-widget elementor-widget-text-editor\" data-id=\"7a08142\" data-element_type=\"widget\" data-widget_type=\"text-editor.default\">\n\t\t\t\t<div class=\"elementor-widget-container\">\n\t\t\t\t\t\t\t\t\t<p><\/p>\n<p><b>Tratamiento ling\u00fc\u00edstico<\/b>:<\/p>\n<ul>\n<li>Euskera desde los 2 a\u00f1os<\/li>\n<li>Castellano desde los 2 a\u00f1os<\/li>\n<li>Ingl\u00e9s desde los 2 a\u00f1os<\/li>\n<li>Franc\u00e9s desde los 12 a\u00f1os<\/li>\n<\/ul>\n<p><b>Edad del alumnado<\/b>: 2 a 18 a\u00f1os. Desde el aula de 2 a\u00f1os hasta el Bachillerato.<\/p>\n<p><b style=\"font-style: inherit;\"><br>Actividades en horario extraescolar<\/b><span style=\"font-size: 14px;\">:<\/span><br><\/p>\n\n<ul>\n<li>Ajedrez<\/li>\n<li>Danza&nbsp; moderna<\/li>\n<li>F\u00fatbol<\/li>\n<li>Multideporte<\/li>\n<li>Rob\u00f3tica<\/li>\n<li>Ingl\u00e9s<\/li>\n<li>Euskera<\/li>\n<li>Apoyo Escolar<\/li>\n<li>Multideporte<\/li>\n<li>Cursos de verano en ingl\u00e9s<\/li>\n<li>Olimpiada Escolar<\/li>\n<li>Encuentros juveniles CTSJ<\/li>\n<\/ul>\t\t\t\t\t\t\t\t<\/div>\n\t\t\t\t<\/div>\n\t\t\t\t\t<\/div>\n\t\t<\/div>\n\t\t\t\t\t<\/div>\n\t\t<\/section>\n\t\t\t\t<\/div>\n\t\t","protected":false},"excerpt":{"rendered":"<p>Santurtzi:\u00a0Somos un centro escolar ubicado en el centro de Santurtzi, al lado del puerto y junto al parque central. Educamos desde el coraz\u00f3n de Santurtzi y con el coraz\u00f3n en Santurtzi. Fundaci\u00f3n:\u00a0San Jos\u00e9 &#8211; Carmelitas Ikastetxea pertenece a la red educativa de la Fundaci\u00f3n Educativa Teresa Guasch. Esta fundaci\u00f3n forma parte del proyecto educativo de [&hellip;]<\/p>\n","protected":false},"author":1,"featured_media":0,"parent":13,"menu_order":10,"comment_status":"closed","ping_status":"closed","template":"","meta":{"site-sidebar-layout":"default","site-content-layout":"default","ast-site-content-layout":"default","site-content-style":"default","site-sidebar-style":"default","ast-global-header-display":"","ast-banner-title-visibility":"","ast-main-header-display":"","ast-hfb-above-header-display":"","ast-hfb-below-header-display":"","ast-hfb-mobile-header-display":"","site-post-title":"","ast-breadcrumbs-content":"","ast-featured-img":"","footer-sml-layout":"","ast-disable-related-posts":"","theme-transparent-header-meta":"default","adv-header-id-meta":"","stick-header-meta":"","header-above-stick-meta":"","header-main-stick-meta":"","header-below-stick-meta":"","astra-migrate-meta-layouts":"default","ast-page-background-enabled":"default","ast-page-background-meta":{"desktop":{"background-color":"var(--ast-global-color-4)","background-image":"","background-repeat":"repeat","background-position":"center center","background-size":"auto","background-attachment":"scroll","background-type":"","background-media":"","overlay-type":"","overlay-color":"","overlay-opacity":"","overlay-gradient":""},"tablet":{"background-color":"","background-image":"","background-repeat":"repeat","background-position":"center center","background-size":"auto","background-attachment":"scroll","background-type":"","background-media":"","overlay-type":"","overlay-color":"","overlay-opacity":"","overlay-gradient":""},"mobile":{"background-color":"","background-image":"","background-repeat":"repeat","background-position":"center center","background-size":"auto","background-attachment":"scroll","background-type":"","background-media":"","overlay-type":"","overlay-color":"","overlay-opacity":"","overlay-gradient":""}},"ast-content-background-meta":{"desktop":{"background-color":"var(--ast-global-color-5)","background-image":"","background-repeat":"repeat","background-position":"center center","background-size":"auto","background-attachment":"scroll","background-type":"","background-media":"","overlay-type":"","overlay-color":"","overlay-opacity":"","overlay-gradient":""},"tablet":{"background-color":"var(--ast-global-color-5)","background-image":"","background-repeat":"repeat","background-position":"center center","background-size":"auto","background-attachment":"scroll","background-type":"","background-media":"","overlay-type":"","overlay-color":"","overlay-opacity":"","overlay-gradient":""},"mobile":{"background-color":"var(--ast-global-color-5)","background-image":"","background-repeat":"repeat","background-position":"center center","background-size":"auto","background-attachment":"scroll","background-type":"","background-media":"","overlay-type":"","overlay-color":"","overlay-opacity":"","overlay-gradient":""}},"footnotes":""},"class_list":["post-70","page","type-page","status-publish","hentry"],"_links":{"self":[{"href":"https:\/\/www.sanjosecarmelitas.com\/index.php\/wp-json\/wp\/v2\/pages\/70","targetHints":{"allow":["GET"]}}],"collection":[{"href":"https:\/\/www.sanjosecarmelitas.com\/index.php\/wp-json\/wp\/v2\/pages"}],"about":[{"href":"https:\/\/www.sanjosecarmelitas.com\/index.php\/wp-json\/wp\/v2\/types\/page"}],"author":[{"embeddable":true,"href":"https:\/\/www.sanjosecarmelitas.com\/index.php\/wp-json\/wp\/v2\/users\/1"}],"replies":[{"embeddable":true,"href":"https:\/\/www.sanjosecarmelitas.com\/index.php\/wp-json\/wp\/v2\/comments?post=70"}],"version-history":[{"count":5,"href":"https:\/\/www.sanjosecarmelitas.com\/index.php\/wp-json\/wp\/v2\/pages\/70\/revisions"}],"predecessor-version":[{"id":9151,"href":"https:\/\/www.sanjosecarmelitas.com\/index.php\/wp-json\/wp\/v2\/pages\/70\/revisions\/9151"}],"up":[{"embeddable":true,"href":"https:\/\/www.sanjosecarmelitas.com\/index.php\/wp-json\/wp\/v2\/pages\/13"}],"wp:attachment":[{"href":"https:\/\/www.sanjosecarmelitas.com\/index.php\/wp-json\/wp\/v2\/media?parent=70"}],"curies":[{"name":"wp","href":"https:\/\/api.w.org\/{rel}","templated":true}]}}