{"id":67,"date":"2013-05-16T15:20:17","date_gmt":"2013-05-16T15:20:17","guid":{"rendered":"https:\/\/www.sanjosecarmelitas.com\/?page_id=67"},"modified":"2019-05-31T21:05:53","modified_gmt":"2019-05-31T19:05:53","slug":"sistema-gestion","status":"publish","type":"page","link":"https:\/\/www.sanjosecarmelitas.com\/index.php\/colegio\/sistema-gestion\/","title":{"rendered":"Sistema de Gesti\u00f3n"},"content":{"rendered":"<p><a href=\"https:\/\/www.sanjosecarmelitas.com\/wp-content\/uploads\/2013\/05\/foto1.jpg\"><img fetchpriority=\"high\" decoding=\"async\" class=\"alignright size-medium wp-image-138\" src=\"https:\/\/www.sanjosecarmelitas.com\/wp-content\/uploads\/2013\/05\/foto1-300x199.jpg\" alt=\"foto1\" width=\"300\" height=\"199\" srcset=\"https:\/\/www.sanjosecarmelitas.com\/wp-content\/uploads\/2013\/05\/foto1-300x199.jpg 300w, https:\/\/www.sanjosecarmelitas.com\/wp-content\/uploads\/2013\/05\/foto1-250x165.jpg 250w, https:\/\/www.sanjosecarmelitas.com\/wp-content\/uploads\/2013\/05\/foto1-150x99.jpg 150w, https:\/\/www.sanjosecarmelitas.com\/wp-content\/uploads\/2013\/05\/foto1-275x183.jpg 275w, https:\/\/www.sanjosecarmelitas.com\/wp-content\/uploads\/2013\/05\/foto1.jpg 410w\" sizes=\"(max-width: 300px) 100vw, 300px\" \/><\/a>Nuestro colegio ha desarrollado una sistem\u00e1tica de gesti\u00f3n basada en el modelo europeo EFQM que permite estructurar todas las actividades que desarrollamos a diario por procesos, tanto de gesti\u00f3n acad\u00e9mica, educaci\u00f3n en valores, como de gesti\u00f3n de comunicaci\u00f3n o de servicios complementarios, etc., de un modo eficaz y eficiente.<\/p>\n<p><a href=\"https:\/\/www.sanjosecarmelitas.com\/wp-content\/uploads\/2013\/05\/foto2.jpg\"><img decoding=\"async\" class=\"alignright size-medium wp-image-137\" src=\"https:\/\/www.sanjosecarmelitas.com\/wp-content\/uploads\/2013\/05\/foto2-300x225.jpg\" alt=\"foto2\" width=\"300\" height=\"225\" srcset=\"https:\/\/www.sanjosecarmelitas.com\/wp-content\/uploads\/2013\/05\/foto2-300x225.jpg 300w, https:\/\/www.sanjosecarmelitas.com\/wp-content\/uploads\/2013\/05\/foto2-250x187.jpg 250w, https:\/\/www.sanjosecarmelitas.com\/wp-content\/uploads\/2013\/05\/foto2-560x420.jpg 560w, https:\/\/www.sanjosecarmelitas.com\/wp-content\/uploads\/2013\/05\/foto2-150x112.jpg 150w, https:\/\/www.sanjosecarmelitas.com\/wp-content\/uploads\/2013\/05\/foto2.jpg 800w\" sizes=\"(max-width: 300px) 100vw, 300px\" \/><\/a>En el curso 2005-2006 comenzamos a desplegar en el colegio San Jos\u00e9-Carmelitas el <b>sistema de gesti\u00f3n EFQM (Calidad Total y Excelencia)<\/b>, convencidos de que es un modelo de gesti\u00f3n que nos permite mejorar continuamente y satisfacer de una manera equilibrada las necesidades y expectativas de los padres\/madres, de los alumnos\/as, y de los profesores\/as, as\u00ed como de todas aquellas personas que tratan con nosotros y de la sociedad en general. Fruto de todo ello en 2005 y 2008 recibimos el <b>Diploma de Compromiso de avanzar hacia la Calidad Total-Excelencia, <\/b>y finalmente en 2011 Euskalit (Fundaci\u00f3n Vasca para la Excelencia) reconoci\u00f3 al colegio San Jos\u00e9-Carmelitas con el <b>Premio Vasco a la Calidad de Gesti\u00f3n Q de Plata<\/b>.<\/p>\n<p>En San Jos\u00e9-Carmelitas desplegamos y evaluamos los siguientes procesos:<\/p>\n<ul>\n<li><b>Procesos estrat\u00e9gicos: <\/b>establecen las gu\u00edas y l\u00edneas de actuaci\u00f3n fundamentales para que los Procesos operativos consigan los resultados adecuados y alinean a los Procesos de apoyo en la consecuci\u00f3n de estos objetivos.\n<ul>\n<li><span style=\"font-size: 1rem; line-height: 1.714285714;\">Gesti\u00f3n Estrat\u00e9gica<\/span><\/li>\n<li><span style=\"font-size: 1rem; line-height: 1.714285714;\">Gesti\u00f3n Econ\u00f3mica<\/span><\/li>\n<li><span style=\"font-size: 1rem; line-height: 1.714285714;\">Gesti\u00f3n Personas<\/span><\/li>\n<li><span style=\"font-size: 1rem; line-height: 1.714285714;\">Gesti\u00f3n Comunicaci\u00f3n Externa<\/span><\/li>\n<li><span style=\"font-size: 1rem; line-height: 1.714285714;\">Gesti\u00f3n Comunicaci\u00f3n Interna<\/span><\/li>\n<\/ul>\n<\/li>\n<\/ul>\n<ul>\n<li><b>Procesos operativos: <\/b>concentran las actividades fundamentales de SJC y tienen relaci\u00f3n directa con el alumnado y las familias.\n<ul>\n<li><span style=\"line-height: 1.714285714; font-size: 1rem;\">Admisi\u00f3n de Alumnado<\/span><\/li>\n<li><span style=\"line-height: 1.714285714; font-size: 1rem;\">Ense\u00f1anza-Aprendizaje<\/span><\/li>\n<li><span style=\"line-height: 1.714285714; font-size: 1rem;\">Consultor\u00eda y Necesidades Educativas Especiales<\/span><\/li>\n<li><span style=\"line-height: 1.714285714; font-size: 1rem;\">Tutor\u00eda y Orientaci\u00f3n<\/span><\/li>\n<li><span style=\"line-height: 1.714285714; font-size: 1rem;\">Pastoral<\/span><\/li>\n<li><span style=\"line-height: 1.714285714; font-size: 1rem;\">Gesti\u00f3n medioambiental<\/span><\/li>\n<li><span style=\"line-height: 1.714285714; font-size: 1rem;\">Normalizaci\u00f3n Ling\u00fc\u00edstica del Euskera<\/span><\/li>\n<li>Deporte y Salud<\/li>\n<li><span style=\"line-height: 1.714285714; font-size: 1rem;\">Actividades Extraordinarias<\/span><\/li>\n<\/ul>\n<\/li>\n<\/ul>\n<ul>\n<li><b>Procesos de apoyo: <\/b>aportan los recursos necesarios (materiales, administrativos, complementarios) para el desarrollo del resto de Procesos.\n<ul>\n<li><span style=\"line-height: 1.714285714; font-size: 1rem;\">Gesti\u00f3n Secretaria<\/span><\/li>\n<li><span style=\"line-height: 1.714285714; font-size: 1rem;\">Gesti\u00f3n de Recursos<\/span><\/li>\n<li><span style=\"line-height: 1.714285714; font-size: 1rem;\">Gesti\u00f3n de Servicios<\/span><\/li>\n<\/ul>\n<p><a href=\"https:\/\/www.sanjosecarmelitas.com\/wp-content\/uploads\/2013\/05\/foto3.jpg\"><img decoding=\"async\" class=\"aligncenter size-full wp-image-139\" src=\"https:\/\/www.sanjosecarmelitas.com\/wp-content\/uploads\/2013\/05\/foto3.jpg\" alt=\"foto3\" width=\"560\" height=\"420\" srcset=\"https:\/\/www.sanjosecarmelitas.com\/wp-content\/uploads\/2013\/05\/foto3.jpg 800w, https:\/\/www.sanjosecarmelitas.com\/wp-content\/uploads\/2013\/05\/foto3-300x225.jpg 300w, https:\/\/www.sanjosecarmelitas.com\/wp-content\/uploads\/2013\/05\/foto3-250x187.jpg 250w, https:\/\/www.sanjosecarmelitas.com\/wp-content\/uploads\/2013\/05\/foto3-560x420.jpg 560w, https:\/\/www.sanjosecarmelitas.com\/wp-content\/uploads\/2013\/05\/foto3-150x112.jpg 150w\" sizes=\"(max-width: 560px) 100vw, 560px\" \/><\/a><\/li>\n<\/ul>\n","protected":false},"excerpt":{"rendered":"<p>Nuestro colegio ha desarrollado una sistem\u00e1tica de gesti\u00f3n basada en el modelo europeo EFQM que permite estructurar todas las actividades que desarrollamos a diario por procesos, tanto de gesti\u00f3n acad\u00e9mica, educaci\u00f3n en valores, como de gesti\u00f3n de comunicaci\u00f3n o de servicios complementarios, etc., de un modo eficaz y eficiente. En el curso 2005-2006 comenzamos a [&hellip;]<\/p>\n","protected":false},"author":1,"featured_media":0,"parent":13,"menu_order":8,"comment_status":"closed","ping_status":"closed","template":"","meta":{"site-sidebar-layout":"default","site-content-layout":"default","ast-site-content-layout":"default","site-content-style":"default","site-sidebar-style":"default","ast-global-header-display":"","ast-banner-title-visibility":"","ast-main-header-display":"","ast-hfb-above-header-display":"","ast-hfb-below-header-display":"","ast-hfb-mobile-header-display":"","site-post-title":"","ast-breadcrumbs-content":"","ast-featured-img":"","footer-sml-layout":"","ast-disable-related-posts":"","theme-transparent-header-meta":"default","adv-header-id-meta":"","stick-header-meta":"","header-above-stick-meta":"","header-main-stick-meta":"","header-below-stick-meta":"","astra-migrate-meta-layouts":"default","ast-page-background-enabled":"default","ast-page-background-meta":{"desktop":{"background-color":"var(--ast-global-color-4)","background-image":"","background-repeat":"repeat","background-position":"center center","background-size":"auto","background-attachment":"scroll","background-type":"","background-media":"","overlay-type":"","overlay-color":"","overlay-opacity":"","overlay-gradient":""},"tablet":{"background-color":"","background-image":"","background-repeat":"repeat","background-position":"center center","background-size":"auto","background-attachment":"scroll","background-type":"","background-media":"","overlay-type":"","overlay-color":"","overlay-opacity":"","overlay-gradient":""},"mobile":{"background-color":"","background-image":"","background-repeat":"repeat","background-position":"center center","background-size":"auto","background-attachment":"scroll","background-type":"","background-media":"","overlay-type":"","overlay-color":"","overlay-opacity":"","overlay-gradient":""}},"ast-content-background-meta":{"desktop":{"background-color":"var(--ast-global-color-5)","background-image":"","background-repeat":"repeat","background-position":"center center","background-size":"auto","background-attachment":"scroll","background-type":"","background-media":"","overlay-type":"","overlay-color":"","overlay-opacity":"","overlay-gradient":""},"tablet":{"background-color":"var(--ast-global-color-5)","background-image":"","background-repeat":"repeat","background-position":"center center","background-size":"auto","background-attachment":"scroll","background-type":"","background-media":"","overlay-type":"","overlay-color":"","overlay-opacity":"","overlay-gradient":""},"mobile":{"background-color":"var(--ast-global-color-5)","background-image":"","background-repeat":"repeat","background-position":"center center","background-size":"auto","background-attachment":"scroll","background-type":"","background-media":"","overlay-type":"","overlay-color":"","overlay-opacity":"","overlay-gradient":""}},"footnotes":""},"class_list":["post-67","page","type-page","status-publish","hentry"],"_links":{"self":[{"href":"https:\/\/www.sanjosecarmelitas.com\/index.php\/wp-json\/wp\/v2\/pages\/67","targetHints":{"allow":["GET"]}}],"collection":[{"href":"https:\/\/www.sanjosecarmelitas.com\/index.php\/wp-json\/wp\/v2\/pages"}],"about":[{"href":"https:\/\/www.sanjosecarmelitas.com\/index.php\/wp-json\/wp\/v2\/types\/page"}],"author":[{"embeddable":true,"href":"https:\/\/www.sanjosecarmelitas.com\/index.php\/wp-json\/wp\/v2\/users\/1"}],"replies":[{"embeddable":true,"href":"https:\/\/www.sanjosecarmelitas.com\/index.php\/wp-json\/wp\/v2\/comments?post=67"}],"version-history":[{"count":3,"href":"https:\/\/www.sanjosecarmelitas.com\/index.php\/wp-json\/wp\/v2\/pages\/67\/revisions"}],"predecessor-version":[{"id":6347,"href":"https:\/\/www.sanjosecarmelitas.com\/index.php\/wp-json\/wp\/v2\/pages\/67\/revisions\/6347"}],"up":[{"embeddable":true,"href":"https:\/\/www.sanjosecarmelitas.com\/index.php\/wp-json\/wp\/v2\/pages\/13"}],"wp:attachment":[{"href":"https:\/\/www.sanjosecarmelitas.com\/index.php\/wp-json\/wp\/v2\/media?parent=67"}],"curies":[{"name":"wp","href":"https:\/\/api.w.org\/{rel}","templated":true}]}}