{"id":6613,"date":"2020-07-04T23:09:38","date_gmt":"2020-07-04T21:09:38","guid":{"rendered":"http:\/\/www.sanjosecarmelitas.com\/?page_id=6613"},"modified":"2020-07-21T10:40:48","modified_gmt":"2020-07-21T08:40:48","slug":"uniforme","status":"publish","type":"page","link":"https:\/\/www.sanjosecarmelitas.com\/index.php\/uniforme\/","title":{"rendered":"uniforme"},"content":{"rendered":"\t\t<div data-elementor-type=\"wp-page\" data-elementor-id=\"6613\" class=\"elementor elementor-6613\" data-elementor-post-type=\"page\">\n\t\t\t\t\t\t<section class=\"elementor-section elementor-top-section elementor-element elementor-element-04f2912 elementor-section-boxed elementor-section-height-default elementor-section-height-default\" data-id=\"04f2912\" data-element_type=\"section\">\n\t\t\t\t\t\t<div class=\"elementor-container elementor-column-gap-default\">\n\t\t\t\t\t<div class=\"elementor-column elementor-col-100 elementor-top-column elementor-element elementor-element-3983a93\" data-id=\"3983a93\" data-element_type=\"column\">\n\t\t\t<div class=\"elementor-widget-wrap elementor-element-populated\">\n\t\t\t\t\t\t<div class=\"elementor-element elementor-element-76e8809 elementor-widget elementor-widget-text-editor\" data-id=\"76e8809\" data-element_type=\"widget\" data-widget_type=\"text-editor.default\">\n\t\t\t\t<div class=\"elementor-widget-container\">\n\t\t\t\t\t\t\t\t\t<p><strong><span style=\"font-size: 12pt;\">El ch\u00e1ndal es obligatorio desde 2 a\u00f1os hasta 4\u00ba de ESO.<\/span><\/strong><br \/><strong><span style=\"font-size: 12pt;\">El uniforme es obligatorio desde 3 a\u00f1os hasta 4\u00ba de ESO. <\/span><\/strong><\/p>\t\t\t\t\t\t\t\t<\/div>\n\t\t\t\t<\/div>\n\t\t\t\t\t<\/div>\n\t\t<\/div>\n\t\t\t\t\t<\/div>\n\t\t<\/section>\n\t\t\t\t<section class=\"elementor-section elementor-top-section elementor-element elementor-element-30828df elementor-section-boxed elementor-section-height-default elementor-section-height-default\" data-id=\"30828df\" data-element_type=\"section\">\n\t\t\t\t\t\t<div class=\"elementor-container elementor-column-gap-default\">\n\t\t\t\t\t<div class=\"elementor-column elementor-col-100 elementor-top-column elementor-element elementor-element-b621cbd\" data-id=\"b621cbd\" data-element_type=\"column\">\n\t\t\t<div class=\"elementor-widget-wrap elementor-element-populated\">\n\t\t\t\t\t\t<div class=\"elementor-element elementor-element-9f39ee3 elementor-widget elementor-widget-text-editor\" data-id=\"9f39ee3\" data-element_type=\"widget\" data-widget_type=\"text-editor.default\">\n\t\t\t\t<div class=\"elementor-widget-container\">\n\t\t\t\t\t\t\t\t\t<h2>CH\u00c1NDAL<\/h2>\n<h4><strong>AULA DE DOS A\u00d1OS, PSICOMOTRICIDAD Y ED. F\u00cdSICA:<\/strong><\/h4>\n<ol>\n<li>Ch\u00e1ndal en tonos azul marino-verde-blanco con el escudo del Colegio bordado.<\/li>\n<li>Camiseta deportiva con el escudo del colegio<\/li>\n<li>Sudadera en tonos azul marino opcional desde 1\u00ba PRIM hasta 4\u00ba ESO.<\/li>\n<\/ol>\t\t\t\t\t\t\t\t<\/div>\n\t\t\t\t<\/div>\n\t\t\t\t\t<\/div>\n\t\t<\/div>\n\t\t\t\t\t<\/div>\n\t\t<\/section>\n\t\t\t\t<section class=\"elementor-section elementor-top-section elementor-element elementor-element-5144058 elementor-section-boxed elementor-section-height-default elementor-section-height-default\" data-id=\"5144058\" data-element_type=\"section\">\n\t\t\t\t\t\t<div class=\"elementor-container elementor-column-gap-default\">\n\t\t\t\t\t<div class=\"elementor-column elementor-col-100 elementor-top-column elementor-element elementor-element-2721b9e\" data-id=\"2721b9e\" data-element_type=\"column\">\n\t\t\t<div class=\"elementor-widget-wrap elementor-element-populated\">\n\t\t\t\t\t\t<div class=\"elementor-element elementor-element-6c91cc3 elementor-widget elementor-widget-image\" data-id=\"6c91cc3\" data-element_type=\"widget\" data-widget_type=\"image.default\">\n\t\t\t\t<div class=\"elementor-widget-container\">\n\t\t\t\t\t\t\t\t\t\t\t\t\t\t\t<img fetchpriority=\"high\" decoding=\"async\" width=\"768\" height=\"406\" src=\"https:\/\/www.sanjosecarmelitas.com\/wp-content\/uploads\/2020\/07\/completo-chandal-768x406.jpg\" class=\"attachment-medium_large size-medium_large wp-image-8056\" alt=\"\" srcset=\"https:\/\/www.sanjosecarmelitas.com\/wp-content\/uploads\/2020\/07\/completo-chandal-768x406.jpg 768w, https:\/\/www.sanjosecarmelitas.com\/wp-content\/uploads\/2020\/07\/completo-chandal-300x159.jpg 300w, https:\/\/www.sanjosecarmelitas.com\/wp-content\/uploads\/2020\/07\/completo-chandal-1024x542.jpg 1024w, https:\/\/www.sanjosecarmelitas.com\/wp-content\/uploads\/2020\/07\/completo-chandal.jpg 1134w\" sizes=\"(max-width: 768px) 100vw, 768px\" \/>\t\t\t\t\t\t\t\t\t\t\t\t\t\t\t<\/div>\n\t\t\t\t<\/div>\n\t\t\t\t\t<\/div>\n\t\t<\/div>\n\t\t\t\t\t<\/div>\n\t\t<\/section>\n\t\t\t\t<section class=\"elementor-section elementor-top-section elementor-element elementor-element-8182b15 elementor-section-boxed elementor-section-height-default elementor-section-height-default\" data-id=\"8182b15\" data-element_type=\"section\">\n\t\t\t\t\t\t<div class=\"elementor-container elementor-column-gap-default\">\n\t\t\t\t\t<div class=\"elementor-column elementor-col-100 elementor-top-column elementor-element elementor-element-44e82ab\" data-id=\"44e82ab\" data-element_type=\"column\">\n\t\t\t<div class=\"elementor-widget-wrap elementor-element-populated\">\n\t\t\t\t\t\t<div class=\"elementor-element elementor-element-aceed6d elementor-widget elementor-widget-text-editor\" data-id=\"aceed6d\" data-element_type=\"widget\" data-widget_type=\"text-editor.default\">\n\t\t\t\t<div class=\"elementor-widget-container\">\n\t\t\t\t\t\t\t\t\t<h2>UNIFORME<\/h2>\n<h4><b>NI\u00d1AS:<\/b><\/h4>\n<ol>\n<li>Falda escocesa en tonos marr\u00f3n o pantal\u00f3n beige..<\/li>\n<li>Camisa o polo camisero blanco.<\/li>\n<li>Jersey cuello pico, marr\u00f3n.<\/li>\n<li>Calceter\u00eda marr\u00f3n.<\/li>\n<li>Zapato marr\u00f3n, modelo colegial.<\/li>\n<li>Bata a rayas verdes. (hasta 6\u00ba de primaria)<\/li>\n<\/ol>\t\t\t\t\t\t\t\t<\/div>\n\t\t\t\t<\/div>\n\t\t\t\t\t<\/div>\n\t\t<\/div>\n\t\t\t\t\t<\/div>\n\t\t<\/section>\n\t\t\t\t<section class=\"elementor-section elementor-top-section elementor-element elementor-element-92c10d7 elementor-section-boxed elementor-section-height-default elementor-section-height-default\" data-id=\"92c10d7\" data-element_type=\"section\">\n\t\t\t\t\t\t<div class=\"elementor-container elementor-column-gap-default\">\n\t\t\t\t\t<div class=\"elementor-column elementor-col-100 elementor-top-column elementor-element elementor-element-bc16788\" data-id=\"bc16788\" data-element_type=\"column\">\n\t\t\t<div class=\"elementor-widget-wrap elementor-element-populated\">\n\t\t\t\t\t\t<div class=\"elementor-element elementor-element-4ead54c elementor-widget elementor-widget-image\" data-id=\"4ead54c\" data-element_type=\"widget\" data-widget_type=\"image.default\">\n\t\t\t\t<div class=\"elementor-widget-container\">\n\t\t\t\t\t\t\t\t\t\t\t\t\t\t\t<img decoding=\"async\" width=\"768\" height=\"406\" src=\"https:\/\/www.sanjosecarmelitas.com\/wp-content\/uploads\/2020\/07\/completo-chica-768x406.jpg\" class=\"attachment-medium_large size-medium_large wp-image-8058\" alt=\"\" srcset=\"https:\/\/www.sanjosecarmelitas.com\/wp-content\/uploads\/2020\/07\/completo-chica-768x406.jpg 768w, https:\/\/www.sanjosecarmelitas.com\/wp-content\/uploads\/2020\/07\/completo-chica-300x159.jpg 300w, https:\/\/www.sanjosecarmelitas.com\/wp-content\/uploads\/2020\/07\/completo-chica-1024x542.jpg 1024w, https:\/\/www.sanjosecarmelitas.com\/wp-content\/uploads\/2020\/07\/completo-chica.jpg 1134w\" sizes=\"(max-width: 768px) 100vw, 768px\" \/>\t\t\t\t\t\t\t\t\t\t\t\t\t\t\t<\/div>\n\t\t\t\t<\/div>\n\t\t\t\t\t<\/div>\n\t\t<\/div>\n\t\t\t\t\t<\/div>\n\t\t<\/section>\n\t\t\t\t<section class=\"elementor-section elementor-top-section elementor-element elementor-element-11cb8ab elementor-section-boxed elementor-section-height-default elementor-section-height-default\" data-id=\"11cb8ab\" data-element_type=\"section\">\n\t\t\t\t\t\t<div class=\"elementor-container elementor-column-gap-default\">\n\t\t\t\t\t<div class=\"elementor-column elementor-col-100 elementor-top-column elementor-element elementor-element-a52cc58\" data-id=\"a52cc58\" data-element_type=\"column\">\n\t\t\t<div class=\"elementor-widget-wrap elementor-element-populated\">\n\t\t\t\t\t\t<div class=\"elementor-element elementor-element-6f702db elementor-widget elementor-widget-text-editor\" data-id=\"6f702db\" data-element_type=\"widget\" data-widget_type=\"text-editor.default\">\n\t\t\t\t<div class=\"elementor-widget-container\">\n\t\t\t\t\t\t\t\t\t<h4><b>NI\u00d1OS:<\/b><\/h4>\n<ol>\n<li>Pantal\u00f3n gris de tergal.<\/li>\n<li>Camisera o polo camisero blanco.<\/li>\n<li>Jersey cuello pico, azul.<\/li>\n<li>Calceter\u00eda azul marino.<\/li>\n<li>Zapato negro, modelo colegial.<\/li>\n<li>Bata a rayas verdes. (hasta 6\u00ba de primaria)<\/li>\n<\/ol>\t\t\t\t\t\t\t\t<\/div>\n\t\t\t\t<\/div>\n\t\t\t\t\t<\/div>\n\t\t<\/div>\n\t\t\t\t\t<\/div>\n\t\t<\/section>\n\t\t\t\t<section class=\"elementor-section elementor-top-section elementor-element elementor-element-d17d292 elementor-section-boxed elementor-section-height-default elementor-section-height-default\" data-id=\"d17d292\" data-element_type=\"section\">\n\t\t\t\t\t\t<div class=\"elementor-container elementor-column-gap-default\">\n\t\t\t\t\t<div class=\"elementor-column elementor-col-100 elementor-top-column elementor-element elementor-element-be6c4ce\" data-id=\"be6c4ce\" data-element_type=\"column\">\n\t\t\t<div class=\"elementor-widget-wrap elementor-element-populated\">\n\t\t\t\t\t\t<div class=\"elementor-element elementor-element-8bb46dc elementor-widget elementor-widget-image\" data-id=\"8bb46dc\" data-element_type=\"widget\" data-widget_type=\"image.default\">\n\t\t\t\t<div class=\"elementor-widget-container\">\n\t\t\t\t\t\t\t\t\t\t\t\t\t\t\t<img decoding=\"async\" width=\"768\" height=\"406\" src=\"https:\/\/www.sanjosecarmelitas.com\/wp-content\/uploads\/2020\/07\/completo-chico-768x406.jpg\" class=\"attachment-medium_large size-medium_large wp-image-8054\" alt=\"\" srcset=\"https:\/\/www.sanjosecarmelitas.com\/wp-content\/uploads\/2020\/07\/completo-chico-768x406.jpg 768w, https:\/\/www.sanjosecarmelitas.com\/wp-content\/uploads\/2020\/07\/completo-chico-300x159.jpg 300w, https:\/\/www.sanjosecarmelitas.com\/wp-content\/uploads\/2020\/07\/completo-chico-1024x542.jpg 1024w, https:\/\/www.sanjosecarmelitas.com\/wp-content\/uploads\/2020\/07\/completo-chico.jpg 1134w\" sizes=\"(max-width: 768px) 100vw, 768px\" \/>\t\t\t\t\t\t\t\t\t\t\t\t\t\t\t<\/div>\n\t\t\t\t<\/div>\n\t\t\t\t\t<\/div>\n\t\t<\/div>\n\t\t\t\t\t<\/div>\n\t\t<\/section>\n\t\t\t\t<section class=\"elementor-section elementor-top-section elementor-element elementor-element-416071f elementor-section-boxed elementor-section-height-default elementor-section-height-default\" data-id=\"416071f\" data-element_type=\"section\">\n\t\t\t\t\t\t<div class=\"elementor-container elementor-column-gap-default\">\n\t\t\t\t\t<div class=\"elementor-column elementor-col-100 elementor-top-column elementor-element elementor-element-4eefdd4\" data-id=\"4eefdd4\" data-element_type=\"column\">\n\t\t\t<div class=\"elementor-widget-wrap elementor-element-populated\">\n\t\t\t\t\t\t<div class=\"elementor-element elementor-element-18384a2 elementor-widget elementor-widget-text-editor\" data-id=\"18384a2\" data-element_type=\"widget\" data-widget_type=\"text-editor.default\">\n\t\t\t\t<div class=\"elementor-widget-container\">\n\t\t\t\t\t\t\t\t\t<h2><strong>COMPRA ON LINE<\/strong><\/h2>\t\t\t\t\t\t\t\t<\/div>\n\t\t\t\t<\/div>\n\t\t\t\t\t<\/div>\n\t\t<\/div>\n\t\t\t\t\t<\/div>\n\t\t<\/section>\n\t\t\t\t<section class=\"elementor-section elementor-top-section elementor-element elementor-element-49de443 elementor-section-boxed elementor-section-height-default elementor-section-height-default\" data-id=\"49de443\" data-element_type=\"section\">\n\t\t\t\t\t\t<div class=\"elementor-container elementor-column-gap-default\">\n\t\t\t\t\t<div class=\"elementor-column elementor-col-50 elementor-top-column elementor-element elementor-element-d11a0b0\" data-id=\"d11a0b0\" data-element_type=\"column\">\n\t\t\t<div class=\"elementor-widget-wrap elementor-element-populated\">\n\t\t\t\t\t\t<div class=\"elementor-element elementor-element-74437dd elementor-widget elementor-widget-text-editor\" data-id=\"74437dd\" data-element_type=\"widget\" data-widget_type=\"text-editor.default\">\n\t\t\t\t<div class=\"elementor-widget-container\">\n\t\t\t\t\t\t\t\t\t<p>Puedes acceder a la compra online del uniforme por medio del siguiente link:<\/p>\n<p><a href=\"https:\/\/www.elcorteingles.es\/uniformes\/vizcaya\/santurtzi\/san-jose-carmelitas-santurtzi\/?f=skus.school.id::059217\">https:\/\/www.elcorteingles.es\/uniformes\/vizcaya\/santurtzi\/san-jose-carmelitas-santurtzi\/?f=skus.school.id::059217<\/a><\/p>\t\t\t\t\t\t\t\t<\/div>\n\t\t\t\t<\/div>\n\t\t\t\t\t<\/div>\n\t\t<\/div>\n\t\t\t\t<div class=\"elementor-column elementor-col-50 elementor-top-column elementor-element elementor-element-4a14cda\" data-id=\"4a14cda\" data-element_type=\"column\">\n\t\t\t<div class=\"elementor-widget-wrap elementor-element-populated\">\n\t\t\t\t\t\t<div class=\"elementor-element elementor-element-eb666ba elementor-widget elementor-widget-image\" data-id=\"eb666ba\" data-element_type=\"widget\" data-widget_type=\"image.default\">\n\t\t\t\t<div class=\"elementor-widget-container\">\n\t\t\t\t\t\t\t\t\t\t\t\t\t\t\t\t<a href=\"https:\/\/www.elcorteingles.es\/uniformes\/vizcaya\/santurtzi\/san-jose-carmelitas-santurtzi\/?f=skus.school.id::059217\">\n\t\t\t\t\t\t\t<img loading=\"lazy\" decoding=\"async\" width=\"150\" height=\"150\" src=\"https:\/\/www.sanjosecarmelitas.com\/wp-content\/uploads\/2020\/07\/uniformes-compra-online-150x150.jpg\" class=\"attachment-thumbnail size-thumbnail wp-image-8027\" alt=\"\" \/>\t\t\t\t\t\t\t\t<\/a>\n\t\t\t\t\t\t\t\t\t\t\t\t\t\t\t<\/div>\n\t\t\t\t<\/div>\n\t\t\t\t\t<\/div>\n\t\t<\/div>\n\t\t\t\t\t<\/div>\n\t\t<\/section>\n\t\t\t\t<\/div>\n\t\t","protected":false},"excerpt":{"rendered":"<p>El ch\u00e1ndal es obligatorio desde 2 a\u00f1os hasta 4\u00ba de ESO. El uniforme es obligatorio desde 3 a\u00f1os hasta 4\u00ba de ESO. CH\u00c1NDAL AULA DE DOS A\u00d1OS, PSICOMOTRICIDAD Y ED. F\u00cdSICA: Ch\u00e1ndal en tonos azul marino-verde-blanco con el escudo del Colegio bordado. Camiseta deportiva con el escudo del colegio Sudadera en tonos azul marino opcional [&hellip;]<\/p>\n","protected":false},"author":2,"featured_media":0,"parent":0,"menu_order":0,"comment_status":"closed","ping_status":"closed","template":"","meta":{"site-sidebar-layout":"default","site-content-layout":"default","ast-site-content-layout":"default","site-content-style":"default","site-sidebar-style":"default","ast-global-header-display":"","ast-banner-title-visibility":"","ast-main-header-display":"","ast-hfb-above-header-display":"","ast-hfb-below-header-display":"","ast-hfb-mobile-header-display":"","site-post-title":"","ast-breadcrumbs-content":"","ast-featured-img":"","footer-sml-layout":"","ast-disable-related-posts":"","theme-transparent-header-meta":"default","adv-header-id-meta":"","stick-header-meta":"","header-above-stick-meta":"","header-main-stick-meta":"","header-below-stick-meta":"","astra-migrate-meta-layouts":"default","ast-page-background-enabled":"default","ast-page-background-meta":{"desktop":{"background-color":"var(--ast-global-color-4)","background-image":"","background-repeat":"repeat","background-position":"center center","background-size":"auto","background-attachment":"scroll","background-type":"","background-media":"","overlay-type":"","overlay-color":"","overlay-opacity":"","overlay-gradient":""},"tablet":{"background-color":"","background-image":"","background-repeat":"repeat","background-position":"center center","background-size":"auto","background-attachment":"scroll","background-type":"","background-media":"","overlay-type":"","overlay-color":"","overlay-opacity":"","overlay-gradient":""},"mobile":{"background-color":"","background-image":"","background-repeat":"repeat","background-position":"center center","background-size":"auto","background-attachment":"scroll","background-type":"","background-media":"","overlay-type":"","overlay-color":"","overlay-opacity":"","overlay-gradient":""}},"ast-content-background-meta":{"desktop":{"background-color":"var(--ast-global-color-5)","background-image":"","background-repeat":"repeat","background-position":"center center","background-size":"auto","background-attachment":"scroll","background-type":"","background-media":"","overlay-type":"","overlay-color":"","overlay-opacity":"","overlay-gradient":""},"tablet":{"background-color":"var(--ast-global-color-5)","background-image":"","background-repeat":"repeat","background-position":"center center","background-size":"auto","background-attachment":"scroll","background-type":"","background-media":"","overlay-type":"","overlay-color":"","overlay-opacity":"","overlay-gradient":""},"mobile":{"background-color":"var(--ast-global-color-5)","background-image":"","background-repeat":"repeat","background-position":"center center","background-size":"auto","background-attachment":"scroll","background-type":"","background-media":"","overlay-type":"","overlay-color":"","overlay-opacity":"","overlay-gradient":""}},"footnotes":""},"class_list":["post-6613","page","type-page","status-publish","hentry"],"_links":{"self":[{"href":"https:\/\/www.sanjosecarmelitas.com\/index.php\/wp-json\/wp\/v2\/pages\/6613","targetHints":{"allow":["GET"]}}],"collection":[{"href":"https:\/\/www.sanjosecarmelitas.com\/index.php\/wp-json\/wp\/v2\/pages"}],"about":[{"href":"https:\/\/www.sanjosecarmelitas.com\/index.php\/wp-json\/wp\/v2\/types\/page"}],"author":[{"embeddable":true,"href":"https:\/\/www.sanjosecarmelitas.com\/index.php\/wp-json\/wp\/v2\/users\/2"}],"replies":[{"embeddable":true,"href":"https:\/\/www.sanjosecarmelitas.com\/index.php\/wp-json\/wp\/v2\/comments?post=6613"}],"version-history":[{"count":5,"href":"https:\/\/www.sanjosecarmelitas.com\/index.php\/wp-json\/wp\/v2\/pages\/6613\/revisions"}],"predecessor-version":[{"id":8063,"href":"https:\/\/www.sanjosecarmelitas.com\/index.php\/wp-json\/wp\/v2\/pages\/6613\/revisions\/8063"}],"wp:attachment":[{"href":"https:\/\/www.sanjosecarmelitas.com\/index.php\/wp-json\/wp\/v2\/media?parent=6613"}],"curies":[{"name":"wp","href":"https:\/\/api.w.org\/{rel}","templated":true}]}}