{"id":4326,"date":"2013-05-29T15:16:30","date_gmt":"2013-05-29T13:16:30","guid":{"rendered":"http:\/\/www.sanjosecarmelitas.com\/index.php\/dbh\/"},"modified":"2019-05-10T06:08:34","modified_gmt":"2019-05-10T06:08:34","slug":"dbh","status":"publish","type":"page","link":"https:\/\/www.sanjosecarmelitas.com\/index.php\/hezkuntza-eskaintza\/dbh\/?lang=eu","title":{"rendered":"DBH"},"content":{"rendered":"<h2>(Modelo A reforzado y Modelo B reforzado)<\/h2>\n<p class=\"ladillo-derecha\">Comprende <b>cuatro cursos acad\u00e9micos<\/b>.<\/p>\n<p>La Educaci\u00f3n Secundaria Obligatoria se organiza en diferentes <b>materias<\/b>. El cuarto curso tendr\u00e1 car\u00e1cter orientador para los estudios posteriores mediante la elecci\u00f3n de materias de libre elecci\u00f3n.<\/p>\n<p>Se imparten, en todos o algunos de sus cursos, las siguientes materias:<\/p>\n<ul>\n<li>Lengua Vasca y Literatura.<\/li>\n<li><a href=\"https:\/\/www.sanjosecarmelitas.com\/index.php\/hezkuntza-eskaintza\/dbh\/dsc_4919-2\/?lang=eu\" rel=\"attachment wp-att-459\"><img decoding=\"async\" class=\"alignright  wp-image-459\" alt=\"DSC_4919\" src=\"https:\/\/www.sanjosecarmelitas.com\/wp-content\/uploads\/2013\/05\/DSC_4919-300x199.jpg\" width=\"225\" height=\"149\" srcset=\"https:\/\/www.sanjosecarmelitas.com\/wp-content\/uploads\/2013\/05\/DSC_4919-300x199.jpg 300w, https:\/\/www.sanjosecarmelitas.com\/wp-content\/uploads\/2013\/05\/DSC_4919-250x166.jpg 250w, https:\/\/www.sanjosecarmelitas.com\/wp-content\/uploads\/2013\/05\/DSC_4919-560x372.jpg 560w, https:\/\/www.sanjosecarmelitas.com\/wp-content\/uploads\/2013\/05\/DSC_4919-150x99.jpg 150w, https:\/\/www.sanjosecarmelitas.com\/wp-content\/uploads\/2013\/05\/DSC_4919-225x149.jpg 225w, https:\/\/www.sanjosecarmelitas.com\/wp-content\/uploads\/2013\/05\/DSC_4919-275x183.jpg 275w, https:\/\/www.sanjosecarmelitas.com\/wp-content\/uploads\/2013\/05\/DSC_4919.jpg 800w\" sizes=\"(max-width: 225px) 100vw, 225px\" \/><\/a>Lengua Castellana y Literatura.<\/li>\n<li>Lengua extranjera.<\/li>\n<li>Segunda Lengua extranjera.<\/li>\n<li>Matem\u00e1ticas.<\/li>\n<li>Ciencias de la Naturaleza.<\/li>\n<li>Ciencias Sociales, Geograf\u00eda e Historia.<\/li>\n<li>Educaci\u00f3n F\u00edsica.<\/li>\n<li>Educaci\u00f3n Pl\u00e1stica y Visual.<\/li>\n<li>M\u00fasica.<\/li>\n<li>Tecnolog\u00edas.<\/li>\n<li><a href=\"https:\/\/www.sanjosecarmelitas.com\/index.php\/hezkuntza-eskaintza\/dbh\/p1040835-2\/?lang=eu\" rel=\"attachment wp-att-771\"><img decoding=\"async\" class=\"alignright  wp-image-771\" alt=\"P1040835\" src=\"https:\/\/www.sanjosecarmelitas.com\/wp-content\/uploads\/2013\/05\/P1040835-300x225.jpg\" width=\"225\" height=\"149\" \/><\/a>Inform\u00e1tica.<\/li>\n<li>Educaci\u00f3n para la ciudadan\u00eda y los Derechos Humanos.<\/li>\n<li>Educaci\u00f3n \u00e9tico-c\u00edvica.<\/li>\n<li>Biolog\u00eda y Geolog\u00eda.<\/li>\n<li>F\u00edsica y Qu\u00edmica.<\/li>\n<li>Lat\u00edn.<\/li>\n<li>Materias optativas y de refuerzo.<\/li>\n<li>Religi\u00f3n.<\/li>\n<\/ul>\n<p>En <b>cuarto curso<\/b> deber\u00e1n cursarse tres de ocho materias de libre elecci\u00f3n. En el colegio San Jos\u00e9-Carmelitas presentamos la siguiente propuesta:<\/p>\n<table border=\"1\" cellspacing=\"0\" cellpadding=\"0\">\n<tbody>\n<tr>\n<td colspan=\"2\" valign=\"top\" width=\"504\">\n<p align=\"center\"><i>Biolog\u00eda y Geolog\u00eda<\/i><\/p>\n<\/td>\n<\/tr>\n<tr>\n<td valign=\"top\" width=\"240\">\n<p align=\"center\"><i>F\u00edsica y Qu\u00edmica<\/i><\/p>\n<\/td>\n<td valign=\"top\" width=\"264\">\n<p align=\"center\"><i>Educaci\u00f3n Pl\u00e1stica y Visual<\/i><\/p>\n<\/td>\n<\/tr>\n<tr>\n<td valign=\"top\" width=\"240\">\n<p align=\"center\"><i>Lat\u00edn<\/i><\/p>\n<\/td>\n<td valign=\"top\" width=\"264\">\n<p align=\"center\"><i>Inform\u00e1tica \/ Franc\u00e9s<\/i><\/p>\n<\/td>\n<\/tr>\n<\/tbody>\n<\/table>\n<p>De modo general, la Educaci\u00f3n Secundaria Obligatoria tiene como <b>finalidad<\/b>:<\/p>\n<ul>\n<li>lograr la adquisici\u00f3n de los elementos b\u00e1sicos de la cultura, especialmente en sus aspectos human\u00edstico, art\u00edstico, cient\u00edfico y tecnol\u00f3gico;<\/li>\n<li>desarrollar y consolidar h\u00e1bitos de estudio y de trabajo;<\/li>\n<li>preparar para la incorporaci\u00f3n a estudios posteriores y para la inserci\u00f3n laboral;<\/li>\n<li>y formar para el ejercicio de sus derechos y obligaciones.<\/li>\n<\/ul>\n<p class=\"ladillo-izquierda\"><b>Evaluaci\u00f3n de diagn\u00f3stico<\/b> al finalizar el segundo curso de la Educaci\u00f3n Secundaria.<\/p>\n<p>En San Jos\u00e9-Carmelitas se ampl\u00edan los conocimientos y la <b>competencia ling\u00fc\u00edstica en ingl\u00e9s<\/b> utilizando esta lengua para impartir conocimiento de Ciencias Sociales (1\u00ba ESO) y asistiendo y participando en diferentes actividades en ingl\u00e9s (asistente de conversaci\u00f3n, teatro, actividades complementarias\u2026).<\/p>\n<p><b>Aulas digitalizadas<\/b> y desarrollo de la <b>competencia tecnol\u00f3gica<\/b> por medio del programa Eskola 2.0., el uso de herramientas inform\u00e1ticas y audiovisuales para profundizar en aspectos de la competencia matem\u00e1tica y competencia en cultura cient\u00edfica, tecnol\u00f3gica y de la salud\u2026<\/p>\n<p>Educaci\u00f3n en valores desarrollando el <b>Plan de Acci\u00f3n Tutorial<\/b> y el <b>Plan de Pastoral<\/b>.<\/p>\n<p>Impulso del uso del euskera programando actividades de refuerzo dentro del proyecto de <b>Normalizaci\u00f3n Ling\u00fc\u00edstica<\/b> a fin de fomentar una actitud positiva ante la lengua vasca y un mayor empleo de la misma. En concreto, en el modelo A el euskera ser\u00e1 lengua vehicular en diferentes asignaturas (educaci\u00f3n f\u00edsica, inform\u00e1tica, m\u00fasica, tecnolog\u00eda, pl\u00e1stica).<\/p>\n<p><img decoding=\"async\" class=\"alignleft size-imagen_junto_texto wp-image-464\" alt=\"ForoTxiki_05\" src=\"https:\/\/www.sanjosecarmelitas.com\/wp-content\/uploads\/2013\/05\/ForoTxiki_05-225x168.jpg\" width=\"225\" height=\"168\" srcset=\"https:\/\/www.sanjosecarmelitas.com\/wp-content\/uploads\/2013\/05\/ForoTxiki_05-225x168.jpg 225w, https:\/\/www.sanjosecarmelitas.com\/wp-content\/uploads\/2013\/05\/ForoTxiki_05-300x225.jpg 300w, https:\/\/www.sanjosecarmelitas.com\/wp-content\/uploads\/2013\/05\/ForoTxiki_05-250x187.jpg 250w, https:\/\/www.sanjosecarmelitas.com\/wp-content\/uploads\/2013\/05\/ForoTxiki_05-560x420.jpg 560w, https:\/\/www.sanjosecarmelitas.com\/wp-content\/uploads\/2013\/05\/ForoTxiki_05-150x112.jpg 150w, https:\/\/www.sanjosecarmelitas.com\/wp-content\/uploads\/2013\/05\/ForoTxiki_05.jpg 800w\" sizes=\"(max-width: 225px) 100vw, 225px\" \/>Proyecto de <b>Gesti\u00f3n Medioambiental y AE21, <\/b>que promueven el sentido de la responsabilidad con el Medio Ambiente impulsando el reciclaje de los diferentes residuos y el uso racional del agua y la energ\u00eda, programando salidas culturales relacionadas con diferentes contenidos sobre Medio Ambiente, y participando en la Comisi\u00f3n Medioambiental, en el Foro Txiki y el foro IRAES.<\/p>\n<p><strong>Actividades complementarias<\/strong> (salidas a museos, salidas medioambientales, teatro, multiaventura\u2026).<\/p>\n<p>Comunicaci\u00f3n directa y permanente con las familias.<\/p>\n<p>Departamento de orientaci\u00f3n \u2013 Atenci\u00f3n a la Diversidad \u2013 Proyecto PREE \u2013 Intervenci\u00f3n educativa.<\/p>\n<h3><b>Horario<\/b><\/h3>\n<div align=\"center\">\n<table border=\"1\" cellspacing=\"0\" cellpadding=\"0\">\n<tbody>\n<tr>\n<th style=\"width: 163px;\" scope=\"row\">\n<p align=\"center\"><b>Ma\u00f1ana \/ Goizean<\/b><\/p>\n<\/th>\n<th style=\"width: 173px;\">\n<p align=\"center\"><b>Tarde \/ Arratsaldean<\/b><\/p>\n<\/th>\n<\/tr>\n<tr>\n<td width=\"163\">\n<p align=\"center\">Lunes y Martes:<\/p>\n<p align=\"center\">9:00-13:30<\/p>\n<p align=\"center\">Mi\u00e9rcoles y Viernes:<\/p>\n<p align=\"center\">8:00-14:30<\/p>\n<p align=\"center\">Jueves:<\/p>\n<p align=\"center\">8:00-13:30<\/p>\n<\/td>\n<td width=\"173\">\n<p align=\"center\">Lunes, Martes y Jueves:<\/p>\n<p align=\"center\">15:00-17:00<\/p>\n<\/td>\n<\/tr>\n<\/tbody>\n<\/table>\n<\/div>\n<h3><b>Servicios<\/b><\/h3>\n<ul>\n<li><a href=\"https:\/\/www.sanjosecarmelitas.com\/index.php\/hezkuntza-eskaintza\/dbh\/2012-10-08-11-51-42-2\/?lang=eu\" rel=\"attachment wp-att-770\"><img loading=\"lazy\" decoding=\"async\" class=\"alignright size-medium wp-image-770\" alt=\"2012-10-08 11.51.42\" src=\"https:\/\/www.sanjosecarmelitas.com\/wp-content\/uploads\/2013\/05\/2012-10-08-11.51.42-300x225.jpg\" width=\"300\" height=\"225\" srcset=\"https:\/\/www.sanjosecarmelitas.com\/wp-content\/uploads\/2013\/05\/2012-10-08-11.51.42-300x225.jpg 300w, https:\/\/www.sanjosecarmelitas.com\/wp-content\/uploads\/2013\/05\/2012-10-08-11.51.42-1024x768.jpg 1024w, https:\/\/www.sanjosecarmelitas.com\/wp-content\/uploads\/2013\/05\/2012-10-08-11.51.42-250x187.jpg 250w, https:\/\/www.sanjosecarmelitas.com\/wp-content\/uploads\/2013\/05\/2012-10-08-11.51.42-560x420.jpg 560w, https:\/\/www.sanjosecarmelitas.com\/wp-content\/uploads\/2013\/05\/2012-10-08-11.51.42-150x112.jpg 150w, https:\/\/www.sanjosecarmelitas.com\/wp-content\/uploads\/2013\/05\/2012-10-08-11.51.42-225x168.jpg 225w, https:\/\/www.sanjosecarmelitas.com\/wp-content\/uploads\/2013\/05\/2012-10-08-11.51.42.jpg 2048w\" sizes=\"(max-width: 300px) 100vw, 300px\" \/><\/a>Servicio de <b>comedor<\/b>: comida elaborada en el centro y servida en comedor diferenciada por la edad.<\/li>\n<li><b>Actividades extraescolares <\/b>(ingl\u00e9s, euskera&#8230;).<\/li>\n<li>Plataforma <b>ALEXIA<\/b> (canal de comunicaci\u00f3n familias-centro).<\/li>\n<li>Actividades para las familias: Grupos <b>FEAC<\/b> (Familia Escuela Acci\u00f3n Compartida) y <b>Escuela de Padres y Madres.<\/b><\/li>\n<\/ul>\n<h3><b>Uniforme (1\u00ba y 2\u00ba ESO)<\/b><\/h3>\n<h4><b>Ni\u00f1as:<\/b><\/h4>\n<ol>\n<li>Falda escocesa en tonos marr\u00f3n.<\/li>\n<li>Camisa blanca.<\/li>\n<li>Jersey cuello pico, marr\u00f3n.<\/li>\n<li>Calceter\u00eda blanca o marr\u00f3n.<\/li>\n<li>Zapato marr\u00f3n, modelo colegial.<\/li>\n<\/ol>\n<h4><b>Ni\u00f1os:<\/b><\/h4>\n<ol>\n<li>Pantal\u00f3n gris de tergal.<\/li>\n<li>Camisa blanca.<\/li>\n<li>Jersey cuello pico, azul.<\/li>\n<li>Calceter\u00eda azul marino.<\/li>\n<li>Zapato negro, modelo colegial.<\/li>\n<\/ol>\n<h4><b>Educaci\u00f3n F\u00edsica:<\/b><\/h4>\n<ol>\n<li>Ch\u00e1ndal en tonos azul marino-verde-blanco con el escudo del Colegio bordado.<\/li>\n<li>Camiseta blanca con el escudo del colegio.<\/li>\n<\/ol>\n","protected":false},"excerpt":{"rendered":"<p>(Modelo A reforzado y Modelo B reforzado) Comprende cuatro cursos acad\u00e9micos. La Educaci\u00f3n Secundaria Obligatoria se organiza en diferentes materias. El cuarto curso tendr\u00e1 car\u00e1cter orientador para los estudios posteriores mediante la elecci\u00f3n de materias de libre elecci\u00f3n. Se imparten, en todos o algunos de sus cursos, las siguientes materias: Lengua Vasca y Literatura. Lengua [&hellip;]<\/p>\n","protected":false},"author":1,"featured_media":0,"parent":4292,"menu_order":3,"comment_status":"closed","ping_status":"closed","template":"","meta":{"site-sidebar-layout":"default","site-content-layout":"default","ast-site-content-layout":"default","site-content-style":"default","site-sidebar-style":"default","ast-global-header-display":"","ast-banner-title-visibility":"","ast-main-header-display":"","ast-hfb-above-header-display":"","ast-hfb-below-header-display":"","ast-hfb-mobile-header-display":"","site-post-title":"","ast-breadcrumbs-content":"","ast-featured-img":"","footer-sml-layout":"","ast-disable-related-posts":"","theme-transparent-header-meta":"default","adv-header-id-meta":"","stick-header-meta":"","header-above-stick-meta":"","header-main-stick-meta":"","header-below-stick-meta":"","astra-migrate-meta-layouts":"default","ast-page-background-enabled":"default","ast-page-background-meta":{"desktop":{"background-color":"var(--ast-global-color-4)","background-image":"","background-repeat":"repeat","background-position":"center center","background-size":"auto","background-attachment":"scroll","background-type":"","background-media":"","overlay-type":"","overlay-color":"","overlay-opacity":"","overlay-gradient":""},"tablet":{"background-color":"","background-image":"","background-repeat":"repeat","background-position":"center center","background-size":"auto","background-attachment":"scroll","background-type":"","background-media":"","overlay-type":"","overlay-color":"","overlay-opacity":"","overlay-gradient":""},"mobile":{"background-color":"","background-image":"","background-repeat":"repeat","background-position":"center center","background-size":"auto","background-attachment":"scroll","background-type":"","background-media":"","overlay-type":"","overlay-color":"","overlay-opacity":"","overlay-gradient":""}},"ast-content-background-meta":{"desktop":{"background-color":"var(--ast-global-color-5)","background-image":"","background-repeat":"repeat","background-position":"center center","background-size":"auto","background-attachment":"scroll","background-type":"","background-media":"","overlay-type":"","overlay-color":"","overlay-opacity":"","overlay-gradient":""},"tablet":{"background-color":"var(--ast-global-color-5)","background-image":"","background-repeat":"repeat","background-position":"center center","background-size":"auto","background-attachment":"scroll","background-type":"","background-media":"","overlay-type":"","overlay-color":"","overlay-opacity":"","overlay-gradient":""},"mobile":{"background-color":"var(--ast-global-color-5)","background-image":"","background-repeat":"repeat","background-position":"center center","background-size":"auto","background-attachment":"scroll","background-type":"","background-media":"","overlay-type":"","overlay-color":"","overlay-opacity":"","overlay-gradient":""}},"footnotes":""},"class_list":["post-4326","page","type-page","status-publish","hentry"],"_links":{"self":[{"href":"https:\/\/www.sanjosecarmelitas.com\/index.php\/wp-json\/wp\/v2\/pages\/4326","targetHints":{"allow":["GET"]}}],"collection":[{"href":"https:\/\/www.sanjosecarmelitas.com\/index.php\/wp-json\/wp\/v2\/pages"}],"about":[{"href":"https:\/\/www.sanjosecarmelitas.com\/index.php\/wp-json\/wp\/v2\/types\/page"}],"author":[{"embeddable":true,"href":"https:\/\/www.sanjosecarmelitas.com\/index.php\/wp-json\/wp\/v2\/users\/1"}],"replies":[{"embeddable":true,"href":"https:\/\/www.sanjosecarmelitas.com\/index.php\/wp-json\/wp\/v2\/comments?post=4326"}],"version-history":[{"count":2,"href":"https:\/\/www.sanjosecarmelitas.com\/index.php\/wp-json\/wp\/v2\/pages\/4326\/revisions"}],"predecessor-version":[{"id":6651,"href":"https:\/\/www.sanjosecarmelitas.com\/index.php\/wp-json\/wp\/v2\/pages\/4326\/revisions\/6651"}],"up":[{"embeddable":true,"href":"https:\/\/www.sanjosecarmelitas.com\/index.php\/wp-json\/wp\/v2\/pages\/4292"}],"wp:attachment":[{"href":"https:\/\/www.sanjosecarmelitas.com\/index.php\/wp-json\/wp\/v2\/media?parent=4326"}],"curies":[{"name":"wp","href":"https:\/\/api.w.org\/{rel}","templated":true}]}}