{"id":4310,"date":"2013-05-16T15:23:01","date_gmt":"2013-05-16T15:23:01","guid":{"rendered":"http:\/\/www.sanjosecarmelitas.com\/index.php\/fundatzaileak\/"},"modified":"2013-05-16T15:23:01","modified_gmt":"2013-05-16T15:23:01","slug":"fundatzaileak","status":"publish","type":"page","link":"https:\/\/www.sanjosecarmelitas.com\/index.php\/ikastetxea\/fundatzaileak\/?lang=eu","title":{"rendered":"Fundatzaileak"},"content":{"rendered":"<p><b><a href=\"https:\/\/www.sanjosecarmelitas.com\/index.php\/colegio\/fundadoras\/madres_fundadoras_castellano\/\" rel=\"attachment wp-att-735\"><img fetchpriority=\"high\" decoding=\"async\" class=\"alignright size-medium wp-image-735\" alt=\"MADRES_FUNDADORAS_CASTELLANO\" src=\"https:\/\/www.sanjosecarmelitas.com\/wp-content\/uploads\/2013\/05\/MADRES_FUNDADORAS_CASTELLANO-213x300.jpg\" width=\"213\" height=\"300\" srcset=\"https:\/\/www.sanjosecarmelitas.com\/wp-content\/uploads\/2013\/05\/MADRES_FUNDADORAS_CASTELLANO-213x300.jpg 213w, https:\/\/www.sanjosecarmelitas.com\/wp-content\/uploads\/2013\/05\/MADRES_FUNDADORAS_CASTELLANO-560x785.jpg 560w, https:\/\/www.sanjosecarmelitas.com\/wp-content\/uploads\/2013\/05\/MADRES_FUNDADORAS_CASTELLANO-150x210.jpg 150w, https:\/\/www.sanjosecarmelitas.com\/wp-content\/uploads\/2013\/05\/MADRES_FUNDADORAS_CASTELLANO.jpg 570w\" sizes=\"(max-width: 213px) 100vw, 213px\" \/><\/a>Teresa Toda Juncosa <\/b>Riudecanyesen<b> <\/b>jaio zen, Tarragonan (Espainia), 1826ko abuztuaren 19an. Hamahiru urte zituenean bere aita hil zen. Bere garaiko neskak bezala, Teresa ez zen eskolara joan. Antonio Guasch-ekin ezkondu zen 1847an. Etxe hartan bakeak 3 hilabete besterik ez zuen iraun. Tratu txarrak jasan zituen eta haurdun zegoela bere amaren etxera bueltatu zen eta 1848ko maiatzaren 28an bere alaba Teresa Guasch jaio zen. Emakume fededuna zen eta Tarragonako eliza-auzitegian banantzea eskatu zuen. Geroago, bere sorterria utzi zuen eta Tarragonara joan zen. Bere alabaren heziketan arreta handia jarri zuen eta bere bihotzean <i>Carmelitas Teresas de San Jos\u00e9<\/i> kongregazioa fundatzearen ideia hazten ari zen. Kongregazioa 1878an fundatu zuen bere alabarekin batera, neska umezurtz eta txiroak babesteko. Bartzelonan hil zen 1898ko uztailaren 30ean.<\/p>\n<p><b>Teresa Guasch Toda <\/b>Riudecanyesen<b> <\/b>jaio zen, Tarragonan (Espainia), 1848ko maiatzaren 28an. Txikia zelarik, bere aitaren tratu txarrak jasan zituen. Kristau heziketa sendoa jaso zuen bere etxean, amama Magdalena eta ama Teresaren eskutik, eta Tarragonako <i>Compa\u00f1\u00eda de Mar\u00eda<\/i> eskolan ere bai. Irakasle titulua eskuratu zuen. 1878an, bere amarekin batera, <i>Carmelitas Teresas de San Jos\u00e9<\/i> kongregazioa fundatu zuen Bartzelonan, neska txiro eta umezurtzak babesteko. Bartzelonan hil zen, 1917ko abenduaren 15ean.<\/p>\n<p><a href=\"https:\/\/www.sanjosecarmelitas.com\/wp-content\/uploads\/2013\/05\/teresa2.jpg\"><img decoding=\"async\" alt=\"teresa2\" src=\"https:\/\/www.sanjosecarmelitas.com\/wp-content\/uploads\/2013\/05\/teresa2.jpg\" width=\"560\" height=\"373\" \/><\/a><\/p>\n","protected":false},"excerpt":{"rendered":"<p>Teresa Toda Juncosa Riudecanyesen jaio zen, Tarragonan (Espainia), 1826ko abuztuaren 19an. Hamahiru urte zituenean bere aita hil zen. Bere garaiko neskak bezala, Teresa ez zen eskolara joan. Antonio Guasch-ekin ezkondu zen 1847an. Etxe hartan bakeak 3 hilabete besterik ez zuen iraun. Tratu txarrak jasan zituen eta haurdun zegoela bere amaren etxera bueltatu zen eta 1848ko [&hellip;]<\/p>\n","protected":false},"author":1,"featured_media":0,"parent":4288,"menu_order":12,"comment_status":"closed","ping_status":"closed","template":"","meta":{"site-sidebar-layout":"default","site-content-layout":"","ast-site-content-layout":"default","site-content-style":"default","site-sidebar-style":"default","ast-global-header-display":"","ast-banner-title-visibility":"","ast-main-header-display":"","ast-hfb-above-header-display":"","ast-hfb-below-header-display":"","ast-hfb-mobile-header-display":"","site-post-title":"","ast-breadcrumbs-content":"","ast-featured-img":"","footer-sml-layout":"","ast-disable-related-posts":"","theme-transparent-header-meta":"","adv-header-id-meta":"","stick-header-meta":"","header-above-stick-meta":"","header-main-stick-meta":"","header-below-stick-meta":"","astra-migrate-meta-layouts":"default","ast-page-background-enabled":"default","ast-page-background-meta":{"desktop":{"background-color":"var(--ast-global-color-4)","background-image":"","background-repeat":"repeat","background-position":"center center","background-size":"auto","background-attachment":"scroll","background-type":"","background-media":"","overlay-type":"","overlay-color":"","overlay-opacity":"","overlay-gradient":""},"tablet":{"background-color":"","background-image":"","background-repeat":"repeat","background-position":"center center","background-size":"auto","background-attachment":"scroll","background-type":"","background-media":"","overlay-type":"","overlay-color":"","overlay-opacity":"","overlay-gradient":""},"mobile":{"background-color":"","background-image":"","background-repeat":"repeat","background-position":"center center","background-size":"auto","background-attachment":"scroll","background-type":"","background-media":"","overlay-type":"","overlay-color":"","overlay-opacity":"","overlay-gradient":""}},"ast-content-background-meta":{"desktop":{"background-color":"var(--ast-global-color-5)","background-image":"","background-repeat":"repeat","background-position":"center center","background-size":"auto","background-attachment":"scroll","background-type":"","background-media":"","overlay-type":"","overlay-color":"","overlay-opacity":"","overlay-gradient":""},"tablet":{"background-color":"var(--ast-global-color-5)","background-image":"","background-repeat":"repeat","background-position":"center center","background-size":"auto","background-attachment":"scroll","background-type":"","background-media":"","overlay-type":"","overlay-color":"","overlay-opacity":"","overlay-gradient":""},"mobile":{"background-color":"var(--ast-global-color-5)","background-image":"","background-repeat":"repeat","background-position":"center center","background-size":"auto","background-attachment":"scroll","background-type":"","background-media":"","overlay-type":"","overlay-color":"","overlay-opacity":"","overlay-gradient":""}},"footnotes":""},"class_list":["post-4310","page","type-page","status-publish","hentry"],"_links":{"self":[{"href":"https:\/\/www.sanjosecarmelitas.com\/index.php\/wp-json\/wp\/v2\/pages\/4310","targetHints":{"allow":["GET"]}}],"collection":[{"href":"https:\/\/www.sanjosecarmelitas.com\/index.php\/wp-json\/wp\/v2\/pages"}],"about":[{"href":"https:\/\/www.sanjosecarmelitas.com\/index.php\/wp-json\/wp\/v2\/types\/page"}],"author":[{"embeddable":true,"href":"https:\/\/www.sanjosecarmelitas.com\/index.php\/wp-json\/wp\/v2\/users\/1"}],"replies":[{"embeddable":true,"href":"https:\/\/www.sanjosecarmelitas.com\/index.php\/wp-json\/wp\/v2\/comments?post=4310"}],"version-history":[{"count":0,"href":"https:\/\/www.sanjosecarmelitas.com\/index.php\/wp-json\/wp\/v2\/pages\/4310\/revisions"}],"up":[{"embeddable":true,"href":"https:\/\/www.sanjosecarmelitas.com\/index.php\/wp-json\/wp\/v2\/pages\/4288"}],"wp:attachment":[{"href":"https:\/\/www.sanjosecarmelitas.com\/index.php\/wp-json\/wp\/v2\/media?parent=4310"}],"curies":[{"name":"wp","href":"https:\/\/api.w.org\/{rel}","templated":true}]}}