{"id":4298,"date":"2013-04-25T10:24:38","date_gmt":"2013-04-25T10:24:38","guid":{"rendered":"http:\/\/www.sanjosecarmelitas.com\/index.php\/historia\/"},"modified":"2019-05-29T09:42:52","modified_gmt":"2019-05-29T09:42:52","slug":"historia","status":"publish","type":"page","link":"https:\/\/www.sanjosecarmelitas.com\/index.php\/ikastetxea\/historia\/?lang=eu","title":{"rendered":"Historia"},"content":{"rendered":"<p><a href=\"https:\/\/www.sanjosecarmelitas.com\/wp-content\/uploads\/2013\/04\/historia1.jpg\"><img fetchpriority=\"high\" decoding=\"async\" class=\" wp-image-81 alignright\" alt=\"historia1\" src=\"https:\/\/www.sanjosecarmelitas.com\/wp-content\/uploads\/2013\/04\/historia1-204x300.jpg\" width=\"233\" height=\"346\"><\/a>1959an Carmelitas Teresas de San Jos\u00e9 serorek amets bat izan zuten, Santurtzin ikastetxe bat fundatzeko ideia, gure herria etorkizun lurraldea zela pentsatu baitzuten. Haien hezkuntza proiektua garatzeko erronka bat zen, leku berri batean eta errealitate berri batean. Gainera, hemen Karmengo Amarekiko debozioak tradizio handia du.<\/p>\n<p>Santurtzin, 1959an Kongregazioak Murrieta Etorbideko txalet eder bat jaso zuen, ezkiz beteriko parke batez inguratuta eta alde batean gelak zituen etxetzar zahar bat zeukana. Eraikina Jes\u00fas Gonz\u00e1lez L\u00f3pez de Lacalle-rena zen, apaiz ospetsua, eta bertan obra sozial garrantzitsua zuzendu zuena: Solacium Alma Mater.<\/p>\n<p><a href=\"https:\/\/www.sanjosecarmelitas.com\/wp-content\/uploads\/2013\/04\/01_SJC_Historiaw.jpg\"><img decoding=\"async\" class=\"alignleft  wp-image-724\" alt=\"01_SJC_Historiaw\" src=\"https:\/\/www.sanjosecarmelitas.com\/wp-content\/uploads\/2013\/04\/01_SJC_Historiaw-300x180.jpg\" width=\"275\" height=\"183\"><\/a>Irailaren 29an Carmelitas Teresas de San Jos\u00e9 seroren lehen komunitatea sortu zen. Serora hauek lehen ikasleak hartzeko prestakuntza egin zuten eta hau, hasiera guztiak bezalaxe, ez zen erraza izan.<br \/>\nHorrela, 1959ko azaroaren 15ean San Jos\u00e9-Hermanas Carmelitas ikastetxea ireki zen, ikasturtea hasita egonda eta ikasle kopuru txikiarekin.<\/p>\n<p><a href=\"https:\/\/www.sanjosecarmelitas.com\/wp-content\/uploads\/2013\/10\/07_SJC_Historia.jpg\"><img decoding=\"async\" class=\" wp-image-415 alignright\" alt=\"07_SJC_Historia\" src=\"https:\/\/www.sanjosecarmelitas.com\/wp-content\/uploads\/2013\/10\/07_SJC_Historia-300x230.jpg\" width=\"275\" height=\"183\"><\/a>1959-60ko ikasturtea hamar ikaslerekin hasi bazen ere, hirurogeirekin amaitu zen; eta, 1963-64ko ikasturtean 435era igo zen. Honen arabera, herriko familiek hezkuntza proiektu berri hau onartzen zuten eta haien seme-alaben heziketan eskatutako beharrak eta aukerak asetzen zuen. Lehen urte hauek erronkez eta lanaz beteta egon ziren, eskaintzen zuten heziketa erakusteko urteak, baina itxaropenaz eta ilusioz beterik egon ziren.<\/p>\n<p><img loading=\"lazy\" decoding=\"async\" class=\"alignleft size-imagen_instalaciones wp-image-413\" alt=\"04_SJC_Historia\" src=\"https:\/\/www.sanjosecarmelitas.com\/wp-content\/uploads\/2013\/10\/04_SJC_Historia-275x183.jpg\" width=\"275\" height=\"183\">Ikasleen igoera honek eraikina handitzea bultzatu zuen, horregatik, 1963an, txaletaren ondoan, zazpi solairuko eraikin bat egin zuten, haietatik bost erabiliz.<\/p>\n<p>Lekuaren handitze honek hezkuntza eskaintza ere handitzea bultzatu zuen. Horrela, 1967ko apirilean Hezkuntza Ministerioak San Jos\u00e9 ikastetxea Oinarrizko Batxilergoa emateko baimendu zuen eta 1971-72an Goi mailako Batxilergoa emateko gai zen.<\/p>\n<p><img loading=\"lazy\" decoding=\"async\" class=\"size-imagen_instalaciones wp-image-416 alignright\" alt=\"09_SJC_Historia\" src=\"https:\/\/www.sanjosecarmelitas.com\/wp-content\/uploads\/2013\/10\/09_SJC_Historia-275x183.jpg\" width=\"275\" height=\"183\" srcset=\"https:\/\/www.sanjosecarmelitas.com\/wp-content\/uploads\/2013\/10\/09_SJC_Historia-275x183.jpg 275w, https:\/\/www.sanjosecarmelitas.com\/wp-content\/uploads\/2013\/10\/09_SJC_Historia-300x201.jpg 300w, https:\/\/www.sanjosecarmelitas.com\/wp-content\/uploads\/2013\/10\/09_SJC_Historia-250x167.jpg 250w, https:\/\/www.sanjosecarmelitas.com\/wp-content\/uploads\/2013\/10\/09_SJC_Historia-560x375.jpg 560w, https:\/\/www.sanjosecarmelitas.com\/wp-content\/uploads\/2013\/10\/09_SJC_Historia-150x100.jpg 150w, https:\/\/www.sanjosecarmelitas.com\/wp-content\/uploads\/2013\/10\/09_SJC_Historia-225x151.jpg 225w\" sizes=\"(max-width: 275px) 100vw, 275px\" \/>Dena den, ikasleen kopuruak handitzen jarraitzen zuen: 1973-74ko ikasturtean 908 ikasle zeuden matrikulatuta. Orduan, gela gehiago egiteko eta hauek handitzeko premia izan zuten. Honen ondorioz, 1973an txalet zaharra bota zuten eta horren ordez lau solairuko pabilioia egin zen. 1974ko maiatzaren 19an lokal berriak inauguratu zituzten, instalazio modernoagoekin eta erabilgarriagoekin: gelak, gimnasioa, jantokiak, sukaldea, jolastoki estalia, etab.<\/p>\n<p>Baina hezkuntza legeak aldatuz joan ziren, gizartea, demokratizazioaren ondorioz, aldatzen ari zen, bizitzeko modu ezberdinak bilakatzen ari ziren, eta gure ikastetxea ere aldatzen aldatzen zihoan\u2026Horrela, lehen eskola kontseiluak egin ziren, euskararen normalizazioa bete zen, ikastetxea mistoa bihurtu zen, beste hizkuntza ereduak agertu ziren, lehen zuzendari pedagogiko laikoa izendatu zuten\u2026<\/p>\n<p><img loading=\"lazy\" decoding=\"async\" class=\"alignleft  wp-image-725\" alt=\"Cincuentenario\" src=\"https:\/\/www.sanjosecarmelitas.com\/wp-content\/uploads\/2013\/04\/Cincuentenario-275x183.jpg\" width=\"275\" height=\"183\">2002-2003ko ikasturtean eraikin berri bat inauguratu genuen, irakasgai eta gaitasun berriak garatu ahal izateko (psikomotrizitatea, kirolak, TIC-en erabilera).<\/p>\n<p>Bilakaera honek gure fundatzaileen eta Kongregazioaren izpiritu berritzaileari erantzuten dio eta honek orain garena bihurtzera eraman gaitu.<\/p>\n","protected":false},"excerpt":{"rendered":"<p>1959an Carmelitas Teresas de San Jos\u00e9 serorek amets bat izan zuten, Santurtzin ikastetxe bat fundatzeko ideia, gure herria etorkizun lurraldea zela pentsatu baitzuten. Haien hezkuntza proiektua garatzeko erronka bat zen, leku berri batean eta errealitate berri batean. Gainera, hemen Karmengo Amarekiko debozioak tradizio handia du. Santurtzin, 1959an Kongregazioak Murrieta Etorbideko txalet eder bat jaso zuen, [&hellip;]<\/p>\n","protected":false},"author":1,"featured_media":0,"parent":4288,"menu_order":4,"comment_status":"closed","ping_status":"closed","template":"","meta":{"site-sidebar-layout":"default","site-content-layout":"default","ast-site-content-layout":"default","site-content-style":"default","site-sidebar-style":"default","ast-global-header-display":"","ast-banner-title-visibility":"","ast-main-header-display":"","ast-hfb-above-header-display":"","ast-hfb-below-header-display":"","ast-hfb-mobile-header-display":"","site-post-title":"","ast-breadcrumbs-content":"","ast-featured-img":"","footer-sml-layout":"","ast-disable-related-posts":"","theme-transparent-header-meta":"default","adv-header-id-meta":"","stick-header-meta":"","header-above-stick-meta":"","header-main-stick-meta":"","header-below-stick-meta":"","astra-migrate-meta-layouts":"default","ast-page-background-enabled":"default","ast-page-background-meta":{"desktop":{"background-color":"var(--ast-global-color-4)","background-image":"","background-repeat":"repeat","background-position":"center center","background-size":"auto","background-attachment":"scroll","background-type":"","background-media":"","overlay-type":"","overlay-color":"","overlay-opacity":"","overlay-gradient":""},"tablet":{"background-color":"","background-image":"","background-repeat":"repeat","background-position":"center center","background-size":"auto","background-attachment":"scroll","background-type":"","background-media":"","overlay-type":"","overlay-color":"","overlay-opacity":"","overlay-gradient":""},"mobile":{"background-color":"","background-image":"","background-repeat":"repeat","background-position":"center center","background-size":"auto","background-attachment":"scroll","background-type":"","background-media":"","overlay-type":"","overlay-color":"","overlay-opacity":"","overlay-gradient":""}},"ast-content-background-meta":{"desktop":{"background-color":"var(--ast-global-color-5)","background-image":"","background-repeat":"repeat","background-position":"center center","background-size":"auto","background-attachment":"scroll","background-type":"","background-media":"","overlay-type":"","overlay-color":"","overlay-opacity":"","overlay-gradient":""},"tablet":{"background-color":"var(--ast-global-color-5)","background-image":"","background-repeat":"repeat","background-position":"center center","background-size":"auto","background-attachment":"scroll","background-type":"","background-media":"","overlay-type":"","overlay-color":"","overlay-opacity":"","overlay-gradient":""},"mobile":{"background-color":"var(--ast-global-color-5)","background-image":"","background-repeat":"repeat","background-position":"center center","background-size":"auto","background-attachment":"scroll","background-type":"","background-media":"","overlay-type":"","overlay-color":"","overlay-opacity":"","overlay-gradient":""}},"footnotes":""},"class_list":["post-4298","page","type-page","status-publish","hentry"],"_links":{"self":[{"href":"https:\/\/www.sanjosecarmelitas.com\/index.php\/wp-json\/wp\/v2\/pages\/4298","targetHints":{"allow":["GET"]}}],"collection":[{"href":"https:\/\/www.sanjosecarmelitas.com\/index.php\/wp-json\/wp\/v2\/pages"}],"about":[{"href":"https:\/\/www.sanjosecarmelitas.com\/index.php\/wp-json\/wp\/v2\/types\/page"}],"author":[{"embeddable":true,"href":"https:\/\/www.sanjosecarmelitas.com\/index.php\/wp-json\/wp\/v2\/users\/1"}],"replies":[{"embeddable":true,"href":"https:\/\/www.sanjosecarmelitas.com\/index.php\/wp-json\/wp\/v2\/comments?post=4298"}],"version-history":[{"count":1,"href":"https:\/\/www.sanjosecarmelitas.com\/index.php\/wp-json\/wp\/v2\/pages\/4298\/revisions"}],"predecessor-version":[{"id":6201,"href":"https:\/\/www.sanjosecarmelitas.com\/index.php\/wp-json\/wp\/v2\/pages\/4298\/revisions\/6201"}],"up":[{"embeddable":true,"href":"https:\/\/www.sanjosecarmelitas.com\/index.php\/wp-json\/wp\/v2\/pages\/4288"}],"wp:attachment":[{"href":"https:\/\/www.sanjosecarmelitas.com\/index.php\/wp-json\/wp\/v2\/media?parent=4298"}],"curies":[{"name":"wp","href":"https:\/\/api.w.org\/{rel}","templated":true}]}}