{"id":223,"date":"2013-06-07T10:36:16","date_gmt":"2013-06-07T10:36:16","guid":{"rendered":"https:\/\/www.sanjosecarmelitas.com\/?page_id=223"},"modified":"2021-02-01T13:26:33","modified_gmt":"2021-02-01T12:26:33","slug":"revista","status":"publish","type":"page","link":"https:\/\/www.sanjosecarmelitas.com\/index.php\/comunicacion\/revista\/","title":{"rendered":"Revista"},"content":{"rendered":"\t\t<div data-elementor-type=\"wp-post\" data-elementor-id=\"223\" class=\"elementor elementor-223\" data-elementor-post-type=\"page\">\n\t\t\t\t\t\t<section class=\"elementor-section elementor-top-section elementor-element elementor-element-6c373ae elementor-section-boxed elementor-section-height-default elementor-section-height-default\" data-id=\"6c373ae\" data-element_type=\"section\">\n\t\t\t\t\t\t<div class=\"elementor-container elementor-column-gap-default\">\n\t\t\t\t\t<div class=\"elementor-column elementor-col-33 elementor-top-column elementor-element elementor-element-0ce0813\" data-id=\"0ce0813\" data-element_type=\"column\">\n\t\t\t<div class=\"elementor-widget-wrap elementor-element-populated\">\n\t\t\t\t\t\t<div class=\"elementor-element elementor-element-ff95f30 elementor-widget elementor-widget-image\" data-id=\"ff95f30\" data-element_type=\"widget\" data-widget_type=\"image.default\">\n\t\t\t\t<div class=\"elementor-widget-container\">\n\t\t\t\t\t\t\t\t\t\t\t\t\t\t\t<img fetchpriority=\"high\" decoding=\"async\" width=\"213\" height=\"300\" src=\"https:\/\/www.sanjosecarmelitas.com\/wp-content\/uploads\/2017\/09\/ANTXETA-12-13-213x300.jpg\" class=\"attachment-medium size-medium wp-image-2842\" alt=\"\" srcset=\"https:\/\/www.sanjosecarmelitas.com\/wp-content\/uploads\/2017\/09\/ANTXETA-12-13-213x300.jpg 213w, https:\/\/www.sanjosecarmelitas.com\/wp-content\/uploads\/2017\/09\/ANTXETA-12-13-250x352.jpg 250w, https:\/\/www.sanjosecarmelitas.com\/wp-content\/uploads\/2017\/09\/ANTXETA-12-13-150x211.jpg 150w, https:\/\/www.sanjosecarmelitas.com\/wp-content\/uploads\/2017\/09\/ANTXETA-12-13-225x317.jpg 225w, https:\/\/www.sanjosecarmelitas.com\/wp-content\/uploads\/2017\/09\/ANTXETA-12-13.jpg 359w\" sizes=\"(max-width: 213px) 100vw, 213px\" \/>\t\t\t\t\t\t\t\t\t\t\t\t\t\t\t<\/div>\n\t\t\t\t<\/div>\n\t\t\t\t\t<\/div>\n\t\t<\/div>\n\t\t\t\t<div class=\"elementor-column elementor-col-66 elementor-top-column elementor-element elementor-element-1794969\" data-id=\"1794969\" data-element_type=\"column\">\n\t\t\t<div class=\"elementor-widget-wrap elementor-element-populated\">\n\t\t\t\t\t\t<div class=\"elementor-element elementor-element-9868a73 elementor-widget elementor-widget-text-editor\" data-id=\"9868a73\" data-element_type=\"widget\" data-widget_type=\"text-editor.default\">\n\t\t\t\t<div class=\"elementor-widget-container\">\n\t\t\t\t\t\t\t\t\t<p style=\"text-align: justify;\"><strong><i>Antxeta<\/i>\u00a0<\/strong>es la revista del colegio San Jos\u00e9-Carmelitas, subvencionada por la Asociaci\u00f3n de Padres y Madres, que anualmente publicamos con el \u00e1nimo de mostrar y recordar lo que entre todos hemos realizado en el curso y tambi\u00e9n con la esperanza de que dejamos abiertas las puertas y sentadas las bases de futuros nuevos empe\u00f1os.<\/p><p>\u00a0<\/p>\t\t\t\t\t\t\t\t<\/div>\n\t\t\t\t<\/div>\n\t\t\t\t\t<\/div>\n\t\t<\/div>\n\t\t\t\t\t<\/div>\n\t\t<\/section>\n\t\t\t\t<section class=\"elementor-section elementor-top-section elementor-element elementor-element-8397d2d elementor-section-boxed elementor-section-height-default elementor-section-height-default\" data-id=\"8397d2d\" data-element_type=\"section\">\n\t\t\t\t\t\t<div class=\"elementor-container elementor-column-gap-default\">\n\t\t\t\t\t<div class=\"elementor-column elementor-col-25 elementor-top-column elementor-element elementor-element-3ce1f13\" data-id=\"3ce1f13\" data-element_type=\"column\">\n\t\t\t<div class=\"elementor-widget-wrap elementor-element-populated\">\n\t\t\t\t\t\t<div class=\"elementor-element elementor-element-9a9ae02 elementor-widget elementor-widget-image\" data-id=\"9a9ae02\" data-element_type=\"widget\" data-widget_type=\"image.default\">\n\t\t\t\t<div class=\"elementor-widget-container\">\n\t\t\t\t\t\t\t\t\t\t\t\t<figure class=\"wp-caption\">\n\t\t\t\t\t\t\t\t\t\t<img decoding=\"async\" width=\"397\" height=\"559\" src=\"https:\/\/www.sanjosecarmelitas.com\/wp-content\/uploads\/2020\/03\/Antxeta-1718.jpg\" class=\"attachment-full size-full wp-image-6699\" alt=\"\" srcset=\"https:\/\/www.sanjosecarmelitas.com\/wp-content\/uploads\/2020\/03\/Antxeta-1718.jpg 397w, https:\/\/www.sanjosecarmelitas.com\/wp-content\/uploads\/2020\/03\/Antxeta-1718-213x300.jpg 213w\" sizes=\"(max-width: 397px) 100vw, 397px\" \/>\t\t\t\t\t\t\t\t\t\t\t<figcaption class=\"widget-image-caption wp-caption-text\">Antxeta 2017-2018<\/figcaption>\n\t\t\t\t\t\t\t\t\t\t<\/figure>\n\t\t\t\t\t\t\t\t\t<\/div>\n\t\t\t\t<\/div>\n\t\t\t\t\t<\/div>\n\t\t<\/div>\n\t\t\t\t<div class=\"elementor-column elementor-col-25 elementor-top-column elementor-element elementor-element-b33f222\" data-id=\"b33f222\" data-element_type=\"column\">\n\t\t\t<div class=\"elementor-widget-wrap elementor-element-populated\">\n\t\t\t\t\t\t<div class=\"elementor-element elementor-element-9454db7 elementor-widget elementor-widget-image\" data-id=\"9454db7\" data-element_type=\"widget\" data-widget_type=\"image.default\">\n\t\t\t\t<div class=\"elementor-widget-container\">\n\t\t\t\t\t\t\t\t\t\t\t\t<figure class=\"wp-caption\">\n\t\t\t\t\t\t\t\t\t\t<img decoding=\"async\" width=\"401\" height=\"545\" src=\"https:\/\/www.sanjosecarmelitas.com\/wp-content\/uploads\/2020\/03\/antxeta-16-17.jpg\" class=\"attachment-full size-full wp-image-6701\" alt=\"\" srcset=\"https:\/\/www.sanjosecarmelitas.com\/wp-content\/uploads\/2020\/03\/antxeta-16-17.jpg 401w, https:\/\/www.sanjosecarmelitas.com\/wp-content\/uploads\/2020\/03\/antxeta-16-17-221x300.jpg 221w\" sizes=\"(max-width: 401px) 100vw, 401px\" \/>\t\t\t\t\t\t\t\t\t\t\t<figcaption class=\"widget-image-caption wp-caption-text\">Antxeta 2016-2017<\/figcaption>\n\t\t\t\t\t\t\t\t\t\t<\/figure>\n\t\t\t\t\t\t\t\t\t<\/div>\n\t\t\t\t<\/div>\n\t\t\t\t\t<\/div>\n\t\t<\/div>\n\t\t\t\t<div class=\"elementor-column elementor-col-25 elementor-top-column elementor-element elementor-element-93d9a23\" data-id=\"93d9a23\" data-element_type=\"column\">\n\t\t\t<div class=\"elementor-widget-wrap elementor-element-populated\">\n\t\t\t\t\t\t<div class=\"elementor-element elementor-element-f4f5826 elementor-widget elementor-widget-image\" data-id=\"f4f5826\" data-element_type=\"widget\" data-widget_type=\"image.default\">\n\t\t\t\t<div class=\"elementor-widget-container\">\n\t\t\t\t\t\t\t\t\t\t\t\t<figure class=\"wp-caption\">\n\t\t\t\t\t\t\t\t\t\t<img loading=\"lazy\" decoding=\"async\" width=\"397\" height=\"558\" src=\"https:\/\/www.sanjosecarmelitas.com\/wp-content\/uploads\/2020\/03\/antxeta-1516.jpg\" class=\"attachment-large size-large wp-image-6703\" alt=\"\" srcset=\"https:\/\/www.sanjosecarmelitas.com\/wp-content\/uploads\/2020\/03\/antxeta-1516.jpg 397w, https:\/\/www.sanjosecarmelitas.com\/wp-content\/uploads\/2020\/03\/antxeta-1516-213x300.jpg 213w\" sizes=\"(max-width: 397px) 100vw, 397px\" \/>\t\t\t\t\t\t\t\t\t\t\t<figcaption class=\"widget-image-caption wp-caption-text\">Antxeta 2015-2016<\/figcaption>\n\t\t\t\t\t\t\t\t\t\t<\/figure>\n\t\t\t\t\t\t\t\t\t<\/div>\n\t\t\t\t<\/div>\n\t\t\t\t\t<\/div>\n\t\t<\/div>\n\t\t\t\t<div class=\"elementor-column elementor-col-25 elementor-top-column elementor-element elementor-element-7f0ce4b\" data-id=\"7f0ce4b\" data-element_type=\"column\">\n\t\t\t<div class=\"elementor-widget-wrap elementor-element-populated\">\n\t\t\t\t\t\t<div class=\"elementor-element elementor-element-edec406 elementor-widget elementor-widget-image\" data-id=\"edec406\" data-element_type=\"widget\" data-widget_type=\"image.default\">\n\t\t\t\t<div class=\"elementor-widget-container\">\n\t\t\t\t\t\t\t\t\t\t\t\t<figure class=\"wp-caption\">\n\t\t\t\t\t\t\t\t\t\t<img loading=\"lazy\" decoding=\"async\" width=\"359\" height=\"507\" src=\"https:\/\/www.sanjosecarmelitas.com\/wp-content\/uploads\/2017\/09\/ANTXETA-1415.jpg\" class=\"attachment-large size-large wp-image-2845\" alt=\"\" srcset=\"https:\/\/www.sanjosecarmelitas.com\/wp-content\/uploads\/2017\/09\/ANTXETA-1415.jpg 359w, https:\/\/www.sanjosecarmelitas.com\/wp-content\/uploads\/2017\/09\/ANTXETA-1415-212x300.jpg 212w, https:\/\/www.sanjosecarmelitas.com\/wp-content\/uploads\/2017\/09\/ANTXETA-1415-250x353.jpg 250w, https:\/\/www.sanjosecarmelitas.com\/wp-content\/uploads\/2017\/09\/ANTXETA-1415-150x212.jpg 150w, https:\/\/www.sanjosecarmelitas.com\/wp-content\/uploads\/2017\/09\/ANTXETA-1415-225x318.jpg 225w\" sizes=\"(max-width: 359px) 100vw, 359px\" \/>\t\t\t\t\t\t\t\t\t\t\t<figcaption class=\"widget-image-caption wp-caption-text\">Antxeta 2014-2015<\/figcaption>\n\t\t\t\t\t\t\t\t\t\t<\/figure>\n\t\t\t\t\t\t\t\t\t<\/div>\n\t\t\t\t<\/div>\n\t\t\t\t\t<\/div>\n\t\t<\/div>\n\t\t\t\t\t<\/div>\n\t\t<\/section>\n\t\t\t\t<section class=\"elementor-section elementor-top-section elementor-element elementor-element-ec3a2d8 elementor-section-boxed elementor-section-height-default elementor-section-height-default\" data-id=\"ec3a2d8\" data-element_type=\"section\">\n\t\t\t\t\t\t<div class=\"elementor-container elementor-column-gap-default\">\n\t\t\t\t\t<div class=\"elementor-column elementor-col-25 elementor-top-column elementor-element elementor-element-1d2abb2\" data-id=\"1d2abb2\" data-element_type=\"column\">\n\t\t\t<div class=\"elementor-widget-wrap elementor-element-populated\">\n\t\t\t\t\t\t<div class=\"elementor-element elementor-element-6e0afa5 elementor-widget elementor-widget-image\" data-id=\"6e0afa5\" data-element_type=\"widget\" data-widget_type=\"image.default\">\n\t\t\t\t<div class=\"elementor-widget-container\">\n\t\t\t\t\t\t\t\t\t\t\t\t<figure class=\"wp-caption\">\n\t\t\t\t\t\t\t\t\t\t<img loading=\"lazy\" decoding=\"async\" width=\"359\" height=\"506\" src=\"https:\/\/www.sanjosecarmelitas.com\/wp-content\/uploads\/2017\/09\/ANTXETA-13-14.jpg\" class=\"attachment-large size-large wp-image-2843\" alt=\"\" srcset=\"https:\/\/www.sanjosecarmelitas.com\/wp-content\/uploads\/2017\/09\/ANTXETA-13-14.jpg 359w, https:\/\/www.sanjosecarmelitas.com\/wp-content\/uploads\/2017\/09\/ANTXETA-13-14-213x300.jpg 213w, https:\/\/www.sanjosecarmelitas.com\/wp-content\/uploads\/2017\/09\/ANTXETA-13-14-250x352.jpg 250w, https:\/\/www.sanjosecarmelitas.com\/wp-content\/uploads\/2017\/09\/ANTXETA-13-14-150x211.jpg 150w, https:\/\/www.sanjosecarmelitas.com\/wp-content\/uploads\/2017\/09\/ANTXETA-13-14-225x317.jpg 225w\" sizes=\"(max-width: 359px) 100vw, 359px\" \/>\t\t\t\t\t\t\t\t\t\t\t<figcaption class=\"widget-image-caption wp-caption-text\">Antxeta 2013-2014<\/figcaption>\n\t\t\t\t\t\t\t\t\t\t<\/figure>\n\t\t\t\t\t\t\t\t\t<\/div>\n\t\t\t\t<\/div>\n\t\t\t\t\t<\/div>\n\t\t<\/div>\n\t\t\t\t<div class=\"elementor-column elementor-col-25 elementor-top-column elementor-element elementor-element-b8cff09\" data-id=\"b8cff09\" data-element_type=\"column\">\n\t\t\t<div class=\"elementor-widget-wrap elementor-element-populated\">\n\t\t\t\t\t\t<div class=\"elementor-element elementor-element-f690459 elementor-widget elementor-widget-image\" data-id=\"f690459\" data-element_type=\"widget\" data-widget_type=\"image.default\">\n\t\t\t\t<div class=\"elementor-widget-container\">\n\t\t\t\t\t\t\t\t\t\t\t\t<figure class=\"wp-caption\">\n\t\t\t\t\t\t\t\t\t\t<img loading=\"lazy\" decoding=\"async\" width=\"359\" height=\"505\" src=\"https:\/\/www.sanjosecarmelitas.com\/wp-content\/uploads\/2017\/09\/ANTXETA-12-13.jpg\" class=\"attachment-large size-large wp-image-2842\" alt=\"\" srcset=\"https:\/\/www.sanjosecarmelitas.com\/wp-content\/uploads\/2017\/09\/ANTXETA-12-13.jpg 359w, https:\/\/www.sanjosecarmelitas.com\/wp-content\/uploads\/2017\/09\/ANTXETA-12-13-213x300.jpg 213w, https:\/\/www.sanjosecarmelitas.com\/wp-content\/uploads\/2017\/09\/ANTXETA-12-13-250x352.jpg 250w, https:\/\/www.sanjosecarmelitas.com\/wp-content\/uploads\/2017\/09\/ANTXETA-12-13-150x211.jpg 150w, https:\/\/www.sanjosecarmelitas.com\/wp-content\/uploads\/2017\/09\/ANTXETA-12-13-225x317.jpg 225w\" sizes=\"(max-width: 359px) 100vw, 359px\" \/>\t\t\t\t\t\t\t\t\t\t\t<figcaption class=\"widget-image-caption wp-caption-text\">Antxeta 2012-2013<\/figcaption>\n\t\t\t\t\t\t\t\t\t\t<\/figure>\n\t\t\t\t\t\t\t\t\t<\/div>\n\t\t\t\t<\/div>\n\t\t\t\t\t<\/div>\n\t\t<\/div>\n\t\t\t\t<div class=\"elementor-column elementor-col-25 elementor-top-column elementor-element elementor-element-87a74c4\" data-id=\"87a74c4\" data-element_type=\"column\">\n\t\t\t<div class=\"elementor-widget-wrap elementor-element-populated\">\n\t\t\t\t\t\t<div class=\"elementor-element elementor-element-126b720 elementor-widget elementor-widget-image\" data-id=\"126b720\" data-element_type=\"widget\" data-widget_type=\"image.default\">\n\t\t\t\t<div class=\"elementor-widget-container\">\n\t\t\t\t\t\t\t\t\t\t\t\t<figure class=\"wp-caption\">\n\t\t\t\t\t\t\t\t\t\t<img loading=\"lazy\" decoding=\"async\" width=\"357\" height=\"507\" src=\"https:\/\/www.sanjosecarmelitas.com\/wp-content\/uploads\/2017\/09\/ANTXETA-2012.jpg\" class=\"attachment-large size-large wp-image-2846\" alt=\"\" srcset=\"https:\/\/www.sanjosecarmelitas.com\/wp-content\/uploads\/2017\/09\/ANTXETA-2012.jpg 357w, https:\/\/www.sanjosecarmelitas.com\/wp-content\/uploads\/2017\/09\/ANTXETA-2012-211x300.jpg 211w, https:\/\/www.sanjosecarmelitas.com\/wp-content\/uploads\/2017\/09\/ANTXETA-2012-250x355.jpg 250w, https:\/\/www.sanjosecarmelitas.com\/wp-content\/uploads\/2017\/09\/ANTXETA-2012-150x213.jpg 150w, https:\/\/www.sanjosecarmelitas.com\/wp-content\/uploads\/2017\/09\/ANTXETA-2012-225x320.jpg 225w\" sizes=\"(max-width: 357px) 100vw, 357px\" \/>\t\t\t\t\t\t\t\t\t\t\t<figcaption class=\"widget-image-caption wp-caption-text\">Antxeta 2011-2012<\/figcaption>\n\t\t\t\t\t\t\t\t\t\t<\/figure>\n\t\t\t\t\t\t\t\t\t<\/div>\n\t\t\t\t<\/div>\n\t\t\t\t\t<\/div>\n\t\t<\/div>\n\t\t\t\t<div class=\"elementor-column elementor-col-25 elementor-top-column elementor-element elementor-element-aa6f4b2\" data-id=\"aa6f4b2\" data-element_type=\"column\">\n\t\t\t<div class=\"elementor-widget-wrap\">\n\t\t\t\t\t\t\t<\/div>\n\t\t<\/div>\n\t\t\t\t\t<\/div>\n\t\t<\/section>\n\t\t\t\t<\/div>\n\t\t","protected":false},"excerpt":{"rendered":"<p>Antxeta&nbsp;es la revista del colegio San Jos\u00e9-Carmelitas, subvencionada por la Asociaci\u00f3n de Padres y Madres, que anualmente publicamos con el \u00e1nimo de mostrar y recordar lo que entre todos hemos realizado en el curso y tambi\u00e9n con la esperanza de que dejamos abiertas las puertas y sentadas las bases de futuros nuevos empe\u00f1os. Antxeta 2017-2018 [&hellip;]<\/p>\n","protected":false},"author":2,"featured_media":0,"parent":237,"menu_order":0,"comment_status":"closed","ping_status":"closed","template":"","meta":{"site-sidebar-layout":"default","site-content-layout":"default","ast-site-content-layout":"default","site-content-style":"default","site-sidebar-style":"default","ast-global-header-display":"","ast-banner-title-visibility":"","ast-main-header-display":"","ast-hfb-above-header-display":"","ast-hfb-below-header-display":"","ast-hfb-mobile-header-display":"","site-post-title":"","ast-breadcrumbs-content":"","ast-featured-img":"","footer-sml-layout":"","ast-disable-related-posts":"","theme-transparent-header-meta":"default","adv-header-id-meta":"","stick-header-meta":"","header-above-stick-meta":"","header-main-stick-meta":"","header-below-stick-meta":"","astra-migrate-meta-layouts":"default","ast-page-background-enabled":"default","ast-page-background-meta":{"desktop":{"background-color":"var(--ast-global-color-4)","background-image":"","background-repeat":"repeat","background-position":"center center","background-size":"auto","background-attachment":"scroll","background-type":"","background-media":"","overlay-type":"","overlay-color":"","overlay-opacity":"","overlay-gradient":""},"tablet":{"background-color":"","background-image":"","background-repeat":"repeat","background-position":"center center","background-size":"auto","background-attachment":"scroll","background-type":"","background-media":"","overlay-type":"","overlay-color":"","overlay-opacity":"","overlay-gradient":""},"mobile":{"background-color":"","background-image":"","background-repeat":"repeat","background-position":"center center","background-size":"auto","background-attachment":"scroll","background-type":"","background-media":"","overlay-type":"","overlay-color":"","overlay-opacity":"","overlay-gradient":""}},"ast-content-background-meta":{"desktop":{"background-color":"var(--ast-global-color-5)","background-image":"","background-repeat":"repeat","background-position":"center center","background-size":"auto","background-attachment":"scroll","background-type":"","background-media":"","overlay-type":"","overlay-color":"","overlay-opacity":"","overlay-gradient":""},"tablet":{"background-color":"var(--ast-global-color-5)","background-image":"","background-repeat":"repeat","background-position":"center center","background-size":"auto","background-attachment":"scroll","background-type":"","background-media":"","overlay-type":"","overlay-color":"","overlay-opacity":"","overlay-gradient":""},"mobile":{"background-color":"var(--ast-global-color-5)","background-image":"","background-repeat":"repeat","background-position":"center center","background-size":"auto","background-attachment":"scroll","background-type":"","background-media":"","overlay-type":"","overlay-color":"","overlay-opacity":"","overlay-gradient":""}},"footnotes":""},"class_list":["post-223","page","type-page","status-publish","hentry"],"_links":{"self":[{"href":"https:\/\/www.sanjosecarmelitas.com\/index.php\/wp-json\/wp\/v2\/pages\/223","targetHints":{"allow":["GET"]}}],"collection":[{"href":"https:\/\/www.sanjosecarmelitas.com\/index.php\/wp-json\/wp\/v2\/pages"}],"about":[{"href":"https:\/\/www.sanjosecarmelitas.com\/index.php\/wp-json\/wp\/v2\/types\/page"}],"author":[{"embeddable":true,"href":"https:\/\/www.sanjosecarmelitas.com\/index.php\/wp-json\/wp\/v2\/users\/2"}],"replies":[{"embeddable":true,"href":"https:\/\/www.sanjosecarmelitas.com\/index.php\/wp-json\/wp\/v2\/comments?post=223"}],"version-history":[{"count":5,"href":"https:\/\/www.sanjosecarmelitas.com\/index.php\/wp-json\/wp\/v2\/pages\/223\/revisions"}],"predecessor-version":[{"id":8492,"href":"https:\/\/www.sanjosecarmelitas.com\/index.php\/wp-json\/wp\/v2\/pages\/223\/revisions\/8492"}],"up":[{"embeddable":true,"href":"https:\/\/www.sanjosecarmelitas.com\/index.php\/wp-json\/wp\/v2\/pages\/237"}],"wp:attachment":[{"href":"https:\/\/www.sanjosecarmelitas.com\/index.php\/wp-json\/wp\/v2\/media?parent=223"}],"curies":[{"name":"wp","href":"https:\/\/api.w.org\/{rel}","templated":true}]}}