{"id":202,"date":"2013-05-29T15:42:35","date_gmt":"2013-05-29T15:42:35","guid":{"rendered":"https:\/\/www.sanjosecarmelitas.com\/index.php\/padres-madres\/amypa\/"},"modified":"2019-05-09T21:08:21","modified_gmt":"2019-05-09T21:08:21","slug":"amypa","status":"publish","type":"page","link":"https:\/\/www.sanjosecarmelitas.com\/index.php\/padres-madres\/amypa\/","title":{"rendered":"AMyPA"},"content":{"rendered":"<h2>Asociaci\u00f3n de Madres y Padres<\/h2>\n<p>Durante el curso la Asociaci\u00f3n de Madres y Padres del colegio San Jos\u00e9-Carmelitas programa y desarrolla diferentes actividades l\u00fadicas y educativas. Asimismo, apoya y colabora con diversas acciones y proyectos preparados por el claustro de profesores y profesoras.<\/p>\n<h3>Primer trimestre<\/h3>\n<ul>\n<li><img decoding=\"async\" class=\"alignright size-imagen_junto_texto wp-image-644\" src=\"https:\/\/www.sanjosecarmelitas.com\/wp-content\/uploads\/2013\/05\/AMyPA_01web-225x162.jpg\" alt=\"AMyPA_01web\" width=\"225\" height=\"162\" srcset=\"https:\/\/www.sanjosecarmelitas.com\/wp-content\/uploads\/2013\/05\/AMyPA_01web-225x162.jpg 225w, https:\/\/www.sanjosecarmelitas.com\/wp-content\/uploads\/2013\/05\/AMyPA_01web-300x216.jpg 300w, https:\/\/www.sanjosecarmelitas.com\/wp-content\/uploads\/2013\/05\/AMyPA_01web-250x180.jpg 250w, https:\/\/www.sanjosecarmelitas.com\/wp-content\/uploads\/2013\/05\/AMyPA_01web-560x403.jpg 560w, https:\/\/www.sanjosecarmelitas.com\/wp-content\/uploads\/2013\/05\/AMyPA_01web-150x108.jpg 150w, https:\/\/www.sanjosecarmelitas.com\/wp-content\/uploads\/2013\/05\/AMyPA_01web.jpg 800w\" sizes=\"(max-width: 225px) 100vw, 225px\" \/>Organizaci\u00f3n de actividades extrescolares (multideporte, escuela de f\u00fatbol, danza moderna).<\/li>\n<li>Celebraci\u00f3n de Adviento y chocolatada para toda la Comunidad Educativa.<\/li>\n<li>Concurso de Postales Navide\u00f1as.<\/li>\n<li>Certamen de Villancicos.<\/li>\n<li>Recibimiento de los Reyes Magos y del <i>Olentzero<\/i>.<\/li>\n<li>Reparto de peque\u00f1os obsequios (regalo solidario de <i>Comercio Justo<\/i>) a todo el alumnado<i> <\/i>con motivo de la Navidad.<\/li>\n<li>Colaboraci\u00f3n con la \u201cEscuela de Padres y Madres\u201d (EI), programa ofrecido por el Ayuntamiento de Santurtzi.<\/li>\n<\/ul>\n<h3>Segundo trimestre<\/h3>\n<ul>\n<li><a href=\"https:\/\/www.sanjosecarmelitas.com\/wp-content\/uploads\/2013\/10\/AMyPA_04.jpg\"><img fetchpriority=\"high\" decoding=\"async\" class=\"alignright size-imagen_junto_texto wp-image-538\" src=\"https:\/\/www.sanjosecarmelitas.com\/wp-content\/uploads\/2013\/10\/AMyPA_04-225x300.jpg\" alt=\"AMyPA_04\" width=\"225\" height=\"300\" srcset=\"https:\/\/www.sanjosecarmelitas.com\/wp-content\/uploads\/2013\/10\/AMyPA_04-225x300.jpg 225w, https:\/\/www.sanjosecarmelitas.com\/wp-content\/uploads\/2013\/10\/AMyPA_04-250x333.jpg 250w, https:\/\/www.sanjosecarmelitas.com\/wp-content\/uploads\/2013\/10\/AMyPA_04-560x746.jpg 560w, https:\/\/www.sanjosecarmelitas.com\/wp-content\/uploads\/2013\/10\/AMyPA_04-150x200.jpg 150w, https:\/\/www.sanjosecarmelitas.com\/wp-content\/uploads\/2013\/10\/AMyPA_04.jpg 600w\" sizes=\"(max-width: 225px) 100vw, 225px\" \/><\/a>Colaboraci\u00f3n en la \u201cCampa\u00f1a solidaria\u201d.<\/li>\n<li>Organizaci\u00f3n de la chocolatada de Carnaval.<\/li>\n<li>Financiaci\u00f3n del seminario de sexualidad para el alumnado de ESO y Bachillerato.<\/li>\n<li>Organizaci\u00f3n del curso \u201cPrimeros auxilios\u201d para familias.<\/li>\n<li>Colaboraci\u00f3n con la \u201cEscuela de Padres y Madres\u201d (EP), programa ofrecido por el Ayuntamiento de Santurtzi.<\/li>\n<\/ul>\n<p><strong><span style=\"font-size: 1.142857143rem; line-height: 1.846153846;\">Tercer trimestre<\/span><\/strong><\/p>\n<ul>\n<li><span style=\"line-height: 1.714285714; font-size: 1rem;\">Colaboraci\u00f3n en la preparaci\u00f3n de la despedida del alumnado de Bachillerato (organizaci\u00f3n del lunch, peque\u00f1os obsequios\u2026).<\/span><\/li>\n<li>Financiaci\u00f3n de la revista <i>Antxeta<\/i>.<\/li>\n<li>Colaboraci\u00f3n en la \u201cOlimpiada Escolar\u201d<i>.<\/i><\/li>\n<li>Colaboraci\u00f3n en el programa de \u201cIntercambio de libros\u201d.<\/li>\n<\/ul>\n<h3>Durante el curso<\/h3>\n<ul>\n<li><a href=\"https:\/\/www.sanjosecarmelitas.com\/wp-content\/uploads\/2013\/10\/AMyPA_03.jpg\"><img decoding=\"async\" class=\"alignright size-imagen_junto_texto wp-image-537\" src=\"https:\/\/www.sanjosecarmelitas.com\/wp-content\/uploads\/2013\/10\/AMyPA_03-225x168.jpg\" alt=\"AMyPA_03\" width=\"225\" height=\"168\" srcset=\"https:\/\/www.sanjosecarmelitas.com\/wp-content\/uploads\/2013\/10\/AMyPA_03-225x168.jpg 225w, https:\/\/www.sanjosecarmelitas.com\/wp-content\/uploads\/2013\/10\/AMyPA_03-300x225.jpg 300w, https:\/\/www.sanjosecarmelitas.com\/wp-content\/uploads\/2013\/10\/AMyPA_03-250x187.jpg 250w, https:\/\/www.sanjosecarmelitas.com\/wp-content\/uploads\/2013\/10\/AMyPA_03-560x420.jpg 560w, https:\/\/www.sanjosecarmelitas.com\/wp-content\/uploads\/2013\/10\/AMyPA_03-150x112.jpg 150w, https:\/\/www.sanjosecarmelitas.com\/wp-content\/uploads\/2013\/10\/AMyPA_03.jpg 800w\" sizes=\"(max-width: 225px) 100vw, 225px\" \/><\/a>Representaci\u00f3n de madres y padres en el Consejo Escolar.<\/li>\n<li>Colaboraci\u00f3n en el programa medioambiental de Agenda Escolar 21 y en la Comisi\u00f3n medioambiental.<\/li>\n<li>Colaboraci\u00f3n en el proyecto de Normalizaci\u00f3n Ling\u00fc\u00edstica.<\/li>\n<\/ul>\n<p>&nbsp;<\/p>\n<p><a href=\"https:\/\/appampas.com\/\"><img loading=\"lazy\" decoding=\"async\" class=\"alignright size-full wp-image-3695\" src=\"https:\/\/www.sanjosecarmelitas.com\/wp-content\/uploads\/2013\/05\/APPAMPA-copia2.jpg\" alt=\"\" width=\"425\" height=\"275\" srcset=\"https:\/\/www.sanjosecarmelitas.com\/wp-content\/uploads\/2013\/05\/APPAMPA-copia2.jpg 425w, https:\/\/www.sanjosecarmelitas.com\/wp-content\/uploads\/2013\/05\/APPAMPA-copia2-300x194.jpg 300w, https:\/\/www.sanjosecarmelitas.com\/wp-content\/uploads\/2013\/05\/APPAMPA-copia2-250x162.jpg 250w, https:\/\/www.sanjosecarmelitas.com\/wp-content\/uploads\/2013\/05\/APPAMPA-copia2-150x97.jpg 150w, https:\/\/www.sanjosecarmelitas.com\/wp-content\/uploads\/2013\/05\/APPAMPA-copia2-225x146.jpg 225w\" sizes=\"(max-width: 425px) 100vw, 425px\" \/><\/a><\/p>\n","protected":false},"excerpt":{"rendered":"<p>Asociaci\u00f3n de Madres y Padres Durante el curso la Asociaci\u00f3n de Madres y Padres del colegio San Jos\u00e9-Carmelitas programa y desarrolla diferentes actividades l\u00fadicas y educativas. Asimismo, apoya y colabora con diversas acciones y proyectos preparados por el claustro de profesores y profesoras. Primer trimestre Organizaci\u00f3n de actividades extrescolares (multideporte, escuela de f\u00fatbol, danza moderna). [&hellip;]<\/p>\n","protected":false},"author":1,"featured_media":0,"parent":201,"menu_order":40,"comment_status":"closed","ping_status":"closed","template":"","meta":{"site-sidebar-layout":"default","site-content-layout":"","ast-site-content-layout":"default","site-content-style":"default","site-sidebar-style":"default","ast-global-header-display":"","ast-banner-title-visibility":"","ast-main-header-display":"","ast-hfb-above-header-display":"","ast-hfb-below-header-display":"","ast-hfb-mobile-header-display":"","site-post-title":"","ast-breadcrumbs-content":"","ast-featured-img":"","footer-sml-layout":"","ast-disable-related-posts":"","theme-transparent-header-meta":"","adv-header-id-meta":"","stick-header-meta":"","header-above-stick-meta":"","header-main-stick-meta":"","header-below-stick-meta":"","astra-migrate-meta-layouts":"default","ast-page-background-enabled":"default","ast-page-background-meta":{"desktop":{"background-color":"var(--ast-global-color-4)","background-image":"","background-repeat":"repeat","background-position":"center center","background-size":"auto","background-attachment":"scroll","background-type":"","background-media":"","overlay-type":"","overlay-color":"","overlay-opacity":"","overlay-gradient":""},"tablet":{"background-color":"","background-image":"","background-repeat":"repeat","background-position":"center center","background-size":"auto","background-attachment":"scroll","background-type":"","background-media":"","overlay-type":"","overlay-color":"","overlay-opacity":"","overlay-gradient":""},"mobile":{"background-color":"","background-image":"","background-repeat":"repeat","background-position":"center center","background-size":"auto","background-attachment":"scroll","background-type":"","background-media":"","overlay-type":"","overlay-color":"","overlay-opacity":"","overlay-gradient":""}},"ast-content-background-meta":{"desktop":{"background-color":"var(--ast-global-color-5)","background-image":"","background-repeat":"repeat","background-position":"center center","background-size":"auto","background-attachment":"scroll","background-type":"","background-media":"","overlay-type":"","overlay-color":"","overlay-opacity":"","overlay-gradient":""},"tablet":{"background-color":"var(--ast-global-color-5)","background-image":"","background-repeat":"repeat","background-position":"center center","background-size":"auto","background-attachment":"scroll","background-type":"","background-media":"","overlay-type":"","overlay-color":"","overlay-opacity":"","overlay-gradient":""},"mobile":{"background-color":"var(--ast-global-color-5)","background-image":"","background-repeat":"repeat","background-position":"center center","background-size":"auto","background-attachment":"scroll","background-type":"","background-media":"","overlay-type":"","overlay-color":"","overlay-opacity":"","overlay-gradient":""}},"footnotes":""},"class_list":["post-202","page","type-page","status-publish","hentry"],"_links":{"self":[{"href":"https:\/\/www.sanjosecarmelitas.com\/index.php\/wp-json\/wp\/v2\/pages\/202","targetHints":{"allow":["GET"]}}],"collection":[{"href":"https:\/\/www.sanjosecarmelitas.com\/index.php\/wp-json\/wp\/v2\/pages"}],"about":[{"href":"https:\/\/www.sanjosecarmelitas.com\/index.php\/wp-json\/wp\/v2\/types\/page"}],"author":[{"embeddable":true,"href":"https:\/\/www.sanjosecarmelitas.com\/index.php\/wp-json\/wp\/v2\/users\/1"}],"replies":[{"embeddable":true,"href":"https:\/\/www.sanjosecarmelitas.com\/index.php\/wp-json\/wp\/v2\/comments?post=202"}],"version-history":[{"count":5,"href":"https:\/\/www.sanjosecarmelitas.com\/index.php\/wp-json\/wp\/v2\/pages\/202\/revisions"}],"predecessor-version":[{"id":4372,"href":"https:\/\/www.sanjosecarmelitas.com\/index.php\/wp-json\/wp\/v2\/pages\/202\/revisions\/4372"}],"up":[{"embeddable":true,"href":"https:\/\/www.sanjosecarmelitas.com\/index.php\/wp-json\/wp\/v2\/pages\/201"}],"wp:attachment":[{"href":"https:\/\/www.sanjosecarmelitas.com\/index.php\/wp-json\/wp\/v2\/media?parent=202"}],"curies":[{"name":"wp","href":"https:\/\/api.w.org\/{rel}","templated":true}]}}