{"id":192,"date":"2013-05-29T15:42:35","date_gmt":"2013-05-29T15:42:35","guid":{"rendered":"https:\/\/www.sanjosecarmelitas.com\/index.php\/gestion-mediambiental\/ireas\/"},"modified":"2019-05-09T21:08:19","modified_gmt":"2019-05-09T21:08:19","slug":"iraes","status":"publish","type":"page","link":"https:\/\/www.sanjosecarmelitas.com\/index.php\/gestion-mediambiental\/iraes\/","title":{"rendered":"IRAES"},"content":{"rendered":"<div><span style=\"line-height: 1.714285714; font-size: 1rem;\"><img fetchpriority=\"high\" decoding=\"async\" class=\"alignright size-imagen_junto_texto wp-image-703\" src=\"https:\/\/www.sanjosecarmelitas.com\/wp-content\/uploads\/2013\/05\/iraes21_logo_texto-225x261.gif\" alt=\"iraes21_logo_texto\" width=\"225\" height=\"261\" srcset=\"https:\/\/www.sanjosecarmelitas.com\/wp-content\/uploads\/2013\/05\/iraes21_logo_texto-225x261.gif 225w, https:\/\/www.sanjosecarmelitas.com\/wp-content\/uploads\/2013\/05\/iraes21_logo_texto-258x300.gif 258w, https:\/\/www.sanjosecarmelitas.com\/wp-content\/uploads\/2013\/05\/iraes21_logo_texto-250x290.gif 250w, https:\/\/www.sanjosecarmelitas.com\/wp-content\/uploads\/2013\/05\/iraes21_logo_texto-560x650.gif 560w, https:\/\/www.sanjosecarmelitas.com\/wp-content\/uploads\/2013\/05\/iraes21_logo_texto-150x174.gif 150w\" sizes=\"(max-width: 225px) 100vw, 225px\" \/>En el a\u00f1o 2003 la ministra de Medio Ambiente de Brasil llev\u00f3 a su casa el proyecto de la I Conferencia de Medio Ambiente.<\/span><\/div>\n<div><\/div>\n<div>\n<p>Su hija quiso saber qu\u00e9 era aquello y la ministra le explic\u00f3 que se trataba de una conferencia donde las personas tendr\u00edan voz para interferir en las pol\u00edticas p\u00fablicas para mejorar el medioambiente. La peque\u00f1a pregunt\u00f3: \u201c\u00bfY las ni\u00f1as como yo podr\u00e1n dar su opini\u00f3n?\u201d.<\/p>\n<p>Y\u2026 \u00a1de ah\u00ed surgi\u00f3 la idea! La juventud ten\u00eda mucho que aportar.<\/p>\n<p>Por ello se empez\u00f3 a trabajar a nivel mundial.<\/p>\n<p><strong>En el Pa\u00eds Vasco, la red IRAES 21 de \u201cEscuelas Sostenibles\u201d asume el reto de participar. En 2010 se celebra la Confint (Conferencia Infanto-Juvenil) de donde sale la Carta de Responsabilidades de Euskadi<\/strong> que fue presentada en la Confint mundial de Brasil 2010 \u201cVamos cuidar do planeta\u201d<\/p>\n<p style=\"text-align: center;\"><span style=\"font-weight: 400;\">Con el lema: <\/span><\/p>\n<p style=\"text-align: center;\"><span style=\"font-size: 12pt;\"><em><strong>\u201cJoven elige a joven, <\/strong><\/em><\/span><\/p>\n<p style=\"text-align: center;\"><span style=\"font-size: 12pt;\"><em><strong>joven educa a joven, <\/strong><\/em><\/span><\/p>\n<p style=\"text-align: center;\"><span style=\"font-size: 12pt;\"><em><span style=\"font-weight: 400;\"><strong>una generaci\u00f3n aprende con la otra\u201d,<\/strong> <\/span><\/em><\/span><\/p>\n<p>&nbsp;<\/p>\n<p><span style=\"font-weight: 400;\">Todos los acuerdos tomados, todo el trabajo realizado hasta el momento, las fotos, los v\u00eddeos,\u2026 se pueden consultar en la siguiente p\u00e1gina:<\/span><\/p>\n<p><a href=\"http:\/\/iraes21-ikasleak.blogspot.com\/\"><span style=\"font-weight: 400;\">http:\/\/iraes21-ikasleak.blogspot.com\/<\/span><\/a><\/p>\n<p>&nbsp;<\/p>\n<p style=\"text-align: center;\"><span style=\"font-weight: 400;\">Y surge un nuevo lema<\/span><\/p>\n<p style=\"text-align: center;\"><span style=\"font-size: 14pt;\"><em><strong>\u201cGure Lurrak ahal badu, guk zergatik ez?<\/strong><\/em><\/span><\/p>\n<p style=\"text-align: center;\"><span style=\"font-size: 14pt;\"><em><strong>Mundu berria, gazteen eskuetan\u201d<\/strong><\/em><\/span><\/p>\n<\/div>\n","protected":false},"excerpt":{"rendered":"<p>En el a\u00f1o 2003 la ministra de Medio Ambiente de Brasil llev\u00f3 a su casa el proyecto de la I Conferencia de Medio Ambiente. Su hija quiso saber qu\u00e9 era aquello y la ministra le explic\u00f3 que se trataba de una conferencia donde las personas tendr\u00edan voz para interferir en las pol\u00edticas p\u00fablicas para mejorar [&hellip;]<\/p>\n","protected":false},"author":1,"featured_media":0,"parent":190,"menu_order":26,"comment_status":"closed","ping_status":"closed","template":"","meta":{"site-sidebar-layout":"default","site-content-layout":"","ast-site-content-layout":"default","site-content-style":"default","site-sidebar-style":"default","ast-global-header-display":"","ast-banner-title-visibility":"","ast-main-header-display":"","ast-hfb-above-header-display":"","ast-hfb-below-header-display":"","ast-hfb-mobile-header-display":"","site-post-title":"","ast-breadcrumbs-content":"","ast-featured-img":"","footer-sml-layout":"","ast-disable-related-posts":"","theme-transparent-header-meta":"","adv-header-id-meta":"","stick-header-meta":"","header-above-stick-meta":"","header-main-stick-meta":"","header-below-stick-meta":"","astra-migrate-meta-layouts":"default","ast-page-background-enabled":"default","ast-page-background-meta":{"desktop":{"background-color":"var(--ast-global-color-4)","background-image":"","background-repeat":"repeat","background-position":"center center","background-size":"auto","background-attachment":"scroll","background-type":"","background-media":"","overlay-type":"","overlay-color":"","overlay-opacity":"","overlay-gradient":""},"tablet":{"background-color":"","background-image":"","background-repeat":"repeat","background-position":"center center","background-size":"auto","background-attachment":"scroll","background-type":"","background-media":"","overlay-type":"","overlay-color":"","overlay-opacity":"","overlay-gradient":""},"mobile":{"background-color":"","background-image":"","background-repeat":"repeat","background-position":"center center","background-size":"auto","background-attachment":"scroll","background-type":"","background-media":"","overlay-type":"","overlay-color":"","overlay-opacity":"","overlay-gradient":""}},"ast-content-background-meta":{"desktop":{"background-color":"var(--ast-global-color-5)","background-image":"","background-repeat":"repeat","background-position":"center center","background-size":"auto","background-attachment":"scroll","background-type":"","background-media":"","overlay-type":"","overlay-color":"","overlay-opacity":"","overlay-gradient":""},"tablet":{"background-color":"var(--ast-global-color-5)","background-image":"","background-repeat":"repeat","background-position":"center center","background-size":"auto","background-attachment":"scroll","background-type":"","background-media":"","overlay-type":"","overlay-color":"","overlay-opacity":"","overlay-gradient":""},"mobile":{"background-color":"var(--ast-global-color-5)","background-image":"","background-repeat":"repeat","background-position":"center center","background-size":"auto","background-attachment":"scroll","background-type":"","background-media":"","overlay-type":"","overlay-color":"","overlay-opacity":"","overlay-gradient":""}},"footnotes":""},"class_list":["post-192","page","type-page","status-publish","hentry"],"_links":{"self":[{"href":"https:\/\/www.sanjosecarmelitas.com\/index.php\/wp-json\/wp\/v2\/pages\/192","targetHints":{"allow":["GET"]}}],"collection":[{"href":"https:\/\/www.sanjosecarmelitas.com\/index.php\/wp-json\/wp\/v2\/pages"}],"about":[{"href":"https:\/\/www.sanjosecarmelitas.com\/index.php\/wp-json\/wp\/v2\/types\/page"}],"author":[{"embeddable":true,"href":"https:\/\/www.sanjosecarmelitas.com\/index.php\/wp-json\/wp\/v2\/users\/1"}],"replies":[{"embeddable":true,"href":"https:\/\/www.sanjosecarmelitas.com\/index.php\/wp-json\/wp\/v2\/comments?post=192"}],"version-history":[{"count":4,"href":"https:\/\/www.sanjosecarmelitas.com\/index.php\/wp-json\/wp\/v2\/pages\/192\/revisions"}],"predecessor-version":[{"id":4357,"href":"https:\/\/www.sanjosecarmelitas.com\/index.php\/wp-json\/wp\/v2\/pages\/192\/revisions\/4357"}],"up":[{"embeddable":true,"href":"https:\/\/www.sanjosecarmelitas.com\/index.php\/wp-json\/wp\/v2\/pages\/190"}],"wp:attachment":[{"href":"https:\/\/www.sanjosecarmelitas.com\/index.php\/wp-json\/wp\/v2\/media?parent=192"}],"curies":[{"name":"wp","href":"https:\/\/api.w.org\/{rel}","templated":true}]}}