{"id":19,"date":"2013-04-25T10:25:01","date_gmt":"2013-04-25T10:25:01","guid":{"rendered":"https:\/\/www.sanjosecarmelitas.com\/?page_id=19"},"modified":"2019-05-31T21:00:20","modified_gmt":"2019-05-31T19:00:20","slug":"mvv","status":"publish","type":"page","link":"https:\/\/www.sanjosecarmelitas.com\/index.php\/colegio\/mvv\/","title":{"rendered":"Misi\u00f3n, Visi\u00f3n y Valores"},"content":{"rendered":"<h2>Misi\u00f3n: \u00bfQui\u00e9nes somos?<\/h2>\n<p><a href=\"https:\/\/www.sanjosecarmelitas.com\/wp-content\/uploads\/2013\/05\/mision-vision-valores.jpg\"><img fetchpriority=\"high\" decoding=\"async\" class=\"alignright size-medium wp-image-136\" alt=\"mision-vision-valores\" src=\"https:\/\/www.sanjosecarmelitas.com\/wp-content\/uploads\/2013\/05\/mision-vision-valores-300x170.jpg\" width=\"300\" height=\"170\" srcset=\"https:\/\/www.sanjosecarmelitas.com\/wp-content\/uploads\/2013\/05\/mision-vision-valores-300x170.jpg 300w, https:\/\/www.sanjosecarmelitas.com\/wp-content\/uploads\/2013\/05\/mision-vision-valores-250x141.jpg 250w, https:\/\/www.sanjosecarmelitas.com\/wp-content\/uploads\/2013\/05\/mision-vision-valores-150x85.jpg 150w, https:\/\/www.sanjosecarmelitas.com\/wp-content\/uploads\/2013\/05\/mision-vision-valores.jpg 479w\" sizes=\"(max-width: 300px) 100vw, 300px\" \/><\/a>El Colegio San Jos\u00e9 IKastetxea de Santurtzi es un <b>centro educativo cat\u00f3lico concertado<\/b>, que educa a ni\u00f1os\/as y j\u00f3venes de <b>2 a<\/b><b> 18 a\u00f1os<\/b>, bas\u00e1ndose en el Proyecto Educativo de las <b>Carmelitas Teresas de San Jos\u00e9<\/b>.<\/p>\n<p>Promovemos una <b>educaci\u00f3n integral<\/b> que favorezca el crecimiento, y la maduraci\u00f3n de nuestros <b>alumnos y alumnas<\/b> en todas sus dimensiones: dimensi\u00f3n personal, dimensi\u00f3n social, dimensi\u00f3n ecol\u00f3gica, dimensi\u00f3n trascendente y fomento de valores, de acuerdo con una concepci\u00f3n cristiana de la persona, de la vida y del mundo, que le prepare para participar en la transformaci\u00f3n y mejora de la sociedad.<\/p>\n<p>A tal fin, optamos por la <b>gesti\u00f3n participativa<\/b> de todo el <b>profesorado y personal no docente<\/b>, unas relaciones fluidas y de cercan\u00eda con las <b>familias<\/b> y la apertura a nuestra <b>sociedad<\/b>.<\/p>\n<div>\n<h2>Visi\u00f3n: \u00bfA d\u00f3nde vamos?<img decoding=\"async\" class=\"alignright size-imagen_texto_ancho wp-image-2185\" alt=\"Visi\u00f3n\" src=\"https:\/\/www.sanjosecarmelitas.com\/wp-content\/uploads\/2013\/04\/20151124_V-560x746.jpg\" width=\"194\" height=\"258\" srcset=\"https:\/\/www.sanjosecarmelitas.com\/wp-content\/uploads\/2013\/04\/20151124_V-560x746.jpg 560w, https:\/\/www.sanjosecarmelitas.com\/wp-content\/uploads\/2013\/04\/20151124_V-225x300.jpg 225w, https:\/\/www.sanjosecarmelitas.com\/wp-content\/uploads\/2013\/04\/20151124_V-768x1024.jpg 768w, https:\/\/www.sanjosecarmelitas.com\/wp-content\/uploads\/2013\/04\/20151124_V-250x333.jpg 250w, https:\/\/www.sanjosecarmelitas.com\/wp-content\/uploads\/2013\/04\/20151124_V-150x200.jpg 150w, https:\/\/www.sanjosecarmelitas.com\/wp-content\/uploads\/2013\/04\/20151124_V.jpg 1200w\" sizes=\"(max-width: 194px) 100vw, 194px\" \/><\/h2>\n<\/div>\n<p>El Colegio San Jos\u00e9 pretende ser un centro de referencia en Santurtzi y entorno por la calidad de servicio a la comunidad, destacando:<\/p>\n<ul>\n<li>El compromiso con la participaci\u00f3n y colaboraci\u00f3n de todos los miembros de la Comunidad Educativa, familias y exalumnos\/as.<\/li>\n<li>El fomento de los valores humanos y cristianos.<\/li>\n<li>El excelente nivel acad\u00e9mico de nuestro alumnado.<\/li>\n<li>La innovaci\u00f3n pedag\u00f3gica.<\/li>\n<li>La utilizaci\u00f3n de las nuevas tecnolog\u00edas como medio para la ense\u00f1anza.<\/li>\n<li>La normalizaci\u00f3n ling\u00fcistica del euskera y la potenciaci\u00f3n del triling\u00fcismo.<\/li>\n<li>La atenci\u00f3n a la diversidad y las Necesidades Educativas Especiales.<\/li>\n<li>La atenci\u00f3n personal a alumnado y las familias.<\/li>\n<li>El compromiso medioambiental y social.<\/li>\n<\/ul>\n<div>\n<h2>Valores<\/h2>\n<\/div>\n<p><a href=\"https:\/\/www.sanjosecarmelitas.com\/wp-content\/uploads\/2013\/05\/puzzle.jpg\"><img decoding=\"async\" class=\"alignright size-full wp-image-134\" alt=\"puzzle\" src=\"https:\/\/www.sanjosecarmelitas.com\/wp-content\/uploads\/2013\/05\/puzzle.jpg\" width=\"230\" height=\"222\" srcset=\"https:\/\/www.sanjosecarmelitas.com\/wp-content\/uploads\/2013\/05\/puzzle.jpg 230w, https:\/\/www.sanjosecarmelitas.com\/wp-content\/uploads\/2013\/05\/puzzle-150x144.jpg 150w\" sizes=\"(max-width: 230px) 100vw, 230px\" \/><\/a><strong>Compromiso cristiano<\/strong>: Promover los valores cristianos y apoyar el proyecto de Pastoral del Centro.<\/p>\n<p><strong>Solidaridad<\/strong>: El apoyo mutuo en la convivencia diaria, con el compromiso de participar en las actividades del Centro para alcanzar los objetivos comunes.<\/p>\n<p><strong>Trabajo en equipo<\/strong>: El compromiso de compartir conocimientos, experiencias e ideas desde el respeto a la posici\u00f3n del resto de las personas, asumiendo las decisiones acordadas&#8230;<\/p>\n<p><strong>Responsabilidad<\/strong>: Asumir&nbsp; los derechos y&nbsp; cumplir de forma positiva las obligaciones contra\u00eddas en el marco de nuestra actividad.<\/p>\n<p><strong>Respeto<\/strong>: La disposici\u00f3n favorable a ponerse en el lugar del otro y&nbsp; tratar con educaci\u00f3n y amabilidad a los dem\u00e1s.<\/p>\n<p><strong>Reconocimiento<\/strong>: Valorar de forma positiva la disponibilidad y el trabajo del compa\u00f1ero.<\/p>\n<p><strong>Innovaci\u00f3n<\/strong>: Mejora continua en el desarrollo de nuestras actividades y la b\u00fasqueda de la innovaci\u00f3n pedag\u00f3gica.<\/p>\n","protected":false},"excerpt":{"rendered":"<p>Misi\u00f3n: \u00bfQui\u00e9nes somos? El Colegio San Jos\u00e9 IKastetxea de Santurtzi es un centro educativo cat\u00f3lico concertado, que educa a ni\u00f1os\/as y j\u00f3venes de 2 a 18 a\u00f1os, bas\u00e1ndose en el Proyecto Educativo de las Carmelitas Teresas de San Jos\u00e9. Promovemos una educaci\u00f3n integral que favorezca el crecimiento, y la maduraci\u00f3n de nuestros alumnos y alumnas [&hellip;]<\/p>\n","protected":false},"author":1,"featured_media":0,"parent":13,"menu_order":5,"comment_status":"closed","ping_status":"closed","template":"","meta":{"site-sidebar-layout":"default","site-content-layout":"default","ast-site-content-layout":"default","site-content-style":"default","site-sidebar-style":"default","ast-global-header-display":"","ast-banner-title-visibility":"","ast-main-header-display":"","ast-hfb-above-header-display":"","ast-hfb-below-header-display":"","ast-hfb-mobile-header-display":"","site-post-title":"","ast-breadcrumbs-content":"","ast-featured-img":"","footer-sml-layout":"","ast-disable-related-posts":"","theme-transparent-header-meta":"default","adv-header-id-meta":"","stick-header-meta":"","header-above-stick-meta":"","header-main-stick-meta":"","header-below-stick-meta":"","astra-migrate-meta-layouts":"default","ast-page-background-enabled":"default","ast-page-background-meta":{"desktop":{"background-color":"var(--ast-global-color-4)","background-image":"","background-repeat":"repeat","background-position":"center center","background-size":"auto","background-attachment":"scroll","background-type":"","background-media":"","overlay-type":"","overlay-color":"","overlay-opacity":"","overlay-gradient":""},"tablet":{"background-color":"","background-image":"","background-repeat":"repeat","background-position":"center center","background-size":"auto","background-attachment":"scroll","background-type":"","background-media":"","overlay-type":"","overlay-color":"","overlay-opacity":"","overlay-gradient":""},"mobile":{"background-color":"","background-image":"","background-repeat":"repeat","background-position":"center center","background-size":"auto","background-attachment":"scroll","background-type":"","background-media":"","overlay-type":"","overlay-color":"","overlay-opacity":"","overlay-gradient":""}},"ast-content-background-meta":{"desktop":{"background-color":"var(--ast-global-color-5)","background-image":"","background-repeat":"repeat","background-position":"center center","background-size":"auto","background-attachment":"scroll","background-type":"","background-media":"","overlay-type":"","overlay-color":"","overlay-opacity":"","overlay-gradient":""},"tablet":{"background-color":"var(--ast-global-color-5)","background-image":"","background-repeat":"repeat","background-position":"center center","background-size":"auto","background-attachment":"scroll","background-type":"","background-media":"","overlay-type":"","overlay-color":"","overlay-opacity":"","overlay-gradient":""},"mobile":{"background-color":"var(--ast-global-color-5)","background-image":"","background-repeat":"repeat","background-position":"center center","background-size":"auto","background-attachment":"scroll","background-type":"","background-media":"","overlay-type":"","overlay-color":"","overlay-opacity":"","overlay-gradient":""}},"footnotes":""},"class_list":["post-19","page","type-page","status-publish","hentry"],"_links":{"self":[{"href":"https:\/\/www.sanjosecarmelitas.com\/index.php\/wp-json\/wp\/v2\/pages\/19","targetHints":{"allow":["GET"]}}],"collection":[{"href":"https:\/\/www.sanjosecarmelitas.com\/index.php\/wp-json\/wp\/v2\/pages"}],"about":[{"href":"https:\/\/www.sanjosecarmelitas.com\/index.php\/wp-json\/wp\/v2\/types\/page"}],"author":[{"embeddable":true,"href":"https:\/\/www.sanjosecarmelitas.com\/index.php\/wp-json\/wp\/v2\/users\/1"}],"replies":[{"embeddable":true,"href":"https:\/\/www.sanjosecarmelitas.com\/index.php\/wp-json\/wp\/v2\/comments?post=19"}],"version-history":[{"count":2,"href":"https:\/\/www.sanjosecarmelitas.com\/index.php\/wp-json\/wp\/v2\/pages\/19\/revisions"}],"predecessor-version":[{"id":6344,"href":"https:\/\/www.sanjosecarmelitas.com\/index.php\/wp-json\/wp\/v2\/pages\/19\/revisions\/6344"}],"up":[{"embeddable":true,"href":"https:\/\/www.sanjosecarmelitas.com\/index.php\/wp-json\/wp\/v2\/pages\/13"}],"wp:attachment":[{"href":"https:\/\/www.sanjosecarmelitas.com\/index.php\/wp-json\/wp\/v2\/media?parent=19"}],"curies":[{"name":"wp","href":"https:\/\/api.w.org\/{rel}","templated":true}]}}