{"id":182,"date":"2013-05-29T15:34:21","date_gmt":"2013-05-29T15:34:21","guid":{"rendered":"https:\/\/www.sanjosecarmelitas.com\/index.php\/servicios\/servicio-medico\/"},"modified":"2020-03-25T11:53:45","modified_gmt":"2020-03-25T10:53:45","slug":"servicio-medico","status":"publish","type":"page","link":"https:\/\/www.sanjosecarmelitas.com\/index.php\/servicios\/servicio-medico\/","title":{"rendered":"Servicio m\u00e9dico"},"content":{"rendered":"<p>El Colegio tiene contratado un servicio m\u00e9dico privado que cubre los siguientes servicios:<\/p>\n<p><b>Accidentes escolares<\/b> ocurridos:<\/p>\n<ul>\n<li><b>en el colegio <\/b>en horario escolar.<img fetchpriority=\"high\" decoding=\"async\" class=\"size-medium wp-image-6674 alignright\" src=\"https:\/\/www.sanjosecarmelitas.com\/wp-content\/uploads\/2020\/03\/seguro-300x205.jpg\" alt=\"\" width=\"300\" height=\"205\" srcset=\"https:\/\/www.sanjosecarmelitas.com\/wp-content\/uploads\/2020\/03\/seguro-300x205.jpg 300w, https:\/\/www.sanjosecarmelitas.com\/wp-content\/uploads\/2020\/03\/seguro-768x524.jpg 768w, https:\/\/www.sanjosecarmelitas.com\/wp-content\/uploads\/2020\/03\/seguro.jpg 955w\" sizes=\"(max-width: 300px) 100vw, 300px\" \/><\/li>\n<li>en la <b>actividades complementarias organizadas por el Colegio <\/b>(salidas culturales, excursiones&#8230;).<\/li>\n<\/ul>\n<p><b>Asistencia sanitaria en el colegio<\/b>: <b>el m\u00e9dico<\/b> del seguro <b>viene<\/b> al colegio a atender a los alumnos o alumnas accidentadas, aplicando o determinando el tipo de atenci\u00f3n que necesitan.<\/p>\n<p><b>Asistencia sanitaria en el centro sanitario concertado (cl\u00ednica San Juan de Dios) por prescripci\u00f3n del m\u00e9dico del seguro. <\/b>En estos casos la persona responsable del Centro escolar se pondr\u00e1 en contacto con la familia, los tutores legales o la persona responsable para que estos trasladen al alumno o alumna.<\/p>\n<p>El seguro de accidente escolar no se har\u00e1 cargo de los gastos de aquellos alumnos o alumnas que, por su cuenta, vayan a San Juan de Dios u otro lugar sin llevar los impresos pertinentes proporcionados por el Colegio.<\/p>\n<p>La p\u00f3liza no cubre los gastos de desplazamiento.<\/p>\n<p><b>Tratamiento odontol\u00f3gico<\/b> (incluidas pr\u00f3tesis) cuando el accidente haya causado da\u00f1os en dientes. Se recomienda acudir al centro aconsejado.<\/p>\n<p>El seguro no cubre la rotura de gafas.<\/p>\n<div>\n<p><b><i>El colegio no se hace responsable, en ning\u00fan caso, de la p\u00e9rdida, deterioro o robo de los objetos de valor o dinero que los alumnos lleven<\/i><\/b><b><i>.<img decoding=\"async\" class=\"size-imagen_junto_texto wp-image-602 alignleft\" src=\"https:\/\/www.sanjosecarmelitas.com\/wp-content\/uploads\/2013\/05\/DSC_4833-225x149.jpg\" alt=\"DSC_4833\" width=\"225\" height=\"149\" srcset=\"https:\/\/www.sanjosecarmelitas.com\/wp-content\/uploads\/2013\/05\/DSC_4833-225x149.jpg 225w, https:\/\/www.sanjosecarmelitas.com\/wp-content\/uploads\/2013\/05\/DSC_4833-300x199.jpg 300w, https:\/\/www.sanjosecarmelitas.com\/wp-content\/uploads\/2013\/05\/DSC_4833-250x166.jpg 250w, https:\/\/www.sanjosecarmelitas.com\/wp-content\/uploads\/2013\/05\/DSC_4833-560x372.jpg 560w, https:\/\/www.sanjosecarmelitas.com\/wp-content\/uploads\/2013\/05\/DSC_4833-150x99.jpg 150w, https:\/\/www.sanjosecarmelitas.com\/wp-content\/uploads\/2013\/05\/DSC_4833-275x183.jpg 275w, https:\/\/www.sanjosecarmelitas.com\/wp-content\/uploads\/2013\/05\/DSC_4833.jpg 800w\" sizes=\"(max-width: 225px) 100vw, 225px\" \/><\/i><\/b><\/p>\n<\/div>\n","protected":false},"excerpt":{"rendered":"<p>El Colegio tiene contratado un servicio m\u00e9dico privado que cubre los siguientes servicios: Accidentes escolares ocurridos: en el colegio en horario escolar. en la actividades complementarias organizadas por el Colegio (salidas culturales, excursiones&#8230;). Asistencia sanitaria en el colegio: el m\u00e9dico del seguro viene al colegio a atender a los alumnos o alumnas accidentadas, aplicando o [&hellip;]<\/p>\n","protected":false},"author":1,"featured_media":0,"parent":176,"menu_order":18,"comment_status":"closed","ping_status":"closed","template":"","meta":{"site-sidebar-layout":"default","site-content-layout":"default","ast-site-content-layout":"default","site-content-style":"default","site-sidebar-style":"default","ast-global-header-display":"","ast-banner-title-visibility":"","ast-main-header-display":"","ast-hfb-above-header-display":"","ast-hfb-below-header-display":"","ast-hfb-mobile-header-display":"","site-post-title":"","ast-breadcrumbs-content":"","ast-featured-img":"","footer-sml-layout":"","ast-disable-related-posts":"","theme-transparent-header-meta":"default","adv-header-id-meta":"","stick-header-meta":"","header-above-stick-meta":"","header-main-stick-meta":"","header-below-stick-meta":"","astra-migrate-meta-layouts":"default","ast-page-background-enabled":"default","ast-page-background-meta":{"desktop":{"background-color":"var(--ast-global-color-4)","background-image":"","background-repeat":"repeat","background-position":"center center","background-size":"auto","background-attachment":"scroll","background-type":"","background-media":"","overlay-type":"","overlay-color":"","overlay-opacity":"","overlay-gradient":""},"tablet":{"background-color":"","background-image":"","background-repeat":"repeat","background-position":"center center","background-size":"auto","background-attachment":"scroll","background-type":"","background-media":"","overlay-type":"","overlay-color":"","overlay-opacity":"","overlay-gradient":""},"mobile":{"background-color":"","background-image":"","background-repeat":"repeat","background-position":"center center","background-size":"auto","background-attachment":"scroll","background-type":"","background-media":"","overlay-type":"","overlay-color":"","overlay-opacity":"","overlay-gradient":""}},"ast-content-background-meta":{"desktop":{"background-color":"var(--ast-global-color-5)","background-image":"","background-repeat":"repeat","background-position":"center center","background-size":"auto","background-attachment":"scroll","background-type":"","background-media":"","overlay-type":"","overlay-color":"","overlay-opacity":"","overlay-gradient":""},"tablet":{"background-color":"var(--ast-global-color-5)","background-image":"","background-repeat":"repeat","background-position":"center center","background-size":"auto","background-attachment":"scroll","background-type":"","background-media":"","overlay-type":"","overlay-color":"","overlay-opacity":"","overlay-gradient":""},"mobile":{"background-color":"var(--ast-global-color-5)","background-image":"","background-repeat":"repeat","background-position":"center center","background-size":"auto","background-attachment":"scroll","background-type":"","background-media":"","overlay-type":"","overlay-color":"","overlay-opacity":"","overlay-gradient":""}},"footnotes":""},"class_list":["post-182","page","type-page","status-publish","hentry"],"_links":{"self":[{"href":"https:\/\/www.sanjosecarmelitas.com\/index.php\/wp-json\/wp\/v2\/pages\/182","targetHints":{"allow":["GET"]}}],"collection":[{"href":"https:\/\/www.sanjosecarmelitas.com\/index.php\/wp-json\/wp\/v2\/pages"}],"about":[{"href":"https:\/\/www.sanjosecarmelitas.com\/index.php\/wp-json\/wp\/v2\/types\/page"}],"author":[{"embeddable":true,"href":"https:\/\/www.sanjosecarmelitas.com\/index.php\/wp-json\/wp\/v2\/users\/1"}],"replies":[{"embeddable":true,"href":"https:\/\/www.sanjosecarmelitas.com\/index.php\/wp-json\/wp\/v2\/comments?post=182"}],"version-history":[{"count":2,"href":"https:\/\/www.sanjosecarmelitas.com\/index.php\/wp-json\/wp\/v2\/pages\/182\/revisions"}],"predecessor-version":[{"id":6677,"href":"https:\/\/www.sanjosecarmelitas.com\/index.php\/wp-json\/wp\/v2\/pages\/182\/revisions\/6677"}],"up":[{"embeddable":true,"href":"https:\/\/www.sanjosecarmelitas.com\/index.php\/wp-json\/wp\/v2\/pages\/176"}],"wp:attachment":[{"href":"https:\/\/www.sanjosecarmelitas.com\/index.php\/wp-json\/wp\/v2\/media?parent=182"}],"curies":[{"name":"wp","href":"https:\/\/api.w.org\/{rel}","templated":true}]}}