{"id":181,"date":"2013-05-29T15:34:21","date_gmt":"2013-05-29T15:34:21","guid":{"rendered":"https:\/\/www.sanjosecarmelitas.com\/index.php\/servicios\/comedor\/"},"modified":"2023-06-02T17:27:43","modified_gmt":"2023-06-02T15:27:43","slug":"comedor","status":"publish","type":"page","link":"https:\/\/www.sanjosecarmelitas.com\/index.php\/servicios\/comedor\/","title":{"rendered":"Comedor"},"content":{"rendered":"\t\t<div data-elementor-type=\"wp-post\" data-elementor-id=\"181\" class=\"elementor elementor-181\" data-elementor-post-type=\"page\">\n\t\t\t\t\t\t<section class=\"elementor-section elementor-top-section elementor-element elementor-element-ff66f84 elementor-section-boxed elementor-section-height-default elementor-section-height-default\" data-id=\"ff66f84\" data-element_type=\"section\">\n\t\t\t\t\t\t<div class=\"elementor-container elementor-column-gap-default\">\n\t\t\t\t\t<div class=\"elementor-column elementor-col-33 elementor-top-column elementor-element elementor-element-d8f3844\" data-id=\"d8f3844\" data-element_type=\"column\">\n\t\t\t<div class=\"elementor-widget-wrap elementor-element-populated\">\n\t\t\t\t\t\t<div class=\"elementor-element elementor-element-2ba9a5a elementor-widget elementor-widget-image\" data-id=\"2ba9a5a\" data-element_type=\"widget\" data-widget_type=\"image.default\">\n\t\t\t\t<div class=\"elementor-widget-container\">\n\t\t\t\t\t\t\t\t\t\t\t\t\t\t\t<img fetchpriority=\"high\" decoding=\"async\" width=\"800\" height=\"532\" src=\"https:\/\/www.sanjosecarmelitas.com\/wp-content\/uploads\/2013\/05\/DSC_5108.jpg\" class=\"attachment-large size-large wp-image-626\" alt=\"\" srcset=\"https:\/\/www.sanjosecarmelitas.com\/wp-content\/uploads\/2013\/05\/DSC_5108.jpg 800w, https:\/\/www.sanjosecarmelitas.com\/wp-content\/uploads\/2013\/05\/DSC_5108-300x199.jpg 300w, https:\/\/www.sanjosecarmelitas.com\/wp-content\/uploads\/2013\/05\/DSC_5108-250x166.jpg 250w, https:\/\/www.sanjosecarmelitas.com\/wp-content\/uploads\/2013\/05\/DSC_5108-560x372.jpg 560w, https:\/\/www.sanjosecarmelitas.com\/wp-content\/uploads\/2013\/05\/DSC_5108-150x99.jpg 150w, https:\/\/www.sanjosecarmelitas.com\/wp-content\/uploads\/2013\/05\/DSC_5108-225x149.jpg 225w, https:\/\/www.sanjosecarmelitas.com\/wp-content\/uploads\/2013\/05\/DSC_5108-275x183.jpg 275w\" sizes=\"(max-width: 800px) 100vw, 800px\" \/>\t\t\t\t\t\t\t\t\t\t\t\t\t\t\t<\/div>\n\t\t\t\t<\/div>\n\t\t\t\t\t<\/div>\n\t\t<\/div>\n\t\t\t\t<div class=\"elementor-column elementor-col-66 elementor-top-column elementor-element elementor-element-013d9d9\" data-id=\"013d9d9\" data-element_type=\"column\">\n\t\t\t<div class=\"elementor-widget-wrap elementor-element-populated\">\n\t\t\t\t\t\t<div class=\"elementor-element elementor-element-c79e094 elementor-widget elementor-widget-text-editor\" data-id=\"c79e094\" data-element_type=\"widget\" data-widget_type=\"text-editor.default\">\n\t\t\t\t<div class=\"elementor-widget-container\">\n\t\t\t\t\t\t\t\t\t<p>En el colegio San Jos\u00e9-Carmelitas la comida\u00a0<strong>se elabora en el colegio<\/strong>\u00a0y se sirve por personal de San Jos\u00e9 Carmelitas.<\/p><p>Contamos con el<strong>\u00a0asesoramiento de Gastronom\u00eda Baska<\/strong>\u00a0para la realizaci\u00f3n de compras de materia prima de primera calidad y confecci\u00f3n de\u00a0<strong>men\u00fas diet\u00e9ticamente equilibrados.<\/strong><\/p><p>Los alumnos y alumnas pueden acogerse a este servicio\u00a0<strong>a lo largo de todo el curso, o bien utiliz\u00e1ndolo ocasionalmente<\/strong> en d\u00edas aislados por medio de un ticket que recoger\u00e1n en recepci\u00f3n.<\/p><p>\u00a0<\/p>\t\t\t\t\t\t\t\t<\/div>\n\t\t\t\t<\/div>\n\t\t\t\t\t<\/div>\n\t\t<\/div>\n\t\t\t\t\t<\/div>\n\t\t<\/section>\n\t\t\t\t<section class=\"elementor-section elementor-top-section elementor-element elementor-element-c3c156e elementor-section-boxed elementor-section-height-default elementor-section-height-default\" data-id=\"c3c156e\" data-element_type=\"section\">\n\t\t\t\t\t\t<div class=\"elementor-container elementor-column-gap-default\">\n\t\t\t\t\t<div class=\"elementor-column elementor-col-100 elementor-top-column elementor-element elementor-element-fd48f0f\" data-id=\"fd48f0f\" data-element_type=\"column\">\n\t\t\t<div class=\"elementor-widget-wrap elementor-element-populated\">\n\t\t\t\t\t\t<div class=\"elementor-element elementor-element-e5a3f7b elementor-widget elementor-widget-text-editor\" data-id=\"e5a3f7b\" data-element_type=\"widget\" data-widget_type=\"text-editor.default\">\n\t\t\t\t<div class=\"elementor-widget-container\">\n\t\t\t\t\t\t\t\t\t<h2>MEN\u00da<\/h2>\t\t\t\t\t\t\t\t<\/div>\n\t\t\t\t<\/div>\n\t\t\t\t\t<\/div>\n\t\t<\/div>\n\t\t\t\t\t<\/div>\n\t\t<\/section>\n\t\t\t\t<section class=\"elementor-section elementor-top-section elementor-element elementor-element-8507b8b elementor-section-boxed elementor-section-height-default elementor-section-height-default\" data-id=\"8507b8b\" data-element_type=\"section\">\n\t\t\t\t\t\t<div class=\"elementor-container elementor-column-gap-default\">\n\t\t\t\t\t<div class=\"elementor-column elementor-col-50 elementor-top-column elementor-element elementor-element-fb5fe9b\" data-id=\"fb5fe9b\" data-element_type=\"column\">\n\t\t\t<div class=\"elementor-widget-wrap elementor-element-populated\">\n\t\t\t\t\t\t<div class=\"elementor-element elementor-element-28ea511 elementor-widget elementor-widget-text-editor\" data-id=\"28ea511\" data-element_type=\"widget\" data-widget_type=\"text-editor.default\">\n\t\t\t\t<div class=\"elementor-widget-container\">\n\t\t\t\t\t\t\t\t\t<p>Es enviado mensualmente a las familias a trav\u00e9s de la plataforma<a href=\"https:\/\/web2.alexiaedu.com\/ACWeb\/LogOn.aspx?key=lr9loV4s%2bcM%3d\">\u00a0Alexia<\/a>.<\/p><p><img decoding=\"async\" class=\"size-full wp-image-24 aligncenter\" src=\"https:\/\/www.sanjosecarmelitas.com\/wp-content\/uploads\/2013\/04\/banner-alexia.png\" alt=\"\" width=\"140\" height=\"52\" \/><\/p>\t\t\t\t\t\t\t\t<\/div>\n\t\t\t\t<\/div>\n\t\t\t\t\t<\/div>\n\t\t<\/div>\n\t\t\t\t<div class=\"elementor-column elementor-col-50 elementor-top-column elementor-element elementor-element-229bea7\" data-id=\"229bea7\" data-element_type=\"column\">\n\t\t\t<div class=\"elementor-widget-wrap elementor-element-populated\">\n\t\t\t\t\t\t<div class=\"elementor-element elementor-element-db9b3e1 elementor-widget elementor-widget-image\" data-id=\"db9b3e1\" data-element_type=\"widget\" data-widget_type=\"image.default\">\n\t\t\t\t<div class=\"elementor-widget-container\">\n\t\t\t\t\t\t\t\t\t\t\t\t\t\t\t<img decoding=\"async\" width=\"1024\" height=\"683\" src=\"https:\/\/www.sanjosecarmelitas.com\/wp-content\/uploads\/2023\/06\/FOTOS-INTERNO-2_NOV2022_-155-1024x683.jpg\" class=\"attachment-large size-large wp-image-9110\" alt=\"\" srcset=\"https:\/\/www.sanjosecarmelitas.com\/wp-content\/uploads\/2023\/06\/FOTOS-INTERNO-2_NOV2022_-155-1024x683.jpg 1024w, https:\/\/www.sanjosecarmelitas.com\/wp-content\/uploads\/2023\/06\/FOTOS-INTERNO-2_NOV2022_-155-300x200.jpg 300w, https:\/\/www.sanjosecarmelitas.com\/wp-content\/uploads\/2023\/06\/FOTOS-INTERNO-2_NOV2022_-155-768x512.jpg 768w, https:\/\/www.sanjosecarmelitas.com\/wp-content\/uploads\/2023\/06\/FOTOS-INTERNO-2_NOV2022_-155-1536x1024.jpg 1536w, https:\/\/www.sanjosecarmelitas.com\/wp-content\/uploads\/2023\/06\/FOTOS-INTERNO-2_NOV2022_-155-2048x1365.jpg 2048w\" sizes=\"(max-width: 1024px) 100vw, 1024px\" \/>\t\t\t\t\t\t\t\t\t\t\t\t\t\t\t<\/div>\n\t\t\t\t<\/div>\n\t\t\t\t\t<\/div>\n\t\t<\/div>\n\t\t\t\t\t<\/div>\n\t\t<\/section>\n\t\t\t\t<section class=\"elementor-section elementor-top-section elementor-element elementor-element-d3cafd0 elementor-section-boxed elementor-section-height-default elementor-section-height-default\" data-id=\"d3cafd0\" data-element_type=\"section\">\n\t\t\t\t\t\t<div class=\"elementor-container elementor-column-gap-default\">\n\t\t\t\t\t<div class=\"elementor-column elementor-col-100 elementor-top-column elementor-element elementor-element-610018c\" data-id=\"610018c\" data-element_type=\"column\">\n\t\t\t<div class=\"elementor-widget-wrap elementor-element-populated\">\n\t\t\t\t\t\t<div class=\"elementor-element elementor-element-ef2af12 elementor-widget elementor-widget-image\" data-id=\"ef2af12\" data-element_type=\"widget\" data-widget_type=\"image.default\">\n\t\t\t\t<div class=\"elementor-widget-container\">\n\t\t\t\t\t\t\t\t\t\t\t\t\t\t\t<img loading=\"lazy\" decoding=\"async\" width=\"768\" height=\"512\" src=\"https:\/\/www.sanjosecarmelitas.com\/wp-content\/uploads\/2023\/06\/FOTOS-INTERNO-2_NOV2022_-477-768x512.jpg\" class=\"attachment-medium_large size-medium_large wp-image-9112\" alt=\"\" srcset=\"https:\/\/www.sanjosecarmelitas.com\/wp-content\/uploads\/2023\/06\/FOTOS-INTERNO-2_NOV2022_-477-768x512.jpg 768w, https:\/\/www.sanjosecarmelitas.com\/wp-content\/uploads\/2023\/06\/FOTOS-INTERNO-2_NOV2022_-477-300x200.jpg 300w, https:\/\/www.sanjosecarmelitas.com\/wp-content\/uploads\/2023\/06\/FOTOS-INTERNO-2_NOV2022_-477-1024x683.jpg 1024w, https:\/\/www.sanjosecarmelitas.com\/wp-content\/uploads\/2023\/06\/FOTOS-INTERNO-2_NOV2022_-477-1536x1024.jpg 1536w, https:\/\/www.sanjosecarmelitas.com\/wp-content\/uploads\/2023\/06\/FOTOS-INTERNO-2_NOV2022_-477-2048x1365.jpg 2048w\" sizes=\"(max-width: 768px) 100vw, 768px\" \/>\t\t\t\t\t\t\t\t\t\t\t\t\t\t\t<\/div>\n\t\t\t\t<\/div>\n\t\t\t\t<div class=\"elementor-element elementor-element-b40dce0 elementor-widget elementor-widget-text-editor\" data-id=\"b40dce0\" data-element_type=\"widget\" data-widget_type=\"text-editor.default\">\n\t\t\t\t<div class=\"elementor-widget-container\">\n\t\t\t\t\t\t\t\t\t<h2>NORMAS DEL COMEDOR<\/h2>\t\t\t\t\t\t\t\t<\/div>\n\t\t\t\t<\/div>\n\t\t\t\t\t<\/div>\n\t\t<\/div>\n\t\t\t\t\t<\/div>\n\t\t<\/section>\n\t\t\t\t<section class=\"elementor-section elementor-top-section elementor-element elementor-element-f8dd2ff elementor-section-boxed elementor-section-height-default elementor-section-height-default\" data-id=\"f8dd2ff\" data-element_type=\"section\">\n\t\t\t\t\t\t<div class=\"elementor-container elementor-column-gap-default\">\n\t\t\t\t\t<div class=\"elementor-column elementor-col-100 elementor-top-column elementor-element elementor-element-b2b72ba\" data-id=\"b2b72ba\" data-element_type=\"column\">\n\t\t\t<div class=\"elementor-widget-wrap elementor-element-populated\">\n\t\t\t\t\t\t<div class=\"elementor-element elementor-element-9b3df1a elementor-widget elementor-widget-text-editor\" data-id=\"9b3df1a\" data-element_type=\"widget\" data-widget_type=\"text-editor.default\">\n\t\t\t\t<div class=\"elementor-widget-container\">\n\t\t\t\t\t\t\t\t\t<p>En el comedor han de seguirse las normas elementales de convivencia, higiene y buenos modales, para ello:<\/p>\t\t\t\t\t\t\t\t<\/div>\n\t\t\t\t<\/div>\n\t\t\t\t\t<\/div>\n\t\t<\/div>\n\t\t\t\t\t<\/div>\n\t\t<\/section>\n\t\t\t\t<section class=\"elementor-section elementor-top-section elementor-element elementor-element-91593b4 elementor-section-boxed elementor-section-height-default elementor-section-height-default\" data-id=\"91593b4\" data-element_type=\"section\">\n\t\t\t\t\t\t<div class=\"elementor-container elementor-column-gap-default\">\n\t\t\t\t\t<div class=\"elementor-column elementor-col-50 elementor-top-column elementor-element elementor-element-4c5b2a5\" data-id=\"4c5b2a5\" data-element_type=\"column\">\n\t\t\t<div class=\"elementor-widget-wrap elementor-element-populated\">\n\t\t\t\t\t\t<div class=\"elementor-element elementor-element-e0620a4 elementor-widget elementor-widget-text-editor\" data-id=\"e0620a4\" data-element_type=\"widget\" data-widget_type=\"text-editor.default\">\n\t\t\t\t<div class=\"elementor-widget-container\">\n\t\t\t\t\t\t\t\t\t<ul><li><p>Nos lavaremos las manos antes de comer.<\/p><\/li><li><p>Respetaremos y obedeceremos las indicaciones de los responsables del comedor.<\/p><\/li><li><p>Tendremos en cuenta las normas b\u00e1sicas de higiene durante la comida evitando arrojar comida y objetos al suelo.<\/p><\/li><li><p>Hablaremos en tono suave y mantendremos la tranquilidad mientras comemos, evitando gritos y estando debidamente sentados a la mesa.<\/p><\/li><li><p>Trataremos con respeto y educaci\u00f3n a los compa\u00f1eros y\u00a0 personal del comedor.<\/p><\/li><\/ul>\t\t\t\t\t\t\t\t<\/div>\n\t\t\t\t<\/div>\n\t\t\t\t\t<\/div>\n\t\t<\/div>\n\t\t\t\t<div class=\"elementor-column elementor-col-50 elementor-top-column elementor-element elementor-element-7a87175\" data-id=\"7a87175\" data-element_type=\"column\">\n\t\t\t<div class=\"elementor-widget-wrap elementor-element-populated\">\n\t\t\t\t\t\t<div class=\"elementor-element elementor-element-0fc62ae elementor-widget elementor-widget-text-editor\" data-id=\"0fc62ae\" data-element_type=\"widget\" data-widget_type=\"text-editor.default\">\n\t\t\t\t<div class=\"elementor-widget-container\">\n\t\t\t\t\t\t\t\t\t<ul><li><p>Trataremos los utensilios del menaje y el mobiliario con el debido cuidado.<\/p><\/li><li><p>Evitaremos molestar a los m\u00e1s peque\u00f1os o m\u00e1s d\u00e9biles.<\/p><\/li><li><p>Comeremos la comida que nos sirvan y si queremos m\u00e1s lo pediremos con educaci\u00f3n y respeto.<\/p><\/li><li><p>Permaneceremos sentados en nuestro sitio hasta que hayamos terminado de comer.<\/p><\/li><li><p>Durante el recreo del comedor jugaremos en el patio con moderaci\u00f3n, sin molestar a los m\u00e1s peque\u00f1os y siempre obedeciendo las \u00f3rdenes de las cuidadoras. En el estudio estaremos en total silencio.<\/p><\/li><\/ul>\t\t\t\t\t\t\t\t<\/div>\n\t\t\t\t<\/div>\n\t\t\t\t\t<\/div>\n\t\t<\/div>\n\t\t\t\t\t<\/div>\n\t\t<\/section>\n\t\t\t\t<section class=\"elementor-section elementor-top-section elementor-element elementor-element-cb7fea3 elementor-section-boxed elementor-section-height-default elementor-section-height-default\" data-id=\"cb7fea3\" data-element_type=\"section\">\n\t\t\t\t\t\t<div class=\"elementor-container elementor-column-gap-default\">\n\t\t\t\t\t<div class=\"elementor-column elementor-col-100 elementor-top-column elementor-element elementor-element-dd3f725\" data-id=\"dd3f725\" data-element_type=\"column\">\n\t\t\t<div class=\"elementor-widget-wrap elementor-element-populated\">\n\t\t\t\t\t\t<div class=\"elementor-element elementor-element-67dfdee elementor-widget elementor-widget-text-editor\" data-id=\"67dfdee\" data-element_type=\"widget\" data-widget_type=\"text-editor.default\">\n\t\t\t\t<div class=\"elementor-widget-container\">\n\t\t\t\t\t\t\t\t\t<p><em><strong>El comedor es un servicio voluntario, por lo cual, aquellos alumnos y alumnas que no cumplan las normas de conducta e higiene debidas, ser\u00e1n dados de\u00a0 baja de comedor, previo aviso a los padres y madres.<\/strong><\/em><\/p>\t\t\t\t\t\t\t\t<\/div>\n\t\t\t\t<\/div>\n\t\t\t\t\t<\/div>\n\t\t<\/div>\n\t\t\t\t\t<\/div>\n\t\t<\/section>\n\t\t\t\t<section class=\"elementor-section elementor-top-section elementor-element elementor-element-eca655c elementor-section-boxed elementor-section-height-default elementor-section-height-default\" data-id=\"eca655c\" data-element_type=\"section\">\n\t\t\t\t\t\t<div class=\"elementor-container elementor-column-gap-default\">\n\t\t\t\t\t<div class=\"elementor-column elementor-col-50 elementor-top-column elementor-element elementor-element-1e4ba96\" data-id=\"1e4ba96\" data-element_type=\"column\">\n\t\t\t<div class=\"elementor-widget-wrap elementor-element-populated\">\n\t\t\t\t\t\t<div class=\"elementor-element elementor-element-5dbf874 elementor-widget elementor-widget-image\" data-id=\"5dbf874\" data-element_type=\"widget\" data-widget_type=\"image.default\">\n\t\t\t\t<div class=\"elementor-widget-container\">\n\t\t\t\t\t\t\t\t\t\t\t\t<figure class=\"wp-caption\">\n\t\t\t\t\t\t\t\t\t\t<img loading=\"lazy\" decoding=\"async\" width=\"800\" height=\"532\" src=\"https:\/\/www.sanjosecarmelitas.com\/wp-content\/uploads\/2013\/05\/DSC_5100.jpg\" class=\"attachment-large size-large wp-image-605\" alt=\"\" srcset=\"https:\/\/www.sanjosecarmelitas.com\/wp-content\/uploads\/2013\/05\/DSC_5100.jpg 800w, https:\/\/www.sanjosecarmelitas.com\/wp-content\/uploads\/2013\/05\/DSC_5100-300x199.jpg 300w, https:\/\/www.sanjosecarmelitas.com\/wp-content\/uploads\/2013\/05\/DSC_5100-250x166.jpg 250w, https:\/\/www.sanjosecarmelitas.com\/wp-content\/uploads\/2013\/05\/DSC_5100-560x372.jpg 560w, https:\/\/www.sanjosecarmelitas.com\/wp-content\/uploads\/2013\/05\/DSC_5100-150x99.jpg 150w, https:\/\/www.sanjosecarmelitas.com\/wp-content\/uploads\/2013\/05\/DSC_5100-225x149.jpg 225w, https:\/\/www.sanjosecarmelitas.com\/wp-content\/uploads\/2013\/05\/DSC_5100-275x183.jpg 275w\" sizes=\"(max-width: 800px) 100vw, 800px\" \/>\t\t\t\t\t\t\t\t\t\t\t<figcaption class=\"widget-image-caption wp-caption-text\">Comedor de Ed. Infantil<\/figcaption>\n\t\t\t\t\t\t\t\t\t\t<\/figure>\n\t\t\t\t\t\t\t\t\t<\/div>\n\t\t\t\t<\/div>\n\t\t\t\t\t<\/div>\n\t\t<\/div>\n\t\t\t\t<div class=\"elementor-column elementor-col-50 elementor-top-column elementor-element elementor-element-151fead\" data-id=\"151fead\" data-element_type=\"column\">\n\t\t\t<div class=\"elementor-widget-wrap elementor-element-populated\">\n\t\t\t\t\t\t<div class=\"elementor-element elementor-element-0bd3fd2 elementor-widget elementor-widget-image\" data-id=\"0bd3fd2\" data-element_type=\"widget\" data-widget_type=\"image.default\">\n\t\t\t\t<div class=\"elementor-widget-container\">\n\t\t\t\t\t\t\t\t\t\t\t\t<figure class=\"wp-caption\">\n\t\t\t\t\t\t\t\t\t\t<img loading=\"lazy\" decoding=\"async\" width=\"1024\" height=\"683\" src=\"https:\/\/www.sanjosecarmelitas.com\/wp-content\/uploads\/2023\/06\/FOTOS-INTERNO-2_NOV2022_-418-1024x683.jpg\" class=\"attachment-large size-large wp-image-9114\" alt=\"\" srcset=\"https:\/\/www.sanjosecarmelitas.com\/wp-content\/uploads\/2023\/06\/FOTOS-INTERNO-2_NOV2022_-418-1024x683.jpg 1024w, https:\/\/www.sanjosecarmelitas.com\/wp-content\/uploads\/2023\/06\/FOTOS-INTERNO-2_NOV2022_-418-300x200.jpg 300w, https:\/\/www.sanjosecarmelitas.com\/wp-content\/uploads\/2023\/06\/FOTOS-INTERNO-2_NOV2022_-418-768x512.jpg 768w, https:\/\/www.sanjosecarmelitas.com\/wp-content\/uploads\/2023\/06\/FOTOS-INTERNO-2_NOV2022_-418-1536x1024.jpg 1536w, https:\/\/www.sanjosecarmelitas.com\/wp-content\/uploads\/2023\/06\/FOTOS-INTERNO-2_NOV2022_-418-2048x1365.jpg 2048w\" sizes=\"(max-width: 1024px) 100vw, 1024px\" \/>\t\t\t\t\t\t\t\t\t\t\t<figcaption class=\"widget-image-caption wp-caption-text\">Comedor de 2 a\u00f1os<\/figcaption>\n\t\t\t\t\t\t\t\t\t\t<\/figure>\n\t\t\t\t\t\t\t\t\t<\/div>\n\t\t\t\t<\/div>\n\t\t\t\t\t<\/div>\n\t\t<\/div>\n\t\t\t\t\t<\/div>\n\t\t<\/section>\n\t\t\t\t<\/div>\n\t\t","protected":false},"excerpt":{"rendered":"<p>En el colegio San Jos\u00e9-Carmelitas la comida&nbsp;se elabora en el colegio&nbsp;y se sirve por personal de San Jos\u00e9 Carmelitas. Contamos con el&nbsp;asesoramiento de Gastronom\u00eda Baska&nbsp;para la realizaci\u00f3n de compras de materia prima de primera calidad y confecci\u00f3n de&nbsp;men\u00fas diet\u00e9ticamente equilibrados. Los alumnos y alumnas pueden acogerse a este servicio&nbsp;a lo largo de todo el curso, [&hellip;]<\/p>\n","protected":false},"author":2,"featured_media":0,"parent":176,"menu_order":17,"comment_status":"closed","ping_status":"closed","template":"","meta":{"site-sidebar-layout":"default","site-content-layout":"default","ast-site-content-layout":"default","site-content-style":"default","site-sidebar-style":"default","ast-global-header-display":"","ast-banner-title-visibility":"","ast-main-header-display":"","ast-hfb-above-header-display":"","ast-hfb-below-header-display":"","ast-hfb-mobile-header-display":"","site-post-title":"","ast-breadcrumbs-content":"","ast-featured-img":"","footer-sml-layout":"","ast-disable-related-posts":"","theme-transparent-header-meta":"default","adv-header-id-meta":"","stick-header-meta":"","header-above-stick-meta":"","header-main-stick-meta":"","header-below-stick-meta":"","astra-migrate-meta-layouts":"default","ast-page-background-enabled":"default","ast-page-background-meta":{"desktop":{"background-color":"var(--ast-global-color-4)","background-image":"","background-repeat":"repeat","background-position":"center center","background-size":"auto","background-attachment":"scroll","background-type":"","background-media":"","overlay-type":"","overlay-color":"","overlay-opacity":"","overlay-gradient":""},"tablet":{"background-color":"","background-image":"","background-repeat":"repeat","background-position":"center center","background-size":"auto","background-attachment":"scroll","background-type":"","background-media":"","overlay-type":"","overlay-color":"","overlay-opacity":"","overlay-gradient":""},"mobile":{"background-color":"","background-image":"","background-repeat":"repeat","background-position":"center center","background-size":"auto","background-attachment":"scroll","background-type":"","background-media":"","overlay-type":"","overlay-color":"","overlay-opacity":"","overlay-gradient":""}},"ast-content-background-meta":{"desktop":{"background-color":"var(--ast-global-color-5)","background-image":"","background-repeat":"repeat","background-position":"center center","background-size":"auto","background-attachment":"scroll","background-type":"","background-media":"","overlay-type":"","overlay-color":"","overlay-opacity":"","overlay-gradient":""},"tablet":{"background-color":"var(--ast-global-color-5)","background-image":"","background-repeat":"repeat","background-position":"center center","background-size":"auto","background-attachment":"scroll","background-type":"","background-media":"","overlay-type":"","overlay-color":"","overlay-opacity":"","overlay-gradient":""},"mobile":{"background-color":"var(--ast-global-color-5)","background-image":"","background-repeat":"repeat","background-position":"center center","background-size":"auto","background-attachment":"scroll","background-type":"","background-media":"","overlay-type":"","overlay-color":"","overlay-opacity":"","overlay-gradient":""}},"footnotes":""},"class_list":["post-181","page","type-page","status-publish","hentry"],"_links":{"self":[{"href":"https:\/\/www.sanjosecarmelitas.com\/index.php\/wp-json\/wp\/v2\/pages\/181","targetHints":{"allow":["GET"]}}],"collection":[{"href":"https:\/\/www.sanjosecarmelitas.com\/index.php\/wp-json\/wp\/v2\/pages"}],"about":[{"href":"https:\/\/www.sanjosecarmelitas.com\/index.php\/wp-json\/wp\/v2\/types\/page"}],"author":[{"embeddable":true,"href":"https:\/\/www.sanjosecarmelitas.com\/index.php\/wp-json\/wp\/v2\/users\/2"}],"replies":[{"embeddable":true,"href":"https:\/\/www.sanjosecarmelitas.com\/index.php\/wp-json\/wp\/v2\/comments?post=181"}],"version-history":[{"count":5,"href":"https:\/\/www.sanjosecarmelitas.com\/index.php\/wp-json\/wp\/v2\/pages\/181\/revisions"}],"predecessor-version":[{"id":9118,"href":"https:\/\/www.sanjosecarmelitas.com\/index.php\/wp-json\/wp\/v2\/pages\/181\/revisions\/9118"}],"up":[{"embeddable":true,"href":"https:\/\/www.sanjosecarmelitas.com\/index.php\/wp-json\/wp\/v2\/pages\/176"}],"wp:attachment":[{"href":"https:\/\/www.sanjosecarmelitas.com\/index.php\/wp-json\/wp\/v2\/media?parent=181"}],"curies":[{"name":"wp","href":"https:\/\/api.w.org\/{rel}","templated":true}]}}