{"id":169,"date":"2013-05-29T15:16:30","date_gmt":"2013-05-29T15:16:30","guid":{"rendered":"https:\/\/www.sanjosecarmelitas.com\/index.php\/oferta-educativa\/eso\/"},"modified":"2024-12-02T17:39:14","modified_gmt":"2024-12-02T16:39:14","slug":"eso","status":"publish","type":"page","link":"https:\/\/www.sanjosecarmelitas.com\/index.php\/oferta-educativa\/eso\/","title":{"rendered":"ESO"},"content":{"rendered":"\t\t<div data-elementor-type=\"wp-page\" data-elementor-id=\"169\" class=\"elementor elementor-169\" data-elementor-post-type=\"page\">\n\t\t\t\t\t\t<section class=\"elementor-section elementor-top-section elementor-element elementor-element-dbceb66 elementor-section-boxed elementor-section-height-default elementor-section-height-default\" data-id=\"dbceb66\" data-element_type=\"section\">\n\t\t\t\t\t\t<div class=\"elementor-container elementor-column-gap-default\">\n\t\t\t\t\t<div class=\"elementor-column elementor-col-100 elementor-top-column elementor-element elementor-element-7e5d953\" data-id=\"7e5d953\" data-element_type=\"column\">\n\t\t\t<div class=\"elementor-widget-wrap elementor-element-populated\">\n\t\t\t\t\t\t<div class=\"elementor-element elementor-element-61fe1d8 elementor-widget elementor-widget-text-editor\" data-id=\"61fe1d8\" data-element_type=\"widget\" data-widget_type=\"text-editor.default\">\n\t\t\t\t<div class=\"elementor-widget-container\">\n\t\t\t\t\t\t\t\t\t<h2>MODELO B\u00a0<\/h2><h2><strong>PRINCIPIOS GENERALES<\/strong><\/h2>\t\t\t\t\t\t\t\t<\/div>\n\t\t\t\t<\/div>\n\t\t\t\t\t<\/div>\n\t\t<\/div>\n\t\t\t\t\t<\/div>\n\t\t<\/section>\n\t\t\t\t<section class=\"elementor-section elementor-top-section elementor-element elementor-element-a5edb75 elementor-section-boxed elementor-section-height-default elementor-section-height-default\" data-id=\"a5edb75\" data-element_type=\"section\">\n\t\t\t\t\t\t<div class=\"elementor-container elementor-column-gap-default\">\n\t\t\t\t\t<div class=\"elementor-column elementor-col-50 elementor-top-column elementor-element elementor-element-05a44b1\" data-id=\"05a44b1\" data-element_type=\"column\">\n\t\t\t<div class=\"elementor-widget-wrap elementor-element-populated\">\n\t\t\t\t\t\t<div class=\"elementor-element elementor-element-7d41ade elementor-widget elementor-widget-text-editor\" data-id=\"7d41ade\" data-element_type=\"widget\" data-widget_type=\"text-editor.default\">\n\t\t\t\t<div class=\"elementor-widget-container\">\n\t\t\t\t\t\t\t\t\t<p style=\"font-size: 14px; font-style: normal; font-weight: 400;\">Comprende\u00a0<span style=\"font-weight: bold;\">cuatro cursos acad\u00e9micos<\/span>.<\/p><p style=\"font-size: 14px; font-style: normal; font-weight: 400;\">\u00a0La Educaci\u00f3n Secundaria Obligatoria tiene como\u00a0<span style=\"font-weight: bold;\">finalidad<\/span>:<\/p><ul style=\"font-size: 14px; font-style: normal; font-weight: 400;\"><li style=\"font-size: 14px; font-weight: 400;\" aria-level=\"1\">Lograr la adquisici\u00f3n de los elementos b\u00e1sicos de la cultura, especialmente en sus aspectos human\u00edstico, art\u00edstico, cient\u00edfico y tecnol\u00f3gico;<\/li><li style=\"font-size: 14px; font-weight: 400;\" aria-level=\"1\">Desarrollar y consolidar h\u00e1bitos de estudio y de trabajo;<\/li><li style=\"font-size: 14px; font-weight: 400;\" aria-level=\"1\">Preparar para la incorporaci\u00f3n a estudios posteriores y para la inserci\u00f3n laboral;<\/li><li style=\"font-size: 14px; font-weight: 400;\" aria-level=\"1\">Adquirir formaci\u00f3n para el ejercicio de sus derechos y obligaciones.<\/li><\/ul><ul style=\"font-size: 14px; font-style: normal; font-weight: 400;\"><li style=\"font-size: 14px;\">Uso obligatorio de\u00a0<a style=\"transition-property: all;\" href=\"https:\/\/www.sanjosecarmelitas.com\/index.php\/uniforme\/\"><span style=\"font-weight: bold;\">uniforme en ESO:\u00a0<\/span><\/a>Uniforme de chico \/ de chica o unisex y ch\u00e1ndal deportivo en Ed. F\u00edsica.<\/li><\/ul>\t\t\t\t\t\t\t\t<\/div>\n\t\t\t\t<\/div>\n\t\t\t\t\t<\/div>\n\t\t<\/div>\n\t\t\t\t<div class=\"elementor-column elementor-col-50 elementor-top-column elementor-element elementor-element-068b84c\" data-id=\"068b84c\" data-element_type=\"column\">\n\t\t\t<div class=\"elementor-widget-wrap elementor-element-populated\">\n\t\t\t\t\t\t<div class=\"elementor-element elementor-element-0beb001 elementor-widget elementor-widget-image\" data-id=\"0beb001\" data-element_type=\"widget\" data-widget_type=\"image.default\">\n\t\t\t\t<div class=\"elementor-widget-container\">\n\t\t\t\t\t\t\t\t\t\t\t\t\t\t\t<img decoding=\"async\" src=\"https:\/\/www.sanjosecarmelitas.com\/wp-content\/uploads\/elementor\/thumbs\/cc69fdb4-49ec-4056-b0de-7e84999c2005-scaled-qxx7v2xzfclqzfo0laazsp1iq7yns49vr62g9m6aao.jpg\" title=\"cc69fdb4-49ec-4056-b0de-7e84999c2005\" alt=\"cc69fdb4-49ec-4056-b0de-7e84999c2005\" loading=\"lazy\" \/>\t\t\t\t\t\t\t\t\t\t\t\t\t\t\t<\/div>\n\t\t\t\t<\/div>\n\t\t\t\t\t<\/div>\n\t\t<\/div>\n\t\t\t\t\t<\/div>\n\t\t<\/section>\n\t\t\t\t<section class=\"elementor-section elementor-top-section elementor-element elementor-element-3c308eb elementor-section-boxed elementor-section-height-default elementor-section-height-default\" data-id=\"3c308eb\" data-element_type=\"section\">\n\t\t\t\t\t\t<div class=\"elementor-container elementor-column-gap-default\">\n\t\t\t\t\t<div class=\"elementor-column elementor-col-50 elementor-top-column elementor-element elementor-element-5dfe266\" data-id=\"5dfe266\" data-element_type=\"column\">\n\t\t\t<div class=\"elementor-widget-wrap elementor-element-populated\">\n\t\t\t\t\t\t<div class=\"elementor-element elementor-element-6886468 elementor-widget elementor-widget-text-editor\" data-id=\"6886468\" data-element_type=\"widget\" data-widget_type=\"text-editor.default\">\n\t\t\t\t<div class=\"elementor-widget-container\">\n\t\t\t\t\t\t\t\t\t<h2 style=\"font-size: 2.28571rem; font-style: normal;\"><span style=\"font-weight: bold;\">BASES METODOL\u00d3GICAS<\/span><\/h2><h3 style=\"font-size: 1.85714rem; font-style: normal;\"><span style=\"font-weight: bold;\">\u00bfPOR QU\u00c9 SOMOS DIFERENTES?<\/span><\/h3>\t\t\t\t\t\t\t\t<\/div>\n\t\t\t\t<\/div>\n\t\t\t\t\t<\/div>\n\t\t<\/div>\n\t\t\t\t<div class=\"elementor-column elementor-col-50 elementor-top-column elementor-element elementor-element-d4d3477\" data-id=\"d4d3477\" data-element_type=\"column\">\n\t\t\t<div class=\"elementor-widget-wrap\">\n\t\t\t\t\t\t\t<\/div>\n\t\t<\/div>\n\t\t\t\t\t<\/div>\n\t\t<\/section>\n\t\t\t\t<section class=\"elementor-section elementor-top-section elementor-element elementor-element-d24c325 elementor-section-boxed elementor-section-height-default elementor-section-height-default\" data-id=\"d24c325\" data-element_type=\"section\">\n\t\t\t\t\t\t<div class=\"elementor-container elementor-column-gap-default\">\n\t\t\t\t\t<div class=\"elementor-column elementor-col-50 elementor-top-column elementor-element elementor-element-8341b88\" data-id=\"8341b88\" data-element_type=\"column\">\n\t\t\t<div class=\"elementor-widget-wrap elementor-element-populated\">\n\t\t\t\t\t\t<div class=\"elementor-element elementor-element-d22ca8b elementor-widget__width-initial elementor-widget elementor-widget-text-editor\" data-id=\"d22ca8b\" data-element_type=\"widget\" data-widget_type=\"text-editor.default\">\n\t\t\t\t<div class=\"elementor-widget-container\">\n\t\t\t\t\t\t\t\t\t<ul><li><span style=\"font-weight: 400;\">Amplia <\/span><b>competencia ling\u00fc\u00edstica en ingl\u00e9s: <\/b>A<span style=\"font-weight: 400;\">signatura de Biology (1\u00ba ESO) y taller de ingl\u00e9s (2\u00ba ESO), <\/span><span style=\"font-weight: 400;\">asistente de conversaci\u00f3n, teatro, actividades complementarias\u2026<\/span><\/li><li><b>Aulas digitalizadas<\/b><span style=\"font-weight: 400;\">\u00a0y desarrollo de la\u00a0<\/span><b>competencia tecnol\u00f3gica<\/b><span style=\"font-weight: 400;\"> el uso de herramientas inform\u00e1ticas y audiovisuales para profundizar en aspectos de la competencia matem\u00e1tica y competencia en cultura cient\u00edfica, tecnol\u00f3gica y de la salud\u2026<\/span><\/li><li><span style=\"font-weight: 400;\">Innovamos a trav\u00e9s de<\/span><b>\u00a0Entornos Virtuales de Aprendizaje<\/b><span style=\"font-weight: 400;\">\u00a0(Alexia Classroom),\u00a0 <\/span><b>Proyecto 1 x 1 <\/b><span style=\"font-weight: 400;\">(un ordenador por alumno).<\/span><\/li><li><span style=\"font-weight: 400;\">Educaci\u00f3n en valores desarrollando el\u00a0<\/span><b>Plan de Acci\u00f3n Tutorial<\/b><span style=\"font-weight: 400;\">\u00a0y el\u00a0<\/span><b>Plan de Pastoral<\/b><span style=\"font-weight: 400;\">.<\/span><\/li><li><span style=\"font-weight: 400;\">Impulso del uso del euskera\u00a0 con el proyecto de <\/span><b>Normalizaci\u00f3n Ling\u00fc\u00edstica<\/b><span style=\"font-weight: 400;\"> que fomenta el empleo y gusto por la lengua vasca.<\/span><\/li><li><span style=\"font-weight: 400;\">Proyecto de\u00a0<\/span><b>Gesti\u00f3n Medioambiental y AE2030,\u00a0<\/b><span style=\"font-weight: 400;\">que promueven el sentido de la responsabilidad con el Medio Ambiente (reciclaje de residuos, uso racional del agua y la energ\u00eda&#8230;)<\/span><\/li><li><span style=\"font-weight: 400;\">Salidas culturales relacionadas con el Medio Ambiente y participaci\u00f3n\u00a0 en la <strong>Comisi\u00f3n Medioambiental, Foro Txiki y el foro IRAES.<\/strong><\/span><\/li><li><strong>Proyecto HEDATZE<\/strong><\/li><li><b>Actividades complementarias<\/b><span style=\"font-weight: 400;\">\u00a0(salidas a museos, salidas medioambientales, teatro, multiaventura\u2026).<\/span><\/li><li><strong>Viaje de Estudios<\/strong><\/li><li><span style=\"font-weight: 400;\"><strong>Comunicaci\u00f3n directa<\/strong> y permanente con las familias.<\/span><\/li><li><span style=\"font-weight: 400;\"><strong>Departamento de Orientaci\u00f3n<\/strong>, Proyecto de refuerzo <strong>PREE<\/strong>, atenci\u00f3n\u00a0 a la <strong>diversidad<\/strong> e intervenci\u00f3n educativa.<\/span><\/li><\/ul>\t\t\t\t\t\t\t\t<\/div>\n\t\t\t\t<\/div>\n\t\t\t\t\t<\/div>\n\t\t<\/div>\n\t\t\t\t<div class=\"elementor-column elementor-col-50 elementor-top-column elementor-element elementor-element-5fd115a\" data-id=\"5fd115a\" data-element_type=\"column\">\n\t\t\t<div class=\"elementor-widget-wrap elementor-element-populated\">\n\t\t\t\t\t\t<div class=\"elementor-element elementor-element-b69570c elementor-widget elementor-widget-image\" data-id=\"b69570c\" data-element_type=\"widget\" data-widget_type=\"image.default\">\n\t\t\t\t<div class=\"elementor-widget-container\">\n\t\t\t\t\t\t\t\t\t\t\t\t\t\t\t<img decoding=\"async\" src=\"https:\/\/www.sanjosecarmelitas.com\/wp-content\/uploads\/elementor\/thumbs\/BACH-scaled-qxoiion78wl9nf2n6rt62rivctlru8vnudwj01qco0.jpg\" title=\"BACH\" alt=\"BACH\" loading=\"lazy\" \/>\t\t\t\t\t\t\t\t\t\t\t\t\t\t\t<\/div>\n\t\t\t\t<\/div>\n\t\t\t\t\t<\/div>\n\t\t<\/div>\n\t\t\t\t\t<\/div>\n\t\t<\/section>\n\t\t\t\t<section class=\"elementor-section elementor-top-section elementor-element elementor-element-251ad97 elementor-section-boxed elementor-section-height-default elementor-section-height-default\" data-id=\"251ad97\" data-element_type=\"section\">\n\t\t\t\t\t\t<div class=\"elementor-container elementor-column-gap-default\">\n\t\t\t\t\t<div class=\"elementor-column elementor-col-100 elementor-top-column elementor-element elementor-element-4c5c5f7\" data-id=\"4c5c5f7\" data-element_type=\"column\">\n\t\t\t<div class=\"elementor-widget-wrap elementor-element-populated\">\n\t\t\t\t\t\t<div class=\"elementor-element elementor-element-dc0ee56 elementor-widget elementor-widget-text-editor\" data-id=\"dc0ee56\" data-element_type=\"widget\" data-widget_type=\"text-editor.default\">\n\t\t\t\t<div class=\"elementor-widget-container\">\n\t\t\t\t\t\t\t\t\t<h2><strong>\u00c1REAS<\/strong><\/h2>\t\t\t\t\t\t\t\t<\/div>\n\t\t\t\t<\/div>\n\t\t\t\t\t<\/div>\n\t\t<\/div>\n\t\t\t\t\t<\/div>\n\t\t<\/section>\n\t\t\t\t<section class=\"elementor-section elementor-top-section elementor-element elementor-element-40bf250 elementor-section-boxed elementor-section-height-default elementor-section-height-default\" data-id=\"40bf250\" data-element_type=\"section\">\n\t\t\t\t\t\t<div class=\"elementor-container elementor-column-gap-default\">\n\t\t\t\t\t<div class=\"elementor-column elementor-col-50 elementor-top-column elementor-element elementor-element-4c41696\" data-id=\"4c41696\" data-element_type=\"column\">\n\t\t\t<div class=\"elementor-widget-wrap elementor-element-populated\">\n\t\t\t\t\t\t<div class=\"elementor-element elementor-element-3715d03 elementor-widget elementor-widget-text-editor\" data-id=\"3715d03\" data-element_type=\"widget\" data-widget_type=\"text-editor.default\">\n\t\t\t\t<div class=\"elementor-widget-container\">\n\t\t\t\t\t\t\t\t\t<p style=\"font-size: 14px; font-style: normal; font-weight: 400;\">La Educaci\u00f3n Secundaria Obligatoria se organiza en diferentes\u00a0<span style=\"font-weight: bold;\">materias<\/span>. El cuarto curso tendr\u00e1 car\u00e1cter orientador para los estudios posteriores mediante la elecci\u00f3n de materias de libre elecci\u00f3n.<\/p><p style=\"font-size: 14px; font-style: normal; font-weight: 400;\">Se imparten, en todos o algunos de sus cursos, las siguientes materias:<\/p><ul style=\"font-size: 14px; font-style: normal; font-weight: 400;\"><li style=\"font-size: 14px; font-weight: 400;\" aria-level=\"1\">Lengua Vasca y Literatura.<\/li><li style=\"font-size: 14px; font-weight: 400;\" aria-level=\"1\">Lengua Castellana y Literatura.<\/li><li style=\"font-size: 14px; font-weight: 400;\" aria-level=\"1\">Lengua extranjera.<\/li><li style=\"font-size: 14px; font-weight: 400;\" aria-level=\"1\">Matem\u00e1ticas.<\/li><li style=\"font-size: 14px; font-weight: 400;\" aria-level=\"1\">Biolog\u00eda y Geolog\u00eda.<\/li><li style=\"font-size: 14px; font-weight: 400;\" aria-level=\"1\">F\u00edsica y Qu\u00edmica.<\/li><li style=\"font-size: 14px; font-weight: 400;\" aria-level=\"1\">Ciencias Sociales, Geograf\u00eda e Historia.<\/li><li style=\"font-size: 14px; font-weight: 400;\" aria-level=\"1\">Econom\u00eda<\/li><li style=\"font-size: 14px; font-weight: 400;\" aria-level=\"1\">Educaci\u00f3n F\u00edsica.<\/li><li style=\"font-size: 14px; font-weight: 400;\" aria-level=\"1\">Educaci\u00f3n Pl\u00e1stica y Visual.<\/li><li style=\"font-size: 14px; font-weight: 400;\" aria-level=\"1\">Religi\u00f3n<\/li><li style=\"font-size: 14px; font-weight: 400;\" aria-level=\"1\">M\u00fasica.<\/li><li style=\"font-size: 14px; font-weight: 400;\" aria-level=\"1\">Tecnolog\u00eda.<\/li><li style=\"font-size: 14px; font-weight: 400;\" aria-level=\"1\">Inform\u00e1tica.<\/li><li style=\"font-size: 14px; font-weight: 400;\" aria-level=\"1\">Materias optativas y de refuerzo.<\/li><li style=\"font-size: 14px; font-weight: 400;\" aria-level=\"1\">Taller de matem\u00e1ticas.<\/li><li style=\"font-size: 14px; font-weight: 400;\" aria-level=\"1\">Taller de ingl\u00e9s.<\/li><\/ul><p style=\"font-size: 14px; font-style: normal; font-weight: 400;\">En\u00a0<span style=\"font-weight: bold;\">cuarto curso<\/span>\u00a0deber\u00e1n cursarse tres de ocho materias de libre elecci\u00f3n. En el colegio San Jos\u00e9-Carmelitas presentamos la siguiente propuesta:<\/p>\t\t\t\t\t\t\t\t<\/div>\n\t\t\t\t<\/div>\n\t\t\t\t\t<\/div>\n\t\t<\/div>\n\t\t\t\t<div class=\"elementor-column elementor-col-50 elementor-top-column elementor-element elementor-element-1bb288c\" data-id=\"1bb288c\" data-element_type=\"column\">\n\t\t\t<div class=\"elementor-widget-wrap elementor-element-populated\">\n\t\t\t\t\t\t<div class=\"elementor-element elementor-element-82e006f elementor-widget elementor-widget-image\" data-id=\"82e006f\" data-element_type=\"widget\" data-widget_type=\"image.default\">\n\t\t\t\t<div class=\"elementor-widget-container\">\n\t\t\t\t\t\t\t\t\t\t\t\t\t\t\t<img decoding=\"async\" src=\"https:\/\/www.sanjosecarmelitas.com\/wp-content\/uploads\/elementor\/thumbs\/7d3d792b-a580-442c-ba64-0665b194686d-scaled-qxx7vagoy0w1kbd3ddk0cn57haxlhp3qg7ac3tv4ww.jpg\" title=\"7d3d792b-a580-442c-ba64-0665b194686d\" alt=\"7d3d792b-a580-442c-ba64-0665b194686d\" loading=\"lazy\" \/>\t\t\t\t\t\t\t\t\t\t\t\t\t\t\t<\/div>\n\t\t\t\t<\/div>\n\t\t\t\t\t<\/div>\n\t\t<\/div>\n\t\t\t\t\t<\/div>\n\t\t<\/section>\n\t\t\t\t<section class=\"elementor-section elementor-top-section elementor-element elementor-element-41d71ed elementor-section-boxed elementor-section-height-default elementor-section-height-default\" data-id=\"41d71ed\" data-element_type=\"section\">\n\t\t\t\t\t\t<div class=\"elementor-container elementor-column-gap-default\">\n\t\t\t\t\t<div class=\"elementor-column elementor-col-100 elementor-top-column elementor-element elementor-element-db5039b\" data-id=\"db5039b\" data-element_type=\"column\">\n\t\t\t<div class=\"elementor-widget-wrap elementor-element-populated\">\n\t\t\t\t\t\t<div class=\"elementor-element elementor-element-f69358d elementor-widget elementor-widget-image\" data-id=\"f69358d\" data-element_type=\"widget\" data-widget_type=\"image.default\">\n\t\t\t\t<div class=\"elementor-widget-container\">\n\t\t\t\t\t\t\t\t\t\t\t\t\t\t\t<img fetchpriority=\"high\" decoding=\"async\" width=\"695\" height=\"224\" src=\"https:\/\/www.sanjosecarmelitas.com\/wp-content\/uploads\/2021\/12\/Optativas-eso2.jpg\" class=\"attachment-large size-large wp-image-8801\" alt=\"\" srcset=\"https:\/\/www.sanjosecarmelitas.com\/wp-content\/uploads\/2021\/12\/Optativas-eso2.jpg 695w, https:\/\/www.sanjosecarmelitas.com\/wp-content\/uploads\/2021\/12\/Optativas-eso2-300x97.jpg 300w\" sizes=\"(max-width: 695px) 100vw, 695px\" \/>\t\t\t\t\t\t\t\t\t\t\t\t\t\t\t<\/div>\n\t\t\t\t<\/div>\n\t\t\t\t\t<\/div>\n\t\t<\/div>\n\t\t\t\t\t<\/div>\n\t\t<\/section>\n\t\t\t\t<section class=\"elementor-section elementor-top-section elementor-element elementor-element-05c6d02 elementor-section-boxed elementor-section-height-default elementor-section-height-default\" data-id=\"05c6d02\" data-element_type=\"section\">\n\t\t\t\t\t\t<div class=\"elementor-container elementor-column-gap-default\">\n\t\t\t\t\t<div class=\"elementor-column elementor-col-100 elementor-top-column elementor-element elementor-element-2cbe677\" data-id=\"2cbe677\" data-element_type=\"column\">\n\t\t\t<div class=\"elementor-widget-wrap elementor-element-populated\">\n\t\t\t\t\t\t<div class=\"elementor-element elementor-element-754fbeb elementor-widget elementor-widget-text-editor\" data-id=\"754fbeb\" data-element_type=\"widget\" data-widget_type=\"text-editor.default\">\n\t\t\t\t<div class=\"elementor-widget-container\">\n\t\t\t\t\t\t\t\t\t<h3><span style=\"color: #ff6600;\"><strong>HORARIO<\/strong><\/span><\/h3>\t\t\t\t\t\t\t\t<\/div>\n\t\t\t\t<\/div>\n\t\t\t\t\t<\/div>\n\t\t<\/div>\n\t\t\t\t\t<\/div>\n\t\t<\/section>\n\t\t\t\t<section class=\"elementor-section elementor-top-section elementor-element elementor-element-c938719 elementor-section-boxed elementor-section-height-default elementor-section-height-default\" data-id=\"c938719\" data-element_type=\"section\">\n\t\t\t\t\t\t<div class=\"elementor-container elementor-column-gap-default\">\n\t\t\t\t\t<div class=\"elementor-column elementor-col-100 elementor-top-column elementor-element elementor-element-3c2cce0\" data-id=\"3c2cce0\" data-element_type=\"column\">\n\t\t\t<div class=\"elementor-widget-wrap elementor-element-populated\">\n\t\t\t\t\t\t<div class=\"elementor-element elementor-element-07266d4 elementor-widget elementor-widget-image\" data-id=\"07266d4\" data-element_type=\"widget\" data-widget_type=\"image.default\">\n\t\t\t\t<div class=\"elementor-widget-container\">\n\t\t\t\t\t\t\t\t\t\t\t\t\t\t\t<img decoding=\"async\" width=\"696\" height=\"405\" src=\"https:\/\/www.sanjosecarmelitas.com\/wp-content\/uploads\/2021\/12\/HORARIO-ESO.jpg\" class=\"attachment-large size-large wp-image-8809\" alt=\"\" srcset=\"https:\/\/www.sanjosecarmelitas.com\/wp-content\/uploads\/2021\/12\/HORARIO-ESO.jpg 696w, https:\/\/www.sanjosecarmelitas.com\/wp-content\/uploads\/2021\/12\/HORARIO-ESO-300x175.jpg 300w\" sizes=\"(max-width: 696px) 100vw, 696px\" \/>\t\t\t\t\t\t\t\t\t\t\t\t\t\t\t<\/div>\n\t\t\t\t<\/div>\n\t\t\t\t\t<\/div>\n\t\t<\/div>\n\t\t\t\t\t<\/div>\n\t\t<\/section>\n\t\t\t\t<section class=\"elementor-section elementor-top-section elementor-element elementor-element-3977adc elementor-section-boxed elementor-section-height-default elementor-section-height-default\" data-id=\"3977adc\" data-element_type=\"section\">\n\t\t\t\t\t\t<div class=\"elementor-container elementor-column-gap-default\">\n\t\t\t\t\t<div class=\"elementor-column elementor-col-100 elementor-top-column elementor-element elementor-element-0a274bf\" data-id=\"0a274bf\" data-element_type=\"column\">\n\t\t\t<div class=\"elementor-widget-wrap elementor-element-populated\">\n\t\t\t\t\t\t<div class=\"elementor-element elementor-element-a07e0d2 elementor-widget elementor-widget-text-editor\" data-id=\"a07e0d2\" data-element_type=\"widget\" data-widget_type=\"text-editor.default\">\n\t\t\t\t<div class=\"elementor-widget-container\">\n\t\t\t\t\t\t\t\t\t<h2><strong>SERVICIOS<\/strong><\/h2>\t\t\t\t\t\t\t\t<\/div>\n\t\t\t\t<\/div>\n\t\t\t\t\t<\/div>\n\t\t<\/div>\n\t\t\t\t\t<\/div>\n\t\t<\/section>\n\t\t\t\t<section class=\"elementor-section elementor-top-section elementor-element elementor-element-e631e9c elementor-section-boxed elementor-section-height-default elementor-section-height-default\" data-id=\"e631e9c\" data-element_type=\"section\">\n\t\t\t\t\t\t<div class=\"elementor-container elementor-column-gap-default\">\n\t\t\t\t\t<div class=\"elementor-column elementor-col-100 elementor-top-column elementor-element elementor-element-149ee31\" data-id=\"149ee31\" data-element_type=\"column\">\n\t\t\t<div class=\"elementor-widget-wrap elementor-element-populated\">\n\t\t\t\t\t\t<div class=\"elementor-element elementor-element-c9355c7 elementor-widget elementor-widget-text-editor\" data-id=\"c9355c7\" data-element_type=\"widget\" data-widget_type=\"text-editor.default\">\n\t\t\t\t<div class=\"elementor-widget-container\">\n\t\t\t\t\t\t\t\t\t<ul><li>Servicio de\u00a0<b>comedor<\/b>: comida elaborada en el centro y servida en comedor diferenciado por la edad.<\/li><li><b>Actividades extraescolares\u00a0<\/b>(ingl\u00e9s, euskera, multideporte, rob\u00f3tica\u2026).<\/li><li>Plataforma\u00a0<b>ALEXIA<\/b>\u00a0(canal de comunicaci\u00f3n familias-centro)<\/li><li>Departamento de<b>\u00a0Consultor\u00eda y\u00a0 Orientaci\u00f3n\u00a0<\/b><\/li><\/ul><ul><li><ul><li>Atenci\u00f3n a la Diversidad y las Necesidades Educativas especiales<\/li><li>Detecci\u00f3n temprana e intervenci\u00f3n educativa.<\/li><li>Orientaci\u00f3n a familias y alumnado.<\/li><\/ul><\/li><\/ul><ul><li>Actividades para las familias: Grupos\u00a0<b>HURBILEAN<\/b>\u00a0donde las familias tienen oportunidad de resolver sus inquietudes de una forma participativa y\u00a0<b>Escuela de Padres y Madres.<\/b><\/li><\/ul>\t\t\t\t\t\t\t\t<\/div>\n\t\t\t\t<\/div>\n\t\t\t\t\t<\/div>\n\t\t<\/div>\n\t\t\t\t\t<\/div>\n\t\t<\/section>\n\t\t\t\t<\/div>\n\t\t","protected":false},"excerpt":{"rendered":"<p>MODELO B\u00a0 PRINCIPIOS GENERALES Comprende\u00a0cuatro cursos acad\u00e9micos. \u00a0La Educaci\u00f3n Secundaria Obligatoria tiene como\u00a0finalidad: Lograr la adquisici\u00f3n de los elementos b\u00e1sicos de la cultura, especialmente en sus aspectos human\u00edstico, art\u00edstico, cient\u00edfico y tecnol\u00f3gico; Desarrollar y consolidar h\u00e1bitos de estudio y de trabajo; Preparar para la incorporaci\u00f3n a estudios posteriores y para la inserci\u00f3n laboral; Adquirir formaci\u00f3n [&hellip;]<\/p>\n","protected":false},"author":1,"featured_media":0,"parent":15,"menu_order":3,"comment_status":"closed","ping_status":"closed","template":"","meta":{"site-sidebar-layout":"default","site-content-layout":"default","ast-site-content-layout":"default","site-content-style":"default","site-sidebar-style":"default","ast-global-header-display":"","ast-banner-title-visibility":"","ast-main-header-display":"","ast-hfb-above-header-display":"","ast-hfb-below-header-display":"","ast-hfb-mobile-header-display":"","site-post-title":"","ast-breadcrumbs-content":"","ast-featured-img":"","footer-sml-layout":"","ast-disable-related-posts":"","theme-transparent-header-meta":"default","adv-header-id-meta":"","stick-header-meta":"","header-above-stick-meta":"","header-main-stick-meta":"","header-below-stick-meta":"","astra-migrate-meta-layouts":"default","ast-page-background-enabled":"default","ast-page-background-meta":{"desktop":{"background-color":"var(--ast-global-color-4)","background-image":"","background-repeat":"repeat","background-position":"center center","background-size":"auto","background-attachment":"scroll","background-type":"","background-media":"","overlay-type":"","overlay-color":"","overlay-opacity":"","overlay-gradient":""},"tablet":{"background-color":"","background-image":"","background-repeat":"repeat","background-position":"center center","background-size":"auto","background-attachment":"scroll","background-type":"","background-media":"","overlay-type":"","overlay-color":"","overlay-opacity":"","overlay-gradient":""},"mobile":{"background-color":"","background-image":"","background-repeat":"repeat","background-position":"center center","background-size":"auto","background-attachment":"scroll","background-type":"","background-media":"","overlay-type":"","overlay-color":"","overlay-opacity":"","overlay-gradient":""}},"ast-content-background-meta":{"desktop":{"background-color":"var(--ast-global-color-5)","background-image":"","background-repeat":"repeat","background-position":"center center","background-size":"auto","background-attachment":"scroll","background-type":"","background-media":"","overlay-type":"","overlay-color":"","overlay-opacity":"","overlay-gradient":""},"tablet":{"background-color":"var(--ast-global-color-5)","background-image":"","background-repeat":"repeat","background-position":"center center","background-size":"auto","background-attachment":"scroll","background-type":"","background-media":"","overlay-type":"","overlay-color":"","overlay-opacity":"","overlay-gradient":""},"mobile":{"background-color":"var(--ast-global-color-5)","background-image":"","background-repeat":"repeat","background-position":"center center","background-size":"auto","background-attachment":"scroll","background-type":"","background-media":"","overlay-type":"","overlay-color":"","overlay-opacity":"","overlay-gradient":""}},"footnotes":""},"class_list":["post-169","page","type-page","status-publish","hentry"],"_links":{"self":[{"href":"https:\/\/www.sanjosecarmelitas.com\/index.php\/wp-json\/wp\/v2\/pages\/169","targetHints":{"allow":["GET"]}}],"collection":[{"href":"https:\/\/www.sanjosecarmelitas.com\/index.php\/wp-json\/wp\/v2\/pages"}],"about":[{"href":"https:\/\/www.sanjosecarmelitas.com\/index.php\/wp-json\/wp\/v2\/types\/page"}],"author":[{"embeddable":true,"href":"https:\/\/www.sanjosecarmelitas.com\/index.php\/wp-json\/wp\/v2\/users\/1"}],"replies":[{"embeddable":true,"href":"https:\/\/www.sanjosecarmelitas.com\/index.php\/wp-json\/wp\/v2\/comments?post=169"}],"version-history":[{"count":13,"href":"https:\/\/www.sanjosecarmelitas.com\/index.php\/wp-json\/wp\/v2\/pages\/169\/revisions"}],"predecessor-version":[{"id":9780,"href":"https:\/\/www.sanjosecarmelitas.com\/index.php\/wp-json\/wp\/v2\/pages\/169\/revisions\/9780"}],"up":[{"embeddable":true,"href":"https:\/\/www.sanjosecarmelitas.com\/index.php\/wp-json\/wp\/v2\/pages\/15"}],"wp:attachment":[{"href":"https:\/\/www.sanjosecarmelitas.com\/index.php\/wp-json\/wp\/v2\/media?parent=169"}],"curies":[{"name":"wp","href":"https:\/\/api.w.org\/{rel}","templated":true}]}}