{"id":15,"date":"2013-04-25T10:23:41","date_gmt":"2013-04-25T10:23:41","guid":{"rendered":"https:\/\/www.sanjosecarmelitas.com\/?page_id=15"},"modified":"2024-01-18T15:56:24","modified_gmt":"2024-01-18T14:56:24","slug":"oferta-educativa","status":"publish","type":"page","link":"https:\/\/www.sanjosecarmelitas.com\/index.php\/oferta-educativa\/","title":{"rendered":"OFERTA EDUCATIVA"},"content":{"rendered":"\t\t<div data-elementor-type=\"wp-page\" data-elementor-id=\"15\" class=\"elementor elementor-15\" data-elementor-post-type=\"page\">\n\t\t\t\t\t\t<section class=\"elementor-section elementor-top-section elementor-element elementor-element-bd2f8b1 elementor-section-boxed elementor-section-height-default elementor-section-height-default\" data-id=\"bd2f8b1\" data-element_type=\"section\">\n\t\t\t\t\t\t<div class=\"elementor-container elementor-column-gap-default\">\n\t\t\t\t\t<div class=\"elementor-column elementor-col-100 elementor-top-column elementor-element elementor-element-eb4508c\" data-id=\"eb4508c\" data-element_type=\"column\">\n\t\t\t<div class=\"elementor-widget-wrap elementor-element-populated\">\n\t\t\t\t\t\t<div class=\"elementor-element elementor-element-fabbbf5 elementor-widget elementor-widget-text-editor\" data-id=\"fabbbf5\" data-element_type=\"widget\" data-widget_type=\"text-editor.default\">\n\t\t\t\t<div class=\"elementor-widget-container\">\n\t\t\t\t\t\t\t\t\t<h2 style=\"text-align: center;\"><strong>EDUCACI\u00d3N A LO LARGO DE TODAS LAS ETAPAS EDUCATIVAS<\/strong><\/h2><h2 style=\"text-align: center;\"><strong>DE LOS 2 A LOS 18 A\u00d1OS<\/strong><\/h2>\t\t\t\t\t\t\t\t<\/div>\n\t\t\t\t<\/div>\n\t\t\t\t\t<\/div>\n\t\t<\/div>\n\t\t\t\t\t<\/div>\n\t\t<\/section>\n\t\t\t\t<section class=\"elementor-section elementor-top-section elementor-element elementor-element-9d2b9b4 elementor-section-boxed elementor-section-height-default elementor-section-height-default\" data-id=\"9d2b9b4\" data-element_type=\"section\">\n\t\t\t\t\t\t<div class=\"elementor-container elementor-column-gap-default\">\n\t\t\t\t\t<div class=\"elementor-column elementor-col-100 elementor-top-column elementor-element elementor-element-60edd31\" data-id=\"60edd31\" data-element_type=\"column\">\n\t\t\t<div class=\"elementor-widget-wrap elementor-element-populated\">\n\t\t\t\t\t\t<div class=\"elementor-element elementor-element-d50c745 elementor-widget elementor-widget-text-editor\" data-id=\"d50c745\" data-element_type=\"widget\" data-widget_type=\"text-editor.default\">\n\t\t\t\t<div class=\"elementor-widget-container\">\n\t\t\t\t\t\t\t\t\t<header class=\"entry-header ast-no-thumbnail ast-no-meta\"><table><tbody><tr><td><header class=\"entry-header ast-no-thumbnail ast-no-meta\"><h3 class=\"entry-title\" style=\"font-size: 2.14286rem; text-align: center;\"><a href=\"https:\/\/www.sanjosecarmelitas.com\/index.php\/oferta-educativa\/infantil\/\">INFANTIL<\/a><\/h3><\/header><div class=\"entry-content clear\" style=\"font-size: 14px; font-style: normal; font-weight: 400;\"><div class=\"elementor elementor-167\" style=\"font-size: 14px;\" data-elementor-type=\"wp-post\" data-elementor-id=\"167\" data-elementor-settings=\"[]\"><div class=\"elementor-inner\" style=\"font-size: 14px;\"><div class=\"elementor-section-wrap\" style=\"font-size: 14px;\"><section class=\"elementor-element elementor-element-413769a elementor-section-boxed elementor-section-height-default elementor-section-height-default elementor-section elementor-top-section\" data-id=\"413769a\" data-element_type=\"section\"><div class=\"elementor-container elementor-column-gap-default\" style=\"font-size: 14px;\"><div class=\"elementor-row\" style=\"font-size: 14px; width: 988px;\"><div class=\"elementor-element elementor-element-c89eef0 elementor-column elementor-col-100 elementor-top-column\" style=\"font-size: 14px; width: 988px;\" data-id=\"c89eef0\" data-element_type=\"column\"><div class=\"elementor-column-wrap elementor-element-populated\" style=\"font-size: 14px; width: 988px;\"><div class=\"elementor-widget-wrap\" style=\"font-size: 14px; width: 968px;\"><div class=\"elementor-element elementor-element-57500bb elementor-widget elementor-widget-text-editor\" style=\"font-size: 14px; width: 968px;\" data-id=\"57500bb\" data-element_type=\"widget\" data-widget_type=\"text-editor.default\"><div class=\"elementor-widget-container\" style=\"font-size: 14px;\"><div class=\"elementor-text-editor elementor-clearfix\" style=\"font-size: 14px;\"><h2 style=\"font-size: 2.14286rem; text-align: center;\">EDUCACI\u00d3N INFANTIL\u00a0 2 \u2013 5 A\u00d1OS<\/h2><h2 style=\"font-size: 2.14286rem; text-align: center;\">MODELOS B Y D<\/h2><\/div><\/div><\/div><\/div><\/div><\/div><\/div><\/div><\/section><\/div><\/div><\/div><\/div><\/td><\/tr><\/tbody><\/table><\/header>\t\t\t\t\t\t\t\t<\/div>\n\t\t\t\t<\/div>\n\t\t\t\t\t<\/div>\n\t\t<\/div>\n\t\t\t\t\t<\/div>\n\t\t<\/section>\n\t\t\t\t<section class=\"elementor-section elementor-top-section elementor-element elementor-element-f99f129 elementor-section-boxed elementor-section-height-default elementor-section-height-default\" data-id=\"f99f129\" data-element_type=\"section\">\n\t\t\t\t\t\t<div class=\"elementor-container elementor-column-gap-default\">\n\t\t\t\t\t<div class=\"elementor-column elementor-col-100 elementor-top-column elementor-element elementor-element-7bd490a\" data-id=\"7bd490a\" data-element_type=\"column\">\n\t\t\t<div class=\"elementor-widget-wrap elementor-element-populated\">\n\t\t\t\t\t\t<div class=\"elementor-element elementor-element-224a5d4 elementor-widget elementor-widget-text-editor\" data-id=\"224a5d4\" data-element_type=\"widget\" data-widget_type=\"text-editor.default\">\n\t\t\t\t<div class=\"elementor-widget-container\">\n\t\t\t\t\t\t\t\t\t<table><tbody><tr><td><header class=\"entry-header ast-no-thumbnail ast-no-meta\"><h3 class=\"entry-title\" style=\"text-align: center;\"><a href=\"https:\/\/www.sanjosecarmelitas.com\/index.php\/oferta-educativa\/primaria\/\">PRIMARIA<\/a><\/h3><\/header><div class=\"entry-content clear\"><div class=\"elementor elementor-168\" data-elementor-type=\"wp-page\" data-elementor-id=\"168\" data-elementor-settings=\"[]\"><div class=\"elementor-inner\"><div class=\"elementor-section-wrap\"><section class=\"elementor-element elementor-element-39f4441 elementor-section-boxed elementor-section-height-default elementor-section-height-default elementor-section elementor-top-section\" data-id=\"39f4441\" data-element_type=\"section\"><div class=\"elementor-container elementor-column-gap-default\"><div class=\"elementor-row\"><div class=\"elementor-element elementor-element-244f65f elementor-column elementor-col-100 elementor-top-column\" data-id=\"244f65f\" data-element_type=\"column\"><div class=\"elementor-column-wrap  elementor-element-populated\"><div class=\"elementor-widget-wrap\"><div class=\"elementor-element elementor-element-e3a95ff elementor-widget elementor-widget-text-editor\" data-id=\"e3a95ff\" data-element_type=\"widget\" data-widget_type=\"text-editor.default\"><div class=\"elementor-widget-container\"><div class=\"elementor-text-editor elementor-clearfix\"><h2 style=\"text-align: center;\">MODELO B REFORZADO EN TODA PRIMARIA<\/h2><h2 style=\"text-align: center;\">MODELO B REFORZADO Y MODELO D HASTA SEGUNDO DE PRIMARIA.<\/h2><\/div><\/div><\/div><\/div><\/div><\/div><\/div><\/div><\/section><\/div><\/div><\/div><\/div><\/td><\/tr><\/tbody><\/table>\t\t\t\t\t\t\t\t<\/div>\n\t\t\t\t<\/div>\n\t\t\t\t\t<\/div>\n\t\t<\/div>\n\t\t\t\t\t<\/div>\n\t\t<\/section>\n\t\t\t\t<section class=\"elementor-section elementor-top-section elementor-element elementor-element-1a581e8 elementor-section-boxed elementor-section-height-default elementor-section-height-default\" data-id=\"1a581e8\" data-element_type=\"section\">\n\t\t\t\t\t\t<div class=\"elementor-container elementor-column-gap-default\">\n\t\t\t\t\t<div class=\"elementor-column elementor-col-100 elementor-top-column elementor-element elementor-element-c3564ff\" data-id=\"c3564ff\" data-element_type=\"column\">\n\t\t\t<div class=\"elementor-widget-wrap elementor-element-populated\">\n\t\t\t\t\t\t<div class=\"elementor-element elementor-element-d4fa2a1 elementor-widget elementor-widget-text-editor\" data-id=\"d4fa2a1\" data-element_type=\"widget\" data-widget_type=\"text-editor.default\">\n\t\t\t\t<div class=\"elementor-widget-container\">\n\t\t\t\t\t\t\t\t\t<table><tbody><tr><td><header class=\"entry-header ast-no-thumbnail ast-no-meta\"><h3 class=\"entry-title\" style=\"text-align: center;\"><a href=\"https:\/\/www.sanjosecarmelitas.com\/index.php\/oferta-educativa\/eso\/\">ESO<\/a><\/h3><\/header><div class=\"entry-content clear\"><h2 style=\"text-align: center;\">MODELO A REFORZADO Y MODELO B REFORZADO<\/h2><\/div><\/td><\/tr><\/tbody><\/table>\t\t\t\t\t\t\t\t<\/div>\n\t\t\t\t<\/div>\n\t\t\t\t\t<\/div>\n\t\t<\/div>\n\t\t\t\t\t<\/div>\n\t\t<\/section>\n\t\t\t\t<section class=\"elementor-section elementor-top-section elementor-element elementor-element-8ddaaf3 elementor-section-boxed elementor-section-height-default elementor-section-height-default\" data-id=\"8ddaaf3\" data-element_type=\"section\">\n\t\t\t\t\t\t<div class=\"elementor-container elementor-column-gap-default\">\n\t\t\t\t\t<div class=\"elementor-column elementor-col-100 elementor-top-column elementor-element elementor-element-9355cd9\" data-id=\"9355cd9\" data-element_type=\"column\">\n\t\t\t<div class=\"elementor-widget-wrap elementor-element-populated\">\n\t\t\t\t\t\t<div class=\"elementor-element elementor-element-d3cc019 elementor-widget elementor-widget-text-editor\" data-id=\"d3cc019\" data-element_type=\"widget\" data-widget_type=\"text-editor.default\">\n\t\t\t\t<div class=\"elementor-widget-container\">\n\t\t\t\t\t\t\t\t\t<table><tbody><tr><td><h3>\u00a0<\/h3><h3 class=\"entry-title\" style=\"text-align: center;\"><a href=\"https:\/\/www.sanjosecarmelitas.com\/index.php\/oferta-educativa\/bachiller\/\">BACHILLERATO<\/a><\/h3><h2 style=\"text-align: center;\">BACHILLERATO DE CIENCIAS\u00a0<\/h2><h2 style=\"text-align: center;\">BACHILLERATO DE HUMANIDADES Y CIENCIAS SOCIALES\u00a0<\/h2><\/td><\/tr><\/tbody><\/table>\t\t\t\t\t\t\t\t<\/div>\n\t\t\t\t<\/div>\n\t\t\t\t\t<\/div>\n\t\t<\/div>\n\t\t\t\t\t<\/div>\n\t\t<\/section>\n\t\t\t\t<section class=\"elementor-section elementor-top-section elementor-element elementor-element-87b7f98 elementor-section-boxed elementor-section-height-default elementor-section-height-default\" data-id=\"87b7f98\" data-element_type=\"section\">\n\t\t\t\t\t\t<div class=\"elementor-container elementor-column-gap-default\">\n\t\t\t\t\t<div class=\"elementor-column elementor-col-100 elementor-top-column elementor-element elementor-element-03db96a\" data-id=\"03db96a\" data-element_type=\"column\">\n\t\t\t<div class=\"elementor-widget-wrap elementor-element-populated\">\n\t\t\t\t\t\t<div class=\"elementor-element elementor-element-352a0b6 elementor-widget elementor-widget-text-editor\" data-id=\"352a0b6\" data-element_type=\"widget\" data-widget_type=\"text-editor.default\">\n\t\t\t\t<div class=\"elementor-widget-container\">\n\t\t\t\t\t\t\t\t\t<h2 style=\"text-align: center;\">ATENCI\u00d3N A:<\/h2><h3 style=\"text-align: center;\">NECESIDADES EDUCATIVAS ESPECIALES<\/h3><h3 style=\"text-align: center;\">NECESIDADES ESPEC\u00cdFICAS DE APOYO EDUCATIVO<\/h3><h3 style=\"text-align: center;\">GABINETE PSICOPEDAG\u00d3GICO\u00a0<\/h3><h2 style=\"text-align: center;\"><span style=\"font-size: 14pt;\">EN TODAS LAS ETAPAS DE LA ESCOLARIDAD<\/span><\/h2>\t\t\t\t\t\t\t\t<\/div>\n\t\t\t\t<\/div>\n\t\t\t\t\t<\/div>\n\t\t<\/div>\n\t\t\t\t\t<\/div>\n\t\t<\/section>\n\t\t\t\t<\/div>\n\t\t","protected":false},"excerpt":{"rendered":"<p>EDUCACI\u00d3N A LO LARGO DE TODAS LAS ETAPAS EDUCATIVAS DE LOS 2 A LOS 18 A\u00d1OS INFANTIL EDUCACI\u00d3N INFANTIL&nbsp; 2 \u2013 5 A\u00d1OS MODELOS B Y D PRIMARIA MODELO B REFORZADO EN TODA PRIMARIA MODELO B REFORZADO Y MODELO D HASTA SEGUNDO DE PRIMARIA. ESO MODELO A REFORZADO Y MODELO B REFORZADO &nbsp; BACHILLERATO BACHILLERATO [&hellip;]<\/p>\n","protected":false},"author":1,"featured_media":0,"parent":0,"menu_order":5,"comment_status":"closed","ping_status":"closed","template":"","meta":{"site-sidebar-layout":"no-sidebar","site-content-layout":"page-builder","ast-site-content-layout":"default","site-content-style":"default","site-sidebar-style":"default","ast-global-header-display":"","ast-banner-title-visibility":"","ast-main-header-display":"","ast-hfb-above-header-display":"","ast-hfb-below-header-display":"","ast-hfb-mobile-header-display":"","site-post-title":"disabled","ast-breadcrumbs-content":"","ast-featured-img":"disabled","footer-sml-layout":"","ast-disable-related-posts":"","theme-transparent-header-meta":"default","adv-header-id-meta":"","stick-header-meta":"","header-above-stick-meta":"","header-main-stick-meta":"","header-below-stick-meta":"","astra-migrate-meta-layouts":"default","ast-page-background-enabled":"default","ast-page-background-meta":{"desktop":{"background-color":"var(--ast-global-color-4)","background-image":"","background-repeat":"repeat","background-position":"center center","background-size":"auto","background-attachment":"scroll","background-type":"","background-media":"","overlay-type":"","overlay-color":"","overlay-opacity":"","overlay-gradient":""},"tablet":{"background-color":"","background-image":"","background-repeat":"repeat","background-position":"center center","background-size":"auto","background-attachment":"scroll","background-type":"","background-media":"","overlay-type":"","overlay-color":"","overlay-opacity":"","overlay-gradient":""},"mobile":{"background-color":"","background-image":"","background-repeat":"repeat","background-position":"center center","background-size":"auto","background-attachment":"scroll","background-type":"","background-media":"","overlay-type":"","overlay-color":"","overlay-opacity":"","overlay-gradient":""}},"ast-content-background-meta":{"desktop":{"background-color":"var(--ast-global-color-5)","background-image":"","background-repeat":"repeat","background-position":"center center","background-size":"auto","background-attachment":"scroll","background-type":"","background-media":"","overlay-type":"","overlay-color":"","overlay-opacity":"","overlay-gradient":""},"tablet":{"background-color":"var(--ast-global-color-5)","background-image":"","background-repeat":"repeat","background-position":"center center","background-size":"auto","background-attachment":"scroll","background-type":"","background-media":"","overlay-type":"","overlay-color":"","overlay-opacity":"","overlay-gradient":""},"mobile":{"background-color":"var(--ast-global-color-5)","background-image":"","background-repeat":"repeat","background-position":"center center","background-size":"auto","background-attachment":"scroll","background-type":"","background-media":"","overlay-type":"","overlay-color":"","overlay-opacity":"","overlay-gradient":""}},"footnotes":""},"class_list":["post-15","page","type-page","status-publish","hentry"],"_links":{"self":[{"href":"https:\/\/www.sanjosecarmelitas.com\/index.php\/wp-json\/wp\/v2\/pages\/15","targetHints":{"allow":["GET"]}}],"collection":[{"href":"https:\/\/www.sanjosecarmelitas.com\/index.php\/wp-json\/wp\/v2\/pages"}],"about":[{"href":"https:\/\/www.sanjosecarmelitas.com\/index.php\/wp-json\/wp\/v2\/types\/page"}],"author":[{"embeddable":true,"href":"https:\/\/www.sanjosecarmelitas.com\/index.php\/wp-json\/wp\/v2\/users\/1"}],"replies":[{"embeddable":true,"href":"https:\/\/www.sanjosecarmelitas.com\/index.php\/wp-json\/wp\/v2\/comments?post=15"}],"version-history":[{"count":5,"href":"https:\/\/www.sanjosecarmelitas.com\/index.php\/wp-json\/wp\/v2\/pages\/15\/revisions"}],"predecessor-version":[{"id":9198,"href":"https:\/\/www.sanjosecarmelitas.com\/index.php\/wp-json\/wp\/v2\/pages\/15\/revisions\/9198"}],"wp:attachment":[{"href":"https:\/\/www.sanjosecarmelitas.com\/index.php\/wp-json\/wp\/v2\/media?parent=15"}],"curies":[{"name":"wp","href":"https:\/\/api.w.org\/{rel}","templated":true}]}}