{"id":1001,"date":"2013-11-14T16:28:38","date_gmt":"2013-11-14T16:28:38","guid":{"rendered":"http:\/\/www.sanjosecarmelitas.com\/?page_id=1001"},"modified":"2025-01-13T09:33:43","modified_gmt":"2025-01-13T08:33:43","slug":"alexia","status":"publish","type":"page","link":"https:\/\/www.sanjosecarmelitas.com\/index.php\/comunicacion\/alexia\/","title":{"rendered":"Clickedu"},"content":{"rendered":"<p><a href=\"https:\/\/sanjosecarmelitas.clickedu.eu\/\">Clickedu<\/a> es un software de gesti\u00f3n para escuelas muy completo y est\u00e1 concebido para dar respuesta a las necesidades de gesti\u00f3n, administraci\u00f3n, comunicaci\u00f3n y acad\u00e9micas de cada una de estas etapas educativas.<\/p>\n<p><a href=\"https:\/\/sanjosecarmelitas.clickedu.eu\/\"><img decoding=\"async\" class=\"alignnone size-medium wp-image-9870 aligncenter\" src=\"https:\/\/www.sanjosecarmelitas.com\/wp-content\/uploads\/2025\/01\/CLICKEDU-LOGOTIPO-300x77.jpg\" alt=\"\" width=\"300\" height=\"77\" srcset=\"https:\/\/www.sanjosecarmelitas.com\/wp-content\/uploads\/2025\/01\/CLICKEDU-LOGOTIPO-300x77.jpg 300w, https:\/\/www.sanjosecarmelitas.com\/wp-content\/uploads\/2025\/01\/CLICKEDU-LOGOTIPO.jpg 698w\" sizes=\"(max-width: 300px) 100vw, 300px\" \/><\/a><\/p>\n<p><img decoding=\"async\" class=\"alignright size-imagen_texto_ancho wp-image-4205\" src=\"https:\/\/www.sanjosecarmelitas.com\/wp-content\/uploads\/2019\/04\/banner-alexia.png\" alt=\"\" \/><\/p>\n","protected":false},"excerpt":{"rendered":"<p>Clickedu es un software de gesti\u00f3n para escuelas muy completo y est\u00e1 concebido para dar respuesta a las necesidades de gesti\u00f3n, administraci\u00f3n, comunicaci\u00f3n y acad\u00e9micas de cada una de estas etapas educativas.<\/p>\n","protected":false},"author":2,"featured_media":0,"parent":237,"menu_order":0,"comment_status":"closed","ping_status":"closed","template":"","meta":{"site-sidebar-layout":"default","site-content-layout":"default","ast-site-content-layout":"default","site-content-style":"default","site-sidebar-style":"default","ast-global-header-display":"","ast-banner-title-visibility":"","ast-main-header-display":"","ast-hfb-above-header-display":"","ast-hfb-below-header-display":"","ast-hfb-mobile-header-display":"","site-post-title":"","ast-breadcrumbs-content":"","ast-featured-img":"","footer-sml-layout":"","ast-disable-related-posts":"","theme-transparent-header-meta":"default","adv-header-id-meta":"","stick-header-meta":"","header-above-stick-meta":"","header-main-stick-meta":"","header-below-stick-meta":"","astra-migrate-meta-layouts":"set","ast-page-background-enabled":"default","ast-page-background-meta":{"desktop":{"background-color":"var(--ast-global-color-4)","background-image":"","background-repeat":"repeat","background-position":"center center","background-size":"auto","background-attachment":"scroll","background-type":"","background-media":"","overlay-type":"","overlay-color":"","overlay-opacity":"","overlay-gradient":""},"tablet":{"background-color":"","background-image":"","background-repeat":"repeat","background-position":"center center","background-size":"auto","background-attachment":"scroll","background-type":"","background-media":"","overlay-type":"","overlay-color":"","overlay-opacity":"","overlay-gradient":""},"mobile":{"background-color":"","background-image":"","background-repeat":"repeat","background-position":"center center","background-size":"auto","background-attachment":"scroll","background-type":"","background-media":"","overlay-type":"","overlay-color":"","overlay-opacity":"","overlay-gradient":""}},"ast-content-background-meta":{"desktop":{"background-color":"var(--ast-global-color-5)","background-image":"","background-repeat":"repeat","background-position":"center center","background-size":"auto","background-attachment":"scroll","background-type":"","background-media":"","overlay-type":"","overlay-color":"","overlay-opacity":"","overlay-gradient":""},"tablet":{"background-color":"var(--ast-global-color-5)","background-image":"","background-repeat":"repeat","background-position":"center center","background-size":"auto","background-attachment":"scroll","background-type":"","background-media":"","overlay-type":"","overlay-color":"","overlay-opacity":"","overlay-gradient":""},"mobile":{"background-color":"var(--ast-global-color-5)","background-image":"","background-repeat":"repeat","background-position":"center center","background-size":"auto","background-attachment":"scroll","background-type":"","background-media":"","overlay-type":"","overlay-color":"","overlay-opacity":"","overlay-gradient":""}},"footnotes":""},"class_list":["post-1001","page","type-page","status-publish","hentry"],"_links":{"self":[{"href":"https:\/\/www.sanjosecarmelitas.com\/index.php\/wp-json\/wp\/v2\/pages\/1001","targetHints":{"allow":["GET"]}}],"collection":[{"href":"https:\/\/www.sanjosecarmelitas.com\/index.php\/wp-json\/wp\/v2\/pages"}],"about":[{"href":"https:\/\/www.sanjosecarmelitas.com\/index.php\/wp-json\/wp\/v2\/types\/page"}],"author":[{"embeddable":true,"href":"https:\/\/www.sanjosecarmelitas.com\/index.php\/wp-json\/wp\/v2\/users\/2"}],"replies":[{"embeddable":true,"href":"https:\/\/www.sanjosecarmelitas.com\/index.php\/wp-json\/wp\/v2\/comments?post=1001"}],"version-history":[{"count":5,"href":"https:\/\/www.sanjosecarmelitas.com\/index.php\/wp-json\/wp\/v2\/pages\/1001\/revisions"}],"predecessor-version":[{"id":9883,"href":"https:\/\/www.sanjosecarmelitas.com\/index.php\/wp-json\/wp\/v2\/pages\/1001\/revisions\/9883"}],"up":[{"embeddable":true,"href":"https:\/\/www.sanjosecarmelitas.com\/index.php\/wp-json\/wp\/v2\/pages\/237"}],"wp:attachment":[{"href":"https:\/\/www.sanjosecarmelitas.com\/index.php\/wp-json\/wp\/v2\/media?parent=1001"}],"curies":[{"name":"wp","href":"https:\/\/api.w.org\/{rel}","templated":true}]}}